{"id":173733,"date":"2024-07-03T09:06:18","date_gmt":"2024-07-03T07:06:18","guid":{"rendered":"https:\/\/pizbube.ch\/?post_type=product&#038;p=173733"},"modified":"2024-09-07T14:31:40","modified_gmt":"2024-09-07T12:31:40","slug":"gratwandern-suedschweiz-wallis-tessin-und-graubuenden","status":"publish","type":"product","link":"https:\/\/pizbube.ch\/en\/shop\/gratwandern-suedschweiz-wallis-tessin-und-graubuenden\/","title":{"rendered":"Gratwandern S\u00fcdschweiz &#8211; Wallis, Tessin und Graub\u00fcnden"},"content":{"rendered":"<p><span class=\"value\">Einzigartige Gratwanderungen mit atemberaubender Aussicht! Der Rother Selection Band \u00bbGratwandern S\u00fcdschweiz\u00ab stellt 60 Touren auf Bergk\u00e4mmen und Graten vor, die tolle Panoramen und Gipfel-Feeling auf ganzer Strecke garantieren.<\/span><\/p>\n<p>Von familienfreundlichen Kammwegen bis hin zu anspruchsvollen alpinen Gratwanderungen findet sich in diesem Buch eine abwechslungsreiche Auswahl an Touren, die \u00fcber die luftigen H\u00f6hen der S\u00fcdschweizer Bergwelt f\u00fchren. Ob grasig und breit oder felsig und schmal, mit oder ohne Klettereinlage, als Halbtages- oder Mehrtagestour \u2013 f\u00fcr jeden Wanderer ist etwas dabei.<\/p>\n<p>Die Touren erstrecken sich vom Unterwallis am Genfersee \u00fcber das Tessin bis ins Engadin in Graub\u00fcnden. Genussvolle oder spektakul\u00e4re Tief- und Weitblicke sind bei allen Wanderungen sicher.Jede Tour im Band \u00bbGratwandern S\u00fcdschweiz\u00ab wird mit einer zuverl\u00e4ssigen und klaren Wegbeschreibung, einem Wanderk\u00e4rtchen mit eingezeichnetem Routenverlauf und einem aussagekr\u00e4ftigen H\u00f6henprofil vorgestellt. Gepr\u00fcfte GPS-Tracks, die zum Download bereitstehen, machen die Orientierung unterwegs ganz einfach.<\/p>\n<p>288 Seiten,<br \/>\n60 Tourenk\u00e4rtchen im Ma\u00dfstab 1:50.000, 60 H\u00f6henprofile, eine \u00dcbersichtskarte<br \/>\n1. Auflage 2024<\/p>","protected":false},"excerpt":{"rendered":"<p>Einzigartige Gratwanderungen mit atemberaubender Aussicht! Der Rother Selection Band \u00bbGratwandern S\u00fcdschweiz\u00ab stellt 60 Touren auf Bergk\u00e4mmen und Graten vor, die tolle Panoramen und Gipfel-Feeling auf ganzer Strecke garantieren. Von familienfreundlichen Kammwegen bis hin zu anspruchsvollen alpinen Gratwanderungen findet sich in diesem Buch eine abwechslungsreiche Auswahl an Touren, die \u00fcber die luftigen H\u00f6hen der S\u00fcdschweizer Bergwelt [&#8230;]\n","protected":false},"featured_media":173734,"template":"","meta":[],"product_brand":[],"product_cat":[21605],"product_tag":[],"class_list":{"0":"post-173733","1":"product","2":"type-product","3":"status-publish","4":"has-post-thumbnail","6":"product_cat-wanderfuehrer-trekking","7":"pa_autor-kuerschner-jung","8":"pa_erscheinungsjahr-27339","9":"pa_region-schweiz","10":"pa_sprache-de","12":"first","13":"instock","14":"taxable","15":"shipping-taxable","16":"purchasable","17":"product-type-simple"},"_links":{"self":[{"href":"https:\/\/pizbube.ch\/en\/wp-json\/wp\/v2\/product\/173733","targetHints":{"allow":["GET"]}}],"collection":[{"href":"https:\/\/pizbube.ch\/en\/wp-json\/wp\/v2\/product"}],"about":[{"href":"https:\/\/pizbube.ch\/en\/wp-json\/wp\/v2\/types\/product"}],"wp:featuredmedia":[{"embeddable":true,"href":"https:\/\/pizbube.ch\/en\/wp-json\/wp\/v2\/media\/173734"}],"wp:attachment":[{"href":"https:\/\/pizbube.ch\/en\/wp-json\/wp\/v2\/media?parent=173733"}],"wp:term":[{"taxonomy":"product_brand","embeddable":true,"href":"https:\/\/pizbube.ch\/en\/wp-json\/wp\/v2\/product_brand?post=173733"},{"taxonomy":"product_cat","embeddable":true,"href":"https:\/\/pizbube.ch\/en\/wp-json\/wp\/v2\/product_cat?post=173733"},{"taxonomy":"product_tag","embeddable":true,"href":"https:\/\/pizbube.ch\/en\/wp-json\/wp\/v2\/product_tag?post=173733"}],"curies":[{"name":"wp","href":"https:\/\/api.w.org\/{rel}","templated":true}]}}