{"id":173761,"date":"2024-07-04T09:18:02","date_gmt":"2024-07-04T07:18:02","guid":{"rendered":"https:\/\/pizbube.ch\/?post_type=product&#038;p=173761"},"modified":"2024-07-04T09:18:02","modified_gmt":"2024-07-04T07:18:02","slug":"vizentiner-alpen-lagorai-valsugana-monte-grappa-monti-lessini","status":"publish","type":"product","link":"https:\/\/pizbube.ch\/en\/shop\/vizentiner-alpen-lagorai-valsugana-monte-grappa-monti-lessini\/","title":{"rendered":"Vizentiner Alpen: Lagorai \u2013 Valsugana \u2013 Monte Grappa \u2013 Monti Lessini"},"content":{"rendered":"<p><span class=\"value\">Hinter Bozen einfach mal links abbiegen, statt wie \u00fcblich Richtung Gardasee \u2013 und schon \u00f6ffnet sich eine fast unbekannte Bergwelt: die Vizentiner Alpen. Hier erwarten Wanderer klangvolle Namen wie Lagorai, Valsugana, Monti Lessini und Monte Grappa. Eingebettet in die atemberaubenden Landschaften des Trentino sowie den Provinzen Verona und Vicenza, sind die Vizentiner Alpen ein stilles Wanderparadies f\u00fcr Naturgenie\u00dfer und Liebhaber des italienischen Flairs.<\/span><\/p>\n<p>Der Rother Wanderf\u00fchrer Vizentiner Alpen entf\u00fchrt auf 57 herrlichen Touren in diese ruhige und doch so facettenreiche Region. Die Vizentiner Alpen, s\u00fcdlich der Dolomiten gelegen, haben \u00fcberraschend viel zu bieten: Besonders beeindruckend ist der 70 Kilometer lange Gebirgsbogen des Lagorai, dessen Gipfel fast die 3000-Meter-Marke erreichen. Hier sorgen viele Seen und idyllische Almen f\u00fcr unvergessliche Wandererlebnisse. Hochgebirgs-Feeling kommt in den angrenzenden Gebieten von Asiago, dem Pasubio-Massiv und den Piccole Dolomiti auf. Sanfter, aber nicht minder spektakul\u00e4r, pr\u00e4sentieren sich der Monte Grappa und die Randgebiete der Alpen, von denen aus sich grandiose Panoramablicke in die Poebene und ins Etschtal er\u00f6ffnen.<\/p>\n<p>Von leichten Wanderungen bis zu anspruchsvollen Gipfelbesteigungen pr\u00e4sentiert der Wanderf\u00fchrer Vizentiner Alpen Touren f\u00fcr jedes K\u00f6nnen. Die Wandersaison reicht bis weit in den Herbst hinein und die H\u00fctten verw\u00f6hnen mit regionalen K\u00f6stlichkeiten. Jede Wanderung wird mit einer zuverl\u00e4ssigen Wegbeschreibung, einem detaillierten Kartenausschnitt und einem aussagekr\u00e4ftigen H\u00f6henprofil vorgestellt. Gepr\u00fcfte GPS-Tracks, die auf der Internetseite des Bergverlag Rother zum Download bereitstehen, machen die Orientierung ganz einfach. Zahlreiche Tipps zu sehenswerten Abstechern und charmanten Orten runden das Angebot ab.<\/p>\n<p>272 Seiten; 57 H\u00f6henprofile, 57 Wanderk\u00e4rtchen im Ma\u00dfstab 1:50.000, eine \u00dcbersichtskarte, GPS-Tracks zum Download<br \/>\n2., aktualisierte Auflage 2024<\/p>","protected":false},"excerpt":{"rendered":"<p>Hinter Bozen einfach mal links abbiegen, statt wie \u00fcblich Richtung Gardasee \u2013 und schon \u00f6ffnet sich eine fast unbekannte Bergwelt: die Vizentiner Alpen. Hier erwarten Wanderer klangvolle Namen wie Lagorai, Valsugana, Monti Lessini und Monte Grappa. Eingebettet in die atemberaubenden Landschaften des Trentino sowie den Provinzen Verona und Vicenza, sind die Vizentiner Alpen ein stilles [&#8230;]\n","protected":false},"featured_media":173762,"template":"","meta":[],"product_brand":[],"product_cat":[21605],"product_tag":[],"class_list":{"0":"post-173761","1":"product","2":"type-product","3":"status-publish","4":"has-post-thumbnail","6":"product_cat-wanderfuehrer-trekking","7":"pa_autor-zimmermann","8":"pa_erscheinungsjahr-27339","9":"pa_region-italien","10":"pa_sprache-de","12":"first","13":"instock","14":"taxable","15":"shipping-taxable","16":"purchasable","17":"product-type-simple"},"_links":{"self":[{"href":"https:\/\/pizbube.ch\/en\/wp-json\/wp\/v2\/product\/173761","targetHints":{"allow":["GET"]}}],"collection":[{"href":"https:\/\/pizbube.ch\/en\/wp-json\/wp\/v2\/product"}],"about":[{"href":"https:\/\/pizbube.ch\/en\/wp-json\/wp\/v2\/types\/product"}],"wp:featuredmedia":[{"embeddable":true,"href":"https:\/\/pizbube.ch\/en\/wp-json\/wp\/v2\/media\/173762"}],"wp:attachment":[{"href":"https:\/\/pizbube.ch\/en\/wp-json\/wp\/v2\/media?parent=173761"}],"wp:term":[{"taxonomy":"product_brand","embeddable":true,"href":"https:\/\/pizbube.ch\/en\/wp-json\/wp\/v2\/product_brand?post=173761"},{"taxonomy":"product_cat","embeddable":true,"href":"https:\/\/pizbube.ch\/en\/wp-json\/wp\/v2\/product_cat?post=173761"},{"taxonomy":"product_tag","embeddable":true,"href":"https:\/\/pizbube.ch\/en\/wp-json\/wp\/v2\/product_tag?post=173761"}],"curies":[{"name":"wp","href":"https:\/\/api.w.org\/{rel}","templated":true}]}}