{"id":173766,"date":"2024-07-04T09:31:22","date_gmt":"2024-07-04T07:31:22","guid":{"rendered":"https:\/\/pizbube.ch\/?post_type=product&#038;p=173766"},"modified":"2024-07-04T09:31:23","modified_gmt":"2024-07-04T07:31:23","slug":"huettentouren-suedtirol","status":"publish","type":"product","link":"https:\/\/pizbube.ch\/en\/shop\/huettentouren-suedtirol\/","title":{"rendered":"H\u00fcttentouren S\u00fcdtirol"},"content":{"rendered":"<p class=\"mt-3\">Sechs leichte Mehrtagestouren:<br \/>\nVinschger H\u00f6henweg, Meraner H\u00f6henweg, Sarntaler Hufeisen, Keschtnweg, Dolorama, von Seis nach Sexten<\/p>\n<p><span class=\"value\">Eintauchen in die sch\u00f6nsten Regionen S\u00fcdtirols, die Sonnenseite der Alpen genie\u00dfen und auf bequemen Wegen die Natur erleben \u2013 das bieten die leichten Mehrtagestouren im Rother Wanderf\u00fchrer \u00bbH\u00fcttentouren S\u00fcdtirol\u00ab. Die sechs genussreichen Weitwanderungen garantieren einmalige Erlebnisse in der beeindruckenden Natur- und Kulturlandschaft S\u00fcdtirols.<\/span><\/p>\n<p>Auf panoramareichen H\u00f6henwegen und bequemen Pfaden geht es von H\u00fctte zu H\u00fctte, wo sich das besondere Flair des \u00bbObenseins\u00ab und gesellige Abende in gem\u00fctlichen Bergh\u00fctten genie\u00dfen lassen. Alternativ wird in behaglichen Berggasth\u00f6fen \u00fcbernachtet, wo f\u00fcr besten Komfort gesorgt ist.<\/p>\n<p>Vorgestellt werden im Wanderf\u00fchrer der Vinschger H\u00f6henweg im gleichnamigen Vinschgau, der beliebte Meraner H\u00f6henweg, das Sarntaler Hufeisen und der idyllische Keschtnweg \u2013 ein Traum zur Kastanienzeit w\u00e4hrend des ber\u00fchmten T\u00f6rggelens. In den Dolomiten pr\u00e4sentiert der Wanderf\u00fchrer den neuen Weitwanderweg Dolorama, der \u00fcber die L\u00fcsener Alm zum Peitler und aus dem inneren Villn\u00f6ss nach Lajen f\u00fchrt, sowie eine wunderbare Durchquerung der Dolomiten von Seis nach Sexten.<\/p>\n<p>Wer sich vier Tage bis eine gute Woche Zeit nimmt, kann auf diesen leichten H\u00fcttenwanderungen in unnachahmlichem S\u00fcdtiroler Flair schwelgen und wunderbare Impressionen im \u00bbLand zwischen Reben und Firn\u00ab einfangen. F\u00fcr alle, die weniger Zeit haben, werden auch Varianten und Abk\u00fcrzungen angeboten.<\/p>\n<p>Jede H\u00fcttenwanderungen ist \u00fcbersichtlich beschrieben und enth\u00e4lt alle wichtigen Informationen zu Wegen und \u00dcbernachtungsm\u00f6glichkeiten. Verl\u00e4ssliche Etappenbeschreibungen, Kartenausschnitte mit eingezeichnetem Routenverlauf und aussagekr\u00e4ftige H\u00f6henprofile machen die Planung einfach. Gepr\u00fcfte GPS-Tracks, die zum Download bereitstehen, helfen bei der Orientierung unterwegs<\/p>\n<p>232 Seiten;<br \/>\n47 Wanderk\u00e4rtchen im Ma\u00dfstab 1:75.000, 47 H\u00f6henprofile, sieben \u00dcbersichtskarten, GPS-Tracks zum Download<br \/>\n1. Auflage 2024<\/p>","protected":false},"excerpt":{"rendered":"<p>Sechs leichte Mehrtagestouren: Vinschger H\u00f6henweg, Meraner H\u00f6henweg, Sarntaler Hufeisen, Keschtnweg, Dolorama, von Seis nach Sexten Eintauchen in die sch\u00f6nsten Regionen S\u00fcdtirols, die Sonnenseite der Alpen genie\u00dfen und auf bequemen Wegen die Natur erleben \u2013 das bieten die leichten Mehrtagestouren im Rother Wanderf\u00fchrer \u00bbH\u00fcttentouren S\u00fcdtirol\u00ab. Die sechs genussreichen Weitwanderungen garantieren einmalige Erlebnisse in der beeindruckenden Natur- [&#8230;]\n","protected":false},"featured_media":173767,"template":"","meta":[],"product_brand":[],"product_cat":[21605],"product_tag":[],"class_list":{"0":"post-173766","1":"product","2":"type-product","3":"status-publish","4":"has-post-thumbnail","6":"product_cat-wanderfuehrer-trekking","7":"pa_autor-zahel","8":"pa_erscheinungsjahr-27339","9":"pa_region-italien","10":"pa_sprache-de","12":"first","13":"instock","14":"taxable","15":"shipping-taxable","16":"purchasable","17":"product-type-simple"},"_links":{"self":[{"href":"https:\/\/pizbube.ch\/en\/wp-json\/wp\/v2\/product\/173766","targetHints":{"allow":["GET"]}}],"collection":[{"href":"https:\/\/pizbube.ch\/en\/wp-json\/wp\/v2\/product"}],"about":[{"href":"https:\/\/pizbube.ch\/en\/wp-json\/wp\/v2\/types\/product"}],"wp:featuredmedia":[{"embeddable":true,"href":"https:\/\/pizbube.ch\/en\/wp-json\/wp\/v2\/media\/173767"}],"wp:attachment":[{"href":"https:\/\/pizbube.ch\/en\/wp-json\/wp\/v2\/media?parent=173766"}],"wp:term":[{"taxonomy":"product_brand","embeddable":true,"href":"https:\/\/pizbube.ch\/en\/wp-json\/wp\/v2\/product_brand?post=173766"},{"taxonomy":"product_cat","embeddable":true,"href":"https:\/\/pizbube.ch\/en\/wp-json\/wp\/v2\/product_cat?post=173766"},{"taxonomy":"product_tag","embeddable":true,"href":"https:\/\/pizbube.ch\/en\/wp-json\/wp\/v2\/product_tag?post=173766"}],"curies":[{"name":"wp","href":"https:\/\/api.w.org\/{rel}","templated":true}]}}