{"id":173789,"date":"2024-07-06T09:58:39","date_gmt":"2024-07-06T07:58:39","guid":{"rendered":"https:\/\/pizbube.ch\/?post_type=product&#038;p=173789"},"modified":"2024-07-06T10:09:01","modified_gmt":"2024-07-06T08:09:01","slug":"speer-125000-federispitz-mattstogg-ebnat-kappel","status":"publish","type":"product","link":"https:\/\/pizbube.ch\/en\/shop\/speer-125000-federispitz-mattstogg-ebnat-kappel\/","title":{"rendered":"Speer 1:25&#8217;000, Federispitz &#8211; Mattstogg &#8211; Ebnat-Kappel"},"content":{"rendered":"<div class=\"mt-0 mb-3 active icon--root\" aria-expanded=\"true\">\n<p id=\"node-id\" data-node-id=\"864\">Gipfel 1:25 000,<br \/>\nBlatt 25110<\/p>\n<p>Die Kartenserie mit 15 bekannten Gipfeln aus unterschiedlichen Regionen der Schweiz \u2013 nicht nur f\u00fcr Gipfelst\u00fcrmerinnen und Gipfelst\u00fcrmer. Tauchen Sie mit Leidenschaft in die Welt der Berge ein \u2013 mit den pr\u00e4zisen Gipfelkarten.<\/p>\n<\/div>\n<div id=\"infos\" class=\"ml-0 collapse in\" aria-expanded=\"true\">\n<div class=\"collapse-content\">\n<div>\n<p>Die Schweiz besitzt mit dem Jura und den Alpen zwei Gebirgsz\u00fcge mit atemberaubenden Berggipfeln. Vom Le Mol\u00e9son im Kanton Freiburg bis zum Piz Corvatsch im Graub\u00fcnden \u2013 die Schweizer Bergwelt bietet malerische Bergregionen und faszinierende Natur.<\/p>\n<p>Jede Karte unserer Kollektion im Massstab 1:25 000 wurde sorgf\u00e4ltig entworfen und bildet bekannte Ausflugsgipfel, h\u00f6chste Kantonsgipfel oder imposante Berge ab. Durch die praktischen Kartenausschnitte und die extra grosse Kartenfl\u00e4che* werden die jeweiligen Gipfelregionen \u00fcbersichtlich gezeigt. Durch ihre hohe Genauigkeit sind die Karten bestens geeignet um die alpinen, gebirgigen und h\u00fcgeligen Regionen der Schweiz zu entdecken.<\/p>\n<p>&nbsp;<\/p>\n<\/div>\n<\/div>\n<\/div>","protected":false},"excerpt":{"rendered":"<p>Gipfel 1:25 000, Blatt 25110 Die Kartenserie mit 15 bekannten Gipfeln aus unterschiedlichen Regionen der Schweiz \u2013 nicht nur f\u00fcr Gipfelst\u00fcrmerinnen und Gipfelst\u00fcrmer. Tauchen Sie mit Leidenschaft in die Welt der Berge ein \u2013 mit den pr\u00e4zisen Gipfelkarten. Die Schweiz besitzt mit dem Jura und den Alpen zwei Gebirgsz\u00fcge mit atemberaubenden Berggipfeln. Vom Le Mol\u00e9son [&#8230;]\n","protected":false},"featured_media":173790,"template":"","meta":[],"product_brand":[],"product_cat":[21543],"product_tag":[],"class_list":{"0":"post-173789","1":"product","2":"type-product","3":"status-publish","4":"has-post-thumbnail","6":"product_cat-landkarten","7":"pa_autor-landestopografie-swisstopo-2","8":"pa_erscheinungsjahr-27339","9":"pa_region-schweiz","10":"pa_sprache-de-fr-it","12":"first","13":"instock","14":"taxable","15":"shipping-taxable","16":"purchasable","17":"product-type-simple"},"_links":{"self":[{"href":"https:\/\/pizbube.ch\/en\/wp-json\/wp\/v2\/product\/173789","targetHints":{"allow":["GET"]}}],"collection":[{"href":"https:\/\/pizbube.ch\/en\/wp-json\/wp\/v2\/product"}],"about":[{"href":"https:\/\/pizbube.ch\/en\/wp-json\/wp\/v2\/types\/product"}],"wp:featuredmedia":[{"embeddable":true,"href":"https:\/\/pizbube.ch\/en\/wp-json\/wp\/v2\/media\/173790"}],"wp:attachment":[{"href":"https:\/\/pizbube.ch\/en\/wp-json\/wp\/v2\/media?parent=173789"}],"wp:term":[{"taxonomy":"product_brand","embeddable":true,"href":"https:\/\/pizbube.ch\/en\/wp-json\/wp\/v2\/product_brand?post=173789"},{"taxonomy":"product_cat","embeddable":true,"href":"https:\/\/pizbube.ch\/en\/wp-json\/wp\/v2\/product_cat?post=173789"},{"taxonomy":"product_tag","embeddable":true,"href":"https:\/\/pizbube.ch\/en\/wp-json\/wp\/v2\/product_tag?post=173789"}],"curies":[{"name":"wp","href":"https:\/\/api.w.org\/{rel}","templated":true}]}}