{"id":173825,"date":"2024-07-06T12:22:49","date_gmt":"2024-07-06T10:22:49","guid":{"rendered":"https:\/\/pizbube.ch\/?post_type=product&#038;p=173825"},"modified":"2024-07-06T12:22:49","modified_gmt":"2024-07-06T10:22:49","slug":"tour-de-loisans-et-des-ecrins-gr-54","status":"publish","type":"product","link":"https:\/\/pizbube.ch\/en\/shop\/tour-de-loisans-et-des-ecrins-gr-54\/","title":{"rendered":"Tour de l&#8217;Oisans et des Ecrins &#8211; GR 54"},"content":{"rendered":"<p>Plus de 10 jours d&#8217;itin\u00e9rance sportive \u00e0 l&#8217;ouest de Brian\u00e7on, au c\u0153ur du parc des Ecrins.<\/p>\n<div id=\"tab-content-full-description\" class=\"tab-content full-description\">\n<p>Ce mythique circuit de randonn\u00e9e, accessible \u00e0 tout bon marcheur, vous emm\u00e8nera \u00e0 travers un environnement diversifi\u00e9, de vall\u00e9es habit\u00e9es comme de hautes montagnes sauvages.<\/p>\n<p>Les traces laiss\u00e9es par l&#8217;homme pour apprivoiser le milieu et en tirer parti sont encore visibles jusqu&#8217;en altitude.<\/p>\n<p>Le massif est sous la gestion vigilante du Parc national des \u00c9crins. Ce qui permet au randonneur de d\u00e9couvrir la faune, la flore et les curiosit\u00e9s g\u00e9ologiques pr\u00e9serv\u00e9es de ce massif d&#8217;exception.<\/p>\n<p>Via Alpina<strong> :<\/strong> De Trieste \u00e0 Monaco, 5 sentiers internationaux balis\u00e9s, \u00e9quip\u00e9s en points d&#8217;\u00e9tape, permettent aux randonneurs de tous niveaux de partir pour une d\u00e9couverte transfrontali\u00e8re du patrimoine naturel et culturel des huit pays alpins pendant un week-end, une semaine, un \u00e9t\u00e9&#8230;<\/p>\n<p>En France, gr\u00e2ce au partenariat avec la F\u00e9d\u00e9ration fran\u00e7aise de la randonn\u00e9e p\u00e9destre et les principaux acteurs locaux, les itin\u00e9raires empruntent principalement le GR 5, avec aussi quelques variantes de l&#8217;autre c\u00f4t\u00e9 de la fronti\u00e8re.<\/p>\n<\/div>","protected":false},"excerpt":{"rendered":"<p>Plus de 10 jours d&#8217;itin\u00e9rance sportive \u00e0 l&#8217;ouest de Brian\u00e7on, au c\u0153ur du parc des Ecrins. Ce mythique circuit de randonn\u00e9e, accessible \u00e0 tout bon marcheur, vous emm\u00e8nera \u00e0 travers un environnement diversifi\u00e9, de vall\u00e9es habit\u00e9es comme de hautes montagnes sauvages. Les traces laiss\u00e9es par l&#8217;homme pour apprivoiser le milieu et en tirer parti sont [&#8230;]\n","protected":false},"featured_media":173826,"template":"","meta":[],"product_brand":[],"product_cat":[21605],"product_tag":[],"class_list":{"0":"post-173825","1":"product","2":"type-product","3":"status-publish","4":"has-post-thumbnail","6":"product_cat-wanderfuehrer-trekking","7":"pa_autor-ffrandonne","8":"pa_erscheinungsjahr-27129","9":"pa_region-frankreich","10":"pa_sprache-fr","12":"first","13":"instock","14":"taxable","15":"shipping-taxable","16":"purchasable","17":"product-type-simple"},"_links":{"self":[{"href":"https:\/\/pizbube.ch\/en\/wp-json\/wp\/v2\/product\/173825","targetHints":{"allow":["GET"]}}],"collection":[{"href":"https:\/\/pizbube.ch\/en\/wp-json\/wp\/v2\/product"}],"about":[{"href":"https:\/\/pizbube.ch\/en\/wp-json\/wp\/v2\/types\/product"}],"wp:featuredmedia":[{"embeddable":true,"href":"https:\/\/pizbube.ch\/en\/wp-json\/wp\/v2\/media\/173826"}],"wp:attachment":[{"href":"https:\/\/pizbube.ch\/en\/wp-json\/wp\/v2\/media?parent=173825"}],"wp:term":[{"taxonomy":"product_brand","embeddable":true,"href":"https:\/\/pizbube.ch\/en\/wp-json\/wp\/v2\/product_brand?post=173825"},{"taxonomy":"product_cat","embeddable":true,"href":"https:\/\/pizbube.ch\/en\/wp-json\/wp\/v2\/product_cat?post=173825"},{"taxonomy":"product_tag","embeddable":true,"href":"https:\/\/pizbube.ch\/en\/wp-json\/wp\/v2\/product_tag?post=173825"}],"curies":[{"name":"wp","href":"https:\/\/api.w.org\/{rel}","templated":true}]}}