{"id":173865,"date":"2024-07-10T09:16:08","date_gmt":"2024-07-10T07:16:08","guid":{"rendered":"https:\/\/pizbube.ch\/?post_type=product&#038;p=173865"},"modified":"2024-08-16T13:52:52","modified_gmt":"2024-08-16T11:52:52","slug":"ueber-die-alpen-grosse-und-kleine-paesse-zu-fuss-entdecken","status":"publish","type":"product","link":"https:\/\/pizbube.ch\/en\/shop\/ueber-die-alpen-grosse-und-kleine-paesse-zu-fuss-entdecken\/","title":{"rendered":"\u00dcber die Alpen &#8211; Gro\u00dfe und kleine P\u00e4sse zu Fuss entdecken"},"content":{"rendered":"<p>P\u00e4sse sind vieles: historisch bedeutsame Verkehrswege, Zeugen der Technikgeschichte, laufend aktualisierte Kulturlandschaften, Br\u00fccken zwischen Regionen, Sprachen und Kulturen, Fixpunkte im kollektiven Selbstbild der Schweiz.<\/p>\n<p>P\u00e4sse sind nicht nur deutlich wichtiger, sondern auch viel symbolhafter als Gipfel \u2013 sie stehen nicht f\u00fcr ein erreichtes Ziel, sondern f\u00fcr einen \u00dcbergang, f\u00fcr eine Vorahnung, f\u00fcr die Vorfreude oder gar Sehnsucht nach etwas Neuem.<\/p>\n<p>Von Meiringen \u00fcber die Grosse Scheidegg nach Grindelwald, vom Appenzellerland \u00fcber die Schw\u00e4galp ins Toggenburg, von Airolo \u00fcber den Gotthard nach G\u00f6schenen, vom Engadin \u00fcber den Bernina ins Puschlav, vom Val d&#8217;Entremont \u00fcber den Grossen St. Bernhard ins Valle d&#8217;Aosta: Alpenp\u00e4sse f\u00fchren stets von einer Ortschaft im Gr\u00fcnen durch W\u00e4lder, sp\u00e4ter \u00fcber Alpweiden und zunehmend karge Gebirgslandschaften zu einem Kulminationspunkt \u2013 und auf der anderen Seite allm\u00e4hlich zur\u00fcck ins Gr\u00fcne. Das sorgt f\u00fcr gro\u00dfe landschaftliche Vielfalt.<\/p>\n<p>Am intensivsten lassen sich P\u00e4sse zu Fu\u00df erleben, zweifellos. Und am besten? Mit diesem Buch, einer neuartigen Kombination aus Kulturf\u00fchrer, Bildband, Geschichtensammlung und Wanderanleitung.<\/p>\n<p>Mit zahlreichen Farbfotos von Marco Volken und Routenskizzen<\/p>\n<p>288 Seiten, 24.0 \u00d7 17.0 cm, Gebunden<br \/>\n1. Auflage 2024<\/p>","protected":false},"excerpt":{"rendered":"<p>P\u00e4sse sind vieles: historisch bedeutsame Verkehrswege, Zeugen der Technikgeschichte, laufend aktualisierte Kulturlandschaften, Br\u00fccken zwischen Regionen, Sprachen und Kulturen, Fixpunkte im kollektiven Selbstbild der Schweiz. P\u00e4sse sind nicht nur deutlich wichtiger, sondern auch viel symbolhafter als Gipfel \u2013 sie stehen nicht f\u00fcr ein erreichtes Ziel, sondern f\u00fcr einen \u00dcbergang, f\u00fcr eine Vorahnung, f\u00fcr die Vorfreude oder [&#8230;]\n","protected":false},"featured_media":173867,"template":"","meta":[],"product_brand":[],"product_cat":[21542,21605],"product_tag":[],"class_list":{"0":"post-173865","1":"product","2":"type-product","3":"status-publish","4":"has-post-thumbnail","6":"product_cat-sachbuecher-dokumentationen","7":"product_cat-wanderfuehrer-trekking","8":"pa_autor-volken","9":"pa_erscheinungsjahr-27339","10":"pa_region-schweiz","11":"pa_sprache-de","13":"first","14":"instock","15":"taxable","16":"shipping-taxable","17":"purchasable","18":"product-type-simple"},"_links":{"self":[{"href":"https:\/\/pizbube.ch\/en\/wp-json\/wp\/v2\/product\/173865","targetHints":{"allow":["GET"]}}],"collection":[{"href":"https:\/\/pizbube.ch\/en\/wp-json\/wp\/v2\/product"}],"about":[{"href":"https:\/\/pizbube.ch\/en\/wp-json\/wp\/v2\/types\/product"}],"wp:featuredmedia":[{"embeddable":true,"href":"https:\/\/pizbube.ch\/en\/wp-json\/wp\/v2\/media\/173867"}],"wp:attachment":[{"href":"https:\/\/pizbube.ch\/en\/wp-json\/wp\/v2\/media?parent=173865"}],"wp:term":[{"taxonomy":"product_brand","embeddable":true,"href":"https:\/\/pizbube.ch\/en\/wp-json\/wp\/v2\/product_brand?post=173865"},{"taxonomy":"product_cat","embeddable":true,"href":"https:\/\/pizbube.ch\/en\/wp-json\/wp\/v2\/product_cat?post=173865"},{"taxonomy":"product_tag","embeddable":true,"href":"https:\/\/pizbube.ch\/en\/wp-json\/wp\/v2\/product_tag?post=173865"}],"curies":[{"name":"wp","href":"https:\/\/api.w.org\/{rel}","templated":true}]}}