{"id":173907,"date":"2024-07-12T10:18:07","date_gmt":"2024-07-12T08:18:07","guid":{"rendered":"https:\/\/pizbube.ch\/?post_type=product&#038;p=173907"},"modified":"2024-07-12T10:29:54","modified_gmt":"2024-07-12T08:29:54","slug":"une-histoire-des-refuges-de-montagne","status":"publish","type":"product","link":"https:\/\/pizbube.ch\/en\/shop\/une-histoire-des-refuges-de-montagne\/","title":{"rendered":"Une histoire des refuges de montagne"},"content":{"rendered":"<div class=\"field field-name-hw-presentation-editoriale field-type-text-long field-label-hidden\">\n<div class=\"field-items\">\n<div class=\"field-item even\">\n<p>Ce sont des lieux \u00e0 part, o\u00f9 se jouent des huis\u00a0clos d\u2019altitude.<br \/>\nDes lieux de passage, de d\u00e9part, de retour : les refuges de montagne.<\/p>\n<p>Dans le grand r\u00e9cit de la haute montagne les alpinistes ont le premier r\u00f4le. Leurs aventures, exploits, trag\u00e9dies nous tiennent en haleine. Leurs \u00e9pop\u00e9es sont incontournables, mais il en est une qui ne l\u2019est pas moins. C\u2019est celle qui a d\u00e9coul\u00e9 de l\u2019id\u00e9e de construire dans les hauts lieux, afin de donner un abri \u00e0 ceux qui y passent. C\u2019est la grande aventure des refuges. Aujourd\u2019hui, il est aussi au carrefour d\u2019enjeux soci\u00e9taux et climatiques.<\/p>\n<p>Leur existence m\u00eame constitue souvent une prouesse pour ceux qui les ont construits et la vie de leurs gardiens interpelle toujours par sa singularit\u00e9. Monter en refuge, c\u2019est partir ailleurs, larguer les amarres pour s\u2019\u00e9lever. Les aventures s\u2019y pr\u00e9parent, s\u2019y finissent, s\u2019y racontent. Parfois, elles en restent l\u00e0. Souvent, le refuge est la condition essentielle pour que ces aventures puissent s\u2019imaginer et peut-\u00eatre voir le jour.<br \/>\nAucun doute, le refuge a toute sa place dans le grand r\u00e9cit de l\u2019altitude. Du moins, dans nos contr\u00e9es o\u00f9 il est partie int\u00e9grante de notre r\u00eave de montagne. Quel alpiniste n\u2019a pas r\u00eav\u00e9 d\u2019une nuit \u00e0 l\u2019Aigle\u00a0? Alors, \u00e0 nouveau, allons l\u00e0-haut vers ces cabanes visiter leur histoire, leur pr\u00e9sent et peut-\u00eatre imaginer leur futur.<\/p>\n<p>160 pages, format 175 x 249 mm<br \/>\n1\u00e8re \u00e9dition 2024<\/p>\n<\/div>\n<\/div>\n<\/div>","protected":false},"excerpt":{"rendered":"<p>Ce sont des lieux \u00e0 part, o\u00f9 se jouent des huis\u00a0clos d\u2019altitude. Des lieux de passage, de d\u00e9part, de retour : les refuges de montagne. Dans le grand r\u00e9cit de la haute montagne les alpinistes ont le premier r\u00f4le. Leurs aventures, exploits, trag\u00e9dies nous tiennent en haleine. Leurs \u00e9pop\u00e9es sont incontournables, mais il en est [&#8230;]\n","protected":false},"featured_media":173908,"template":"","meta":[],"product_brand":[],"product_cat":[22143,21580,21542],"product_tag":[],"class_list":{"0":"post-173907","1":"product","2":"type-product","3":"status-publish","4":"has-post-thumbnail","6":"product_cat-huettenverzeichnisse-hotelfuehrer","7":"product_cat-kunst-kultur","8":"product_cat-sachbuecher-dokumentationen","9":"pa_autor-bodeau","10":"pa_erscheinungsjahr-27339","11":"pa_region-frankreich","12":"pa_sprache-fr","14":"first","15":"instock","16":"taxable","17":"shipping-taxable","18":"purchasable","19":"product-type-simple"},"_links":{"self":[{"href":"https:\/\/pizbube.ch\/en\/wp-json\/wp\/v2\/product\/173907","targetHints":{"allow":["GET"]}}],"collection":[{"href":"https:\/\/pizbube.ch\/en\/wp-json\/wp\/v2\/product"}],"about":[{"href":"https:\/\/pizbube.ch\/en\/wp-json\/wp\/v2\/types\/product"}],"wp:featuredmedia":[{"embeddable":true,"href":"https:\/\/pizbube.ch\/en\/wp-json\/wp\/v2\/media\/173908"}],"wp:attachment":[{"href":"https:\/\/pizbube.ch\/en\/wp-json\/wp\/v2\/media?parent=173907"}],"wp:term":[{"taxonomy":"product_brand","embeddable":true,"href":"https:\/\/pizbube.ch\/en\/wp-json\/wp\/v2\/product_brand?post=173907"},{"taxonomy":"product_cat","embeddable":true,"href":"https:\/\/pizbube.ch\/en\/wp-json\/wp\/v2\/product_cat?post=173907"},{"taxonomy":"product_tag","embeddable":true,"href":"https:\/\/pizbube.ch\/en\/wp-json\/wp\/v2\/product_tag?post=173907"}],"curies":[{"name":"wp","href":"https:\/\/api.w.org\/{rel}","templated":true}]}}