{"id":173930,"date":"2024-07-13T09:58:58","date_gmt":"2024-07-13T07:58:58","guid":{"rendered":"https:\/\/pizbube.ch\/?post_type=product&#038;p=173930"},"modified":"2024-07-13T10:06:51","modified_gmt":"2024-07-13T08:06:51","slug":"modrin-bouldertopo","status":"publish","type":"product","link":"https:\/\/pizbube.ch\/en\/shop\/modrin-bouldertopo\/","title":{"rendered":"Modrin Bouldertopo"},"content":{"rendered":"<p>Das Modrin Gebiet liegt nur 3 km vom Sneznik Massiv entfernt. Die Sandsteinw\u00e4nde erheben sich hoch \u00fcber der Ortschaft Kamenec.<br \/>\nModrin hat mittlerweile genau 1068 Boulderprobleme in allen Schwierigkeitsgraden. Der Sandstein von Modrin ist sehr gut zum Bouldern geeignet, denn er ist besonders hart.<br \/>\nVerteilt sind die insgesamt 305 Boulderfelsen auf 7 Sektoren und liegen unterhalb der weithin sichtbaren und bis zu 40 m hohen Sandsteinklippen.<\/p>\n<p>Der Boulderf\u00fchrer tr\u00e4gt die Handschrift des Local Ondrej Benes und kommt somit dem Sneznikf\u00fchrer in Aufbau und Struktur gleich.<br \/>\nNur Gewicht und Seitenanzahl sind geringer&#8230;<\/p>\n<p>264 Seiten;<br \/>\n1. Auflage 2024<\/p>\n<p>Sprache: Tschechisch\/ Englisch<\/p>\n<p>Description:<\/p>\n<p>-Top 100 (Selection of the most difficult problems)<br \/>\n-Modrin Classics (Selection of favorite problems)<br \/>\n-Alphabetical List (list of all stones)<br \/>\n-GPS of all important landmarks and all stones<br \/>\n-Number of<strong> problems: 1068<br \/>\n<\/strong>-Number of sectors: 7<br \/>\n-Author: Ondrej Benes<\/p>\n<p>-Language: cz\/en<br \/>\n-Number of pages: 264<br \/>\n-Binding: V4 (sew and glued)<br \/>\n-A5 format on top<br \/>\n-Print: full-color offset<br \/>\n-Year of issue: 2024<\/p>","protected":false},"excerpt":{"rendered":"<p>Das Modrin Gebiet liegt nur 3 km vom Sneznik Massiv entfernt. Die Sandsteinw\u00e4nde erheben sich hoch \u00fcber der Ortschaft Kamenec. Modrin hat mittlerweile genau 1068 Boulderprobleme in allen Schwierigkeitsgraden. Der Sandstein von Modrin ist sehr gut zum Bouldern geeignet, denn er ist besonders hart. Verteilt sind die insgesamt 305 Boulderfelsen auf 7 Sektoren und liegen [&#8230;]\n","protected":false},"featured_media":173931,"template":"","meta":[],"product_brand":[],"product_cat":[21539],"product_tag":[],"class_list":{"0":"post-173930","1":"product","2":"type-product","3":"status-publish","4":"has-post-thumbnail","6":"product_cat-fuehrerliteratur-sportklettern-bouldern","7":"pa_autor-benes","8":"pa_erscheinungsjahr-27339","9":"pa_region-osteuropa","10":"pa_sprache-deutsch","11":"pa_sprache-tschechisch","13":"first","14":"instock","15":"taxable","16":"shipping-taxable","17":"purchasable","18":"product-type-simple"},"_links":{"self":[{"href":"https:\/\/pizbube.ch\/en\/wp-json\/wp\/v2\/product\/173930","targetHints":{"allow":["GET"]}}],"collection":[{"href":"https:\/\/pizbube.ch\/en\/wp-json\/wp\/v2\/product"}],"about":[{"href":"https:\/\/pizbube.ch\/en\/wp-json\/wp\/v2\/types\/product"}],"wp:featuredmedia":[{"embeddable":true,"href":"https:\/\/pizbube.ch\/en\/wp-json\/wp\/v2\/media\/173931"}],"wp:attachment":[{"href":"https:\/\/pizbube.ch\/en\/wp-json\/wp\/v2\/media?parent=173930"}],"wp:term":[{"taxonomy":"product_brand","embeddable":true,"href":"https:\/\/pizbube.ch\/en\/wp-json\/wp\/v2\/product_brand?post=173930"},{"taxonomy":"product_cat","embeddable":true,"href":"https:\/\/pizbube.ch\/en\/wp-json\/wp\/v2\/product_cat?post=173930"},{"taxonomy":"product_tag","embeddable":true,"href":"https:\/\/pizbube.ch\/en\/wp-json\/wp\/v2\/product_tag?post=173930"}],"curies":[{"name":"wp","href":"https:\/\/api.w.org\/{rel}","templated":true}]}}