{"id":173970,"date":"2024-07-17T15:48:08","date_gmt":"2024-07-17T13:48:08","guid":{"rendered":"https:\/\/pizbube.ch\/?post_type=product&#038;p=173970"},"modified":"2024-07-23T17:55:30","modified_gmt":"2024-07-23T15:55:30","slug":"val-dadige-plaisir","status":"publish","type":"product","link":"https:\/\/pizbube.ch\/en\/shop\/val-dadige-plaisir\/","title":{"rendered":"Val d\u2019Adige plaisir"},"content":{"rendered":"<p>Gi\u00e0 da diversi decenni la Val d\u2019Adige riceve una buona frequentazione sulle pareti che sovrastano il grande fiume. Fino a non molti anni fa, per\u00f2, gli arrampicatori si soffermavano sulle pareti pi\u00f9 incombenti, quelle che, passando in autostrada o sulla statale, attirano l\u2019attenzione degli appassionati. Si tratta delle pareti sul Monte Cimo, sopra il paese di Brentino, dove gli itinerari aperti sono in genere di alto livello. Lo stesso si pu\u00f2 dire per le bellissime pareti sulla Chiusa di Ceraino. Il fiume, infatti, quasi alle porte di Verona abbandona la larga vallata per incunearsi in una stretta forra dove le pareti sono praticamente a pelo d\u2019acqua. Anche queste sono state scalate fin dagli anni \u201870.<\/p>\n<p>Stranamente non si \u00e8 mai data attenzione alle pareti, visibilmente pi\u00f9 abbattute quindi pi\u00f9 facili, che lambiscono il fiume poco pi\u00f9 a sud del Monte Cimo ed esattamente sul Monte Cordespino, sopra il paese di Tessari. Solo da meno di 10 anni a questa parte si \u00e8 iniziato a valutare che, proprio grazie alla facilit\u00e0 di accesso, di rientro, ma soprattutto di salita, queste pareti avevano la loro ragione di esistere. E cos\u00ec, alpinisti e arrampicatori, soprattutto veronesi, hanno trovato un terreno vergine tutto da esplorare. In pochi anni sono nate decine di vie adatte ai tanti che, per capacit\u00e0 o voglia, si divertono senza particolare stress, diventando ben frequentate anche dai corsi del CAI o delle Guide Alpine.<\/p>\n<p>Questa guida contiene le relazioni di pi\u00f9 di 150 vie di bassa e media difficolt\u00e0. Gli autori hanno messo il tetto degli itinerari con difficolt\u00e0 massima di 6b (a parte rari casi), e comunque bene attrezzate, per quelle sportive, o facilmente integrabili per quelle alpinistiche, con accesso e discesa comodi.<\/p>\n<p>384 pagine;<br \/>\nprima ediz. 2024<\/p>","protected":false},"excerpt":{"rendered":"<p>Gi\u00e0 da diversi decenni la Val d\u2019Adige riceve una buona frequentazione sulle pareti che sovrastano il grande fiume. Fino a non molti anni fa, per\u00f2, gli arrampicatori si soffermavano sulle pareti pi\u00f9 incombenti, quelle che, passando in autostrada o sulla statale, attirano l\u2019attenzione degli appassionati. Si tratta delle pareti sul Monte Cimo, sopra il paese [&#8230;]\n","protected":false},"featured_media":173971,"template":"","meta":[],"product_brand":[],"product_cat":[21539],"product_tag":[],"class_list":{"0":"post-173970","1":"product","2":"type-product","3":"status-publish","4":"has-post-thumbnail","6":"product_cat-fuehrerliteratur-sportklettern-bouldern","7":"pa_autor-leorato-confente","8":"pa_erscheinungsjahr-27339","9":"pa_region-italien","10":"pa_sprache-it","12":"first","13":"instock","14":"taxable","15":"shipping-taxable","16":"purchasable","17":"product-type-simple"},"_links":{"self":[{"href":"https:\/\/pizbube.ch\/en\/wp-json\/wp\/v2\/product\/173970","targetHints":{"allow":["GET"]}}],"collection":[{"href":"https:\/\/pizbube.ch\/en\/wp-json\/wp\/v2\/product"}],"about":[{"href":"https:\/\/pizbube.ch\/en\/wp-json\/wp\/v2\/types\/product"}],"wp:featuredmedia":[{"embeddable":true,"href":"https:\/\/pizbube.ch\/en\/wp-json\/wp\/v2\/media\/173971"}],"wp:attachment":[{"href":"https:\/\/pizbube.ch\/en\/wp-json\/wp\/v2\/media?parent=173970"}],"wp:term":[{"taxonomy":"product_brand","embeddable":true,"href":"https:\/\/pizbube.ch\/en\/wp-json\/wp\/v2\/product_brand?post=173970"},{"taxonomy":"product_cat","embeddable":true,"href":"https:\/\/pizbube.ch\/en\/wp-json\/wp\/v2\/product_cat?post=173970"},{"taxonomy":"product_tag","embeddable":true,"href":"https:\/\/pizbube.ch\/en\/wp-json\/wp\/v2\/product_tag?post=173970"}],"curies":[{"name":"wp","href":"https:\/\/api.w.org\/{rel}","templated":true}]}}