{"id":173988,"date":"2024-07-18T16:39:29","date_gmt":"2024-07-18T14:39:29","guid":{"rendered":"https:\/\/pizbube.ch\/?post_type=product&#038;p=173988"},"modified":"2024-07-18T16:57:44","modified_gmt":"2024-07-18T14:57:44","slug":"garda-trail-33-trail-laufstrecken-rund-um-den-gardasee","status":"publish","type":"product","link":"https:\/\/pizbube.ch\/en\/shop\/garda-trail-33-trail-laufstrecken-rund-um-den-gardasee\/","title":{"rendered":"GARDA TRAIL &#8211; 33 Trail-Laufstrecken rund um den Gardasee"},"content":{"rendered":"<p>Die Liebhaber s\u00e4mtlicher Natursportarten kommen zuhauf an den Lago di Garda, eines der beliebtesten Urlaubsziele Europas. Seit einigen Jahren sind die Berge und H\u00fcgel \u00fcber dem gr\u00f6\u00dften See Italiens auch zu einer Bezugsgr\u00f6\u00dfe beim Trailrunning geworden, mit Routen von moderatem H\u00f6henunterschied und geringer Steigung bis hin zu den steilsten Strecken der international bekannten Wettk\u00e4mpfe Vertical und Skyrace.<\/p>\n<p>Es ist die landschaftliche Vielfalt, die auf wenigen Kilometern von der K\u00fcste bis ins bergige Hinterland reicht, die es erlaubt, Strecken mit unterschiedlichsten sportlichen und technischen Anspr\u00fcchen zu kreieren.<br \/>\nDiese Eigenschaften, zusammen mit dem g\u00fcnstigen Klima zu jeder Jahreszeit, bieten Freunden des Laufsports rund um den Gardasee viel Freude und Vergn\u00fcgen.<\/p>\n<p>1. Auflage 2024;<br \/>\n215 Seiten<\/p>","protected":false},"excerpt":{"rendered":"<p>Die Liebhaber s\u00e4mtlicher Natursportarten kommen zuhauf an den Lago di Garda, eines der beliebtesten Urlaubsziele Europas. Seit einigen Jahren sind die Berge und H\u00fcgel \u00fcber dem gr\u00f6\u00dften See Italiens auch zu einer Bezugsgr\u00f6\u00dfe beim Trailrunning geworden, mit Routen von moderatem H\u00f6henunterschied und geringer Steigung bis hin zu den steilsten Strecken der international bekannten Wettk\u00e4mpfe Vertical [&#8230;]\n","protected":false},"featured_media":173989,"template":"","meta":[],"product_brand":[],"product_cat":[21605],"product_tag":[26889],"class_list":{"0":"post-173988","1":"product","2":"type-product","3":"status-publish","4":"has-post-thumbnail","6":"product_cat-wanderfuehrer-trekking","7":"product_tag-trailrunning","8":"pa_autor-bontempi-serena","9":"pa_erscheinungsjahr-27339","10":"pa_region-italien","11":"pa_sprache-de","13":"first","14":"instock","15":"taxable","16":"shipping-taxable","17":"purchasable","18":"product-type-simple"},"_links":{"self":[{"href":"https:\/\/pizbube.ch\/en\/wp-json\/wp\/v2\/product\/173988","targetHints":{"allow":["GET"]}}],"collection":[{"href":"https:\/\/pizbube.ch\/en\/wp-json\/wp\/v2\/product"}],"about":[{"href":"https:\/\/pizbube.ch\/en\/wp-json\/wp\/v2\/types\/product"}],"wp:featuredmedia":[{"embeddable":true,"href":"https:\/\/pizbube.ch\/en\/wp-json\/wp\/v2\/media\/173989"}],"wp:attachment":[{"href":"https:\/\/pizbube.ch\/en\/wp-json\/wp\/v2\/media?parent=173988"}],"wp:term":[{"taxonomy":"product_brand","embeddable":true,"href":"https:\/\/pizbube.ch\/en\/wp-json\/wp\/v2\/product_brand?post=173988"},{"taxonomy":"product_cat","embeddable":true,"href":"https:\/\/pizbube.ch\/en\/wp-json\/wp\/v2\/product_cat?post=173988"},{"taxonomy":"product_tag","embeddable":true,"href":"https:\/\/pizbube.ch\/en\/wp-json\/wp\/v2\/product_tag?post=173988"}],"curies":[{"name":"wp","href":"https:\/\/api.w.org\/{rel}","templated":true}]}}