{"id":174016,"date":"2024-07-20T09:45:51","date_gmt":"2024-07-20T07:45:51","guid":{"rendered":"https:\/\/pizbube.ch\/?post_type=product&#038;p=174016"},"modified":"2024-07-20T09:52:40","modified_gmt":"2024-07-20T07:52:40","slug":"alto-garda-bike-120-000","status":"publish","type":"product","link":"https:\/\/pizbube.ch\/en\/shop\/alto-garda-bike-120-000\/","title":{"rendered":"Alto Garda Bike 1:20.000"},"content":{"rendered":"<p>Tabacco MTB-Karte VBK1,<br \/>\n<span class=\"value\">mappa dei percorsi MTB in scala 1:20.000<\/span><\/p>\n<p><span class=\"value\">cartografia stampata su due lati<br \/>\n<\/span><span class=\"value\">impermeabile, antistrappo, fotodegradabile.<\/span><\/p>\n<p><strong><br \/>\n<\/strong>Landkarte mit MTB-Routen<br \/>\nNeue Auflage 2024 \u2013 wasser- und rei\u00dffest, UV-abbaubar und umweltfreundlich<\/p>\n<p>Bedruckt auf Vorder- und R\u00fcckseite,<br \/>\nmit Mountain bike-Routen<br \/>\nund QR-Codes<\/p>\n<p>Ma\u00dfstab 1:20.000<\/p>\n<p>&nbsp;<\/p>\n<p>Map with MTB-routes<br \/>\nNew edition resistant to water and tearing, photodegradable and environmentally friendly<\/p>\n<p>Printed on front and back covers,<br \/>\nwith Mountain bike-routes<br \/>\nand QR codes<\/p>\n<p>1:20.000 scale<\/p>","protected":false},"excerpt":{"rendered":"<p>Tabacco MTB-Karte VBK1, mappa dei percorsi MTB in scala 1:20.000 cartografia stampata su due lati impermeabile, antistrappo, fotodegradabile. Landkarte mit MTB-Routen Neue Auflage 2024 \u2013 wasser- und rei\u00dffest, UV-abbaubar und umweltfreundlich Bedruckt auf Vorder- und R\u00fcckseite, mit Mountain bike-Routen und QR-Codes Ma\u00dfstab 1:20.000 &nbsp; Map with MTB-routes New edition resistant to water and tearing, photodegradable [&#8230;]\n","protected":false},"featured_media":174017,"template":"","meta":[],"product_brand":[],"product_cat":[21543,21606],"product_tag":[],"class_list":{"0":"post-174016","1":"product","2":"type-product","3":"status-publish","4":"has-post-thumbnail","6":"product_cat-landkarten","7":"product_cat-mountainbikefuehrer","8":"pa_autor-tabacco","9":"pa_erscheinungsjahr-27339","10":"pa_region-italien","11":"pa_sprache-it-de-en","13":"first","14":"instock","15":"taxable","16":"shipping-taxable","17":"purchasable","18":"product-type-simple"},"_links":{"self":[{"href":"https:\/\/pizbube.ch\/en\/wp-json\/wp\/v2\/product\/174016","targetHints":{"allow":["GET"]}}],"collection":[{"href":"https:\/\/pizbube.ch\/en\/wp-json\/wp\/v2\/product"}],"about":[{"href":"https:\/\/pizbube.ch\/en\/wp-json\/wp\/v2\/types\/product"}],"wp:featuredmedia":[{"embeddable":true,"href":"https:\/\/pizbube.ch\/en\/wp-json\/wp\/v2\/media\/174017"}],"wp:attachment":[{"href":"https:\/\/pizbube.ch\/en\/wp-json\/wp\/v2\/media?parent=174016"}],"wp:term":[{"taxonomy":"product_brand","embeddable":true,"href":"https:\/\/pizbube.ch\/en\/wp-json\/wp\/v2\/product_brand?post=174016"},{"taxonomy":"product_cat","embeddable":true,"href":"https:\/\/pizbube.ch\/en\/wp-json\/wp\/v2\/product_cat?post=174016"},{"taxonomy":"product_tag","embeddable":true,"href":"https:\/\/pizbube.ch\/en\/wp-json\/wp\/v2\/product_tag?post=174016"}],"curies":[{"name":"wp","href":"https:\/\/api.w.org\/{rel}","templated":true}]}}