{"id":174052,"date":"2024-07-24T11:28:02","date_gmt":"2024-07-24T09:28:02","guid":{"rendered":"https:\/\/pizbube.ch\/?post_type=product&#038;p=174052"},"modified":"2026-03-26T14:28:36","modified_gmt":"2026-03-26T13:28:36","slug":"rock-climbing-guide-for-bosnia-and-herzegovina","status":"publish","type":"product","link":"https:\/\/pizbube.ch\/en\/shop\/rock-climbing-guide-for-bosnia-and-herzegovina\/","title":{"rendered":"Rock Climbing Guide for BOSNIA  and HERZEGOVINA"},"content":{"rendered":"<p>Rockclimbing guidebook for Bosnia and Herzegovina<\/p>\n<p>This first modern and up to date Rock climbing guidebook covers all sport<br \/>\nclimbing and bouldering crags of Bosnia and Herzegovina. It is equally laid<br \/>\nout as a Climbing resource but also as the first document of the postwar<br \/>\nachievements of Climbers of BiH, aimed at local and international climbers.<\/p>\n<p>In addition to the rocky landscapes, this small mountainous country in the<br \/>\nheart of the Balkan Peninsula is in a fascinating crossroad spot where<br \/>\ndifferent cultures and influences of North, South, East and West crossed<br \/>\npaths. It\u2019s still one of the last un-mainstreamed travel destinations that<br \/>\nwill captivate your climbing spirit and your traveling soul with its<br \/>\nhospitable locals, pristine nature and untouched landscapes.<\/p>\n<p>Info:<br \/>\n608 pages, English and local language<br \/>\n4 regions, 32 climbing crags, 2 bouldering areas<\/p>\n<p>Full foto topos and individually crafted maps for each area including points<br \/>\nof interest<br \/>\nComprehensive travel and country info section<\/p>\n<p>Extensive climbing culture section: history, gyms, events, 8 interviews with<br \/>\nlocal developers<br \/>\nLocal phrases section<\/p>\n<p>2nd edition, 2024<\/p>\n<p>&nbsp;<\/p>\n<p>Bosnien-Herzegowina: Der letzte, europ\u00e4ische Geheimtipp!<\/p>\n<p>In den Letzten 5 Jahren entstand eine Vielzahl an neuen Klettergebieten,<br \/>\nteilweise von Weltklasse- Format, bester Absicherung und frischem, s\u00fcdlichem<br \/>\nKalk. In der lokalen Klettercommunity herrscht Aufbruchsstimmung und der<br \/>\nBesuch von KlettererInnen auf der Suche nach frischem Fels und einer neuen,<br \/>\nauthentischen Urlaubsdestination nimmt stark zu. Bislang gab es f\u00fcr diese<br \/>\neurop\u00e4ische Kletterdestination jedoch noch keinen einzigen Kletterf\u00fchrer.<\/p>\n<p>Der erste, mehrsprachige Sportkletterf\u00fchrer richtet sich daher sowohl an<br \/>\nlocals wie auch an europ\u00e4ische BesucherInnen und deckt alle<br \/>\nSportklettergebiete ab. Dazu kommen umfassende Karten und intuitiven<br \/>\n\u00dcbersichsdarstellungen, erg\u00e4nzt von ausf\u00fchrlichen touristischen<br \/>\nHintergrundinformationen, Insidertips.<\/p>\n<p>Alle Infos wurden vor Ort von 2 langj\u00e4hrigen Erschlie\u00dfern in Kooperation mit<br \/>\nlokalen KletterInnen recherchiert.<\/p>\n<p>Sprache: Englisch \/ Bosnisch<\/p>\n<p>608 Seiten;<br \/>\n2. Auflage 2024<\/p>","protected":false},"excerpt":{"rendered":"<p>Rockclimbing guidebook for Bosnia and Herzegovina This first modern and up to date Rock climbing guidebook covers all sport climbing and bouldering crags of Bosnia and Herzegovina. It is equally laid out as a Climbing resource but also as the first document of the postwar achievements of Climbers of BiH, aimed at local and international [&#8230;]\n","protected":false},"featured_media":172004,"template":"","meta":[],"product_brand":[],"product_cat":[21539],"product_tag":[27414],"class_list":{"0":"post-174052","1":"product","2":"type-product","3":"status-publish","4":"has-post-thumbnail","6":"product_cat-fuehrerliteratur-sportklettern-bouldern","7":"product_tag-bosnein","8":"pa_autor-vukic-lammerer","9":"pa_erscheinungsjahr-27339","10":"pa_region-osteuropa","11":"pa_sprache-en-bosn","13":"first","14":"onbackorder","15":"taxable","16":"shipping-taxable","17":"purchasable","18":"product-type-simple"},"_links":{"self":[{"href":"https:\/\/pizbube.ch\/en\/wp-json\/wp\/v2\/product\/174052","targetHints":{"allow":["GET"]}}],"collection":[{"href":"https:\/\/pizbube.ch\/en\/wp-json\/wp\/v2\/product"}],"about":[{"href":"https:\/\/pizbube.ch\/en\/wp-json\/wp\/v2\/types\/product"}],"wp:featuredmedia":[{"embeddable":true,"href":"https:\/\/pizbube.ch\/en\/wp-json\/wp\/v2\/media\/172004"}],"wp:attachment":[{"href":"https:\/\/pizbube.ch\/en\/wp-json\/wp\/v2\/media?parent=174052"}],"wp:term":[{"taxonomy":"product_brand","embeddable":true,"href":"https:\/\/pizbube.ch\/en\/wp-json\/wp\/v2\/product_brand?post=174052"},{"taxonomy":"product_cat","embeddable":true,"href":"https:\/\/pizbube.ch\/en\/wp-json\/wp\/v2\/product_cat?post=174052"},{"taxonomy":"product_tag","embeddable":true,"href":"https:\/\/pizbube.ch\/en\/wp-json\/wp\/v2\/product_tag?post=174052"}],"curies":[{"name":"wp","href":"https:\/\/api.w.org\/{rel}","templated":true}]}}