{"id":174060,"date":"2024-07-25T10:23:13","date_gmt":"2024-07-25T08:23:13","guid":{"rendered":"https:\/\/pizbube.ch\/?post_type=product&#038;p=174060"},"modified":"2024-11-05T09:15:43","modified_gmt":"2024-11-05T08:15:43","slug":"tektonische-karte-der-schweiz-1-500-000","status":"publish","type":"product","link":"https:\/\/pizbube.ch\/en\/shop\/tektonische-karte-der-schweiz-1-500-000\/","title":{"rendered":"Tektonische Karte der Schweiz 1: 500 000"},"content":{"rendered":"<p>Tektonische Karte der Schweiz 1: 500 000. \u2013 Erl\u00e4uterung auf englisch, 2024<\/p>\n<p>Die\u00a0Tektonische Karte der Schweiz 1:500&#8217;000\u00a0bildet die grossmassst\u00e4blichen strukturellen und tektonischen Einheiten ab.<br \/>\nSie vermittelt einen ausgezeichneten \u00dcberblick \u00fcber Bau der Alpen und ihrer Umgebung.<\/p>\n<p><span class=\"value\">Autor\/inn\/en: D. Bernoulli, S. Dall\u2019Agnolo, R. Fantoni, Y. Gouffon, P. Jordan, H. Madritsch, J. Mosar, O. A. Pfiffner, V. Picotti, F. L. Schenker, F. Schlunegger, S. M. Schmid<\/span><\/p>","protected":false},"excerpt":{"rendered":"<p>Tektonische Karte der Schweiz 1: 500 000. \u2013 Erl\u00e4uterung auf englisch, 2024 Die\u00a0Tektonische Karte der Schweiz 1:500&#8217;000\u00a0bildet die grossmassst\u00e4blichen strukturellen und tektonischen Einheiten ab. Sie vermittelt einen ausgezeichneten \u00dcberblick \u00fcber Bau der Alpen und ihrer Umgebung. Autor\/inn\/en: D. Bernoulli, S. Dall\u2019Agnolo, R. Fantoni, Y. Gouffon, P. Jordan, H. Madritsch, J. Mosar, O. A. Pfiffner, V. [&#8230;]\n","protected":false},"featured_media":174063,"template":"","meta":[],"product_brand":[],"product_cat":[21543],"product_tag":[],"class_list":{"0":"post-174060","1":"product","2":"type-product","3":"status-publish","4":"has-post-thumbnail","6":"product_cat-landkarten","7":"pa_autor-swisstopo-landestopografie","8":"pa_erscheinungsjahr-27339","9":"pa_region-schweiz","10":"pa_sprache-de-en","12":"first","13":"instock","14":"taxable","15":"shipping-taxable","16":"purchasable","17":"product-type-simple"},"_links":{"self":[{"href":"https:\/\/pizbube.ch\/en\/wp-json\/wp\/v2\/product\/174060","targetHints":{"allow":["GET"]}}],"collection":[{"href":"https:\/\/pizbube.ch\/en\/wp-json\/wp\/v2\/product"}],"about":[{"href":"https:\/\/pizbube.ch\/en\/wp-json\/wp\/v2\/types\/product"}],"wp:featuredmedia":[{"embeddable":true,"href":"https:\/\/pizbube.ch\/en\/wp-json\/wp\/v2\/media\/174063"}],"wp:attachment":[{"href":"https:\/\/pizbube.ch\/en\/wp-json\/wp\/v2\/media?parent=174060"}],"wp:term":[{"taxonomy":"product_brand","embeddable":true,"href":"https:\/\/pizbube.ch\/en\/wp-json\/wp\/v2\/product_brand?post=174060"},{"taxonomy":"product_cat","embeddable":true,"href":"https:\/\/pizbube.ch\/en\/wp-json\/wp\/v2\/product_cat?post=174060"},{"taxonomy":"product_tag","embeddable":true,"href":"https:\/\/pizbube.ch\/en\/wp-json\/wp\/v2\/product_tag?post=174060"}],"curies":[{"name":"wp","href":"https:\/\/api.w.org\/{rel}","templated":true}]}}