{"id":174134,"date":"2024-07-31T09:42:00","date_gmt":"2024-07-31T07:42:00","guid":{"rendered":"https:\/\/pizbube.ch\/?post_type=product&#038;p=174134"},"modified":"2024-07-31T09:42:00","modified_gmt":"2024-07-31T07:42:00","slug":"k2-der-haerteste-berg-der-welt","status":"publish","type":"product","link":"https:\/\/pizbube.ch\/en\/shop\/k2-der-haerteste-berg-der-welt\/","title":{"rendered":"K2 &#8211; Der h\u00e4rteste Berg der Welt"},"content":{"rendered":"<p>8611 m: Die Geschichte des zweith\u00f6chsten Bergs der Welt<\/p>\n<p>Er gilt unter Alpinisten als weitaus anspruchsvoller als der einzige Berg, der ihn \u00fcberragt: Der K2 fl\u00f6\u00dft selbst den talentiertesten Bergsteigern Respekt ein. Seit britische Landvermesser im 19. Jahrhundert die h\u00f6chsten Gipfel der Erde kartographierten, ist die Faszination der Achttausender ungebrochen. Einer, den der Gipfel schon von Kindesbeinen an rief, ist der Extrembergsteiger Hans Kammerlander. Gemeinsam mit dem Journalisten und Fotografen Walther L\u00fccker sp\u00fcrt er dem Mythos des gef\u00e4hrlichsten Berges der Welt nach. Von seiner Entdeckung bis zum heutigen Alpintourismus mit Hightech-Ausr\u00fcstung: Die Geschichte des K2 ist voller Triumphe und Trag\u00f6dien.<\/p>\n<p>&#8211; Der zweith\u00f6chste, aber der anspruchsvollste Berg der Welt: die Faszination des K2<br \/>\n&#8211; Ein Extrembergsteiger im Portr\u00e4t: Wie Hans Kammerlander seine Liebe zu den Achttausendern entdeckte und wie er den K2 bezwang<br \/>\n&#8211; Ein gro\u00dfartiges Geschenk f\u00fcr Bergsteiger und alle, die der Faszination der Berge erlegen sind<br \/>\n&#8211; 1954: Die Chronik der Erstbesteigung des K2 durch Achille Compagnoni und Lino Lacedelli<br \/>\n&#8211; Von H\u00f6chstleistungen, Fehlschl\u00e4gen, Trag\u00f6dien und Kontroversen: Die vielen Facetten der K2-Geschichte in einem Buch<\/p>\n<p>Der schwierigste Achttausender: Berichte von K2-Besteigungen und gescheiterten Versuchen<\/p>\n<p>Hans Kammerlander brauchte drei Anl\u00e4ufe, bis er 2001 auf dem Gipfel stand. So wie ihm erging es vielen Extrembergsteigern, die ihre Kr\u00e4fte mit dem zweith\u00f6chsten Berg der Welt messen wollten. Trotz modernster Ausr\u00fcstung und monatelanger Vorbereitung: Wer am K2 einen Fehler macht, bezahlt diesen nicht selten mit dem Leben. Viele dieser Triumphe und Trag\u00f6dien stellt das Autorenteam in diesem Buch vor. Eines wird dabei von Kapitel zu Kapitel deutlicher: Welche unglaubliche Faszination dieser besondere Berg auch mehr als 150 Jahre nach seiner Entdeckung und 70 Jahre nach seiner Erstbesteigung noch aus\u00fcbt.<\/p>\n<p>1. Auflage 2024;<br \/>\n274 Seiten \/ 170 mm x 235 mm<\/p>","protected":false},"excerpt":{"rendered":"<p>8611 m: Die Geschichte des zweith\u00f6chsten Bergs der Welt Er gilt unter Alpinisten als weitaus anspruchsvoller als der einzige Berg, der ihn \u00fcberragt: Der K2 fl\u00f6\u00dft selbst den talentiertesten Bergsteigern Respekt ein. Seit britische Landvermesser im 19. Jahrhundert die h\u00f6chsten Gipfel der Erde kartographierten, ist die Faszination der Achttausender ungebrochen. Einer, den der Gipfel schon [&#8230;]\n","protected":false},"featured_media":174135,"template":"","meta":[],"product_brand":[],"product_cat":[21542],"product_tag":[],"class_list":{"0":"post-174134","1":"product","2":"type-product","3":"status-publish","4":"has-post-thumbnail","6":"product_cat-sachbuecher-dokumentationen","7":"pa_autor-kammerlander-luecker","8":"pa_erscheinungsjahr-27339","9":"pa_region-asien","10":"pa_sprache-de","12":"first","13":"instock","14":"taxable","15":"shipping-taxable","16":"purchasable","17":"product-type-simple"},"_links":{"self":[{"href":"https:\/\/pizbube.ch\/en\/wp-json\/wp\/v2\/product\/174134","targetHints":{"allow":["GET"]}}],"collection":[{"href":"https:\/\/pizbube.ch\/en\/wp-json\/wp\/v2\/product"}],"about":[{"href":"https:\/\/pizbube.ch\/en\/wp-json\/wp\/v2\/types\/product"}],"wp:featuredmedia":[{"embeddable":true,"href":"https:\/\/pizbube.ch\/en\/wp-json\/wp\/v2\/media\/174135"}],"wp:attachment":[{"href":"https:\/\/pizbube.ch\/en\/wp-json\/wp\/v2\/media?parent=174134"}],"wp:term":[{"taxonomy":"product_brand","embeddable":true,"href":"https:\/\/pizbube.ch\/en\/wp-json\/wp\/v2\/product_brand?post=174134"},{"taxonomy":"product_cat","embeddable":true,"href":"https:\/\/pizbube.ch\/en\/wp-json\/wp\/v2\/product_cat?post=174134"},{"taxonomy":"product_tag","embeddable":true,"href":"https:\/\/pizbube.ch\/en\/wp-json\/wp\/v2\/product_tag?post=174134"}],"curies":[{"name":"wp","href":"https:\/\/api.w.org\/{rel}","templated":true}]}}