{"id":174173,"date":"2024-08-03T10:23:01","date_gmt":"2024-08-03T08:23:01","guid":{"rendered":"https:\/\/pizbube.ch\/?post_type=product&#038;p=174173"},"modified":"2024-08-03T10:24:38","modified_gmt":"2024-08-03T08:24:38","slug":"in-den-bergen","status":"publish","type":"product","link":"https:\/\/pizbube.ch\/en\/shop\/in-den-bergen\/","title":{"rendered":"In den Bergen"},"content":{"rendered":"<p>Das spannende Leben einer Hirtin &#8211; Die Hirtin richtet ihren Tagesablauf nach dem Rhythmus ihrer Ziegen.<br \/>\nEntdecke ihr Leben in den Bergen!<\/p>\n<p>F\u00fcr Kinder ab 5 Jahren.<\/p>\n<p>Die Hirtin steht vor der Sonne auf und beginnt ihren Tag: Feuer machen, Ziegen zusammentreiben, melken, K\u00e4se herstellen, Holz hacken und Heu schneiden, ins Tal hinabsteigen \u2026 Ihr Leben ist vollgepackt und ihr Tag nie lang genug. Und jeden Morgen geht es von vorne los!<\/p>\n<p>Ein Buch, um den Alltag der Menschen, die auf der Alp leben und dort Tiere h\u00fcten, kennenzulernen. Die Kinder erfahren viel \u00fcber die Arbeit der Hirtinnen und Hirten, \u00fcber die verschiedenen Tiere, um die sie sich k\u00fcmmern, wie man K\u00e4se herstellt, bis hin zu den Werkzeugen, die sie benutzen.<\/p>\n<ul>\n<li>Der typische Tag einer Hirtin von heute<\/li>\n<li>Ein illustriertes Buch, das das Leben in den Bergen entdecken l\u00e4sst<\/li>\n<li>Informationen \u00fcber Hirtinnen und Hirten auf der ganzen Welt, ihre Tiere, ihre H\u00e4user und vieles mehr<\/li>\n<li>Extra: Ein Interview mit einer Hirtin<\/li>\n<li>Eine Geschichte aus den Schweizer Alpen<\/li>\n<\/ul>\n<p>\u00dcber die Autorin<\/p>\n<p>Marion Brand hat sich w\u00e4hrend eines Sommers in den Schweizer Alpen zur Sch\u00e4ferin ausbilden lassen, bevor sie sich dazu entschied, sich durch ihre T\u00e4tigkeit als Illustratorin f\u00fcr die Natur einzusetzen. Marion studierte Grafik und Illustration an der HEAD in Genf und begeistert sich f\u00fcr Kinderliteratur und Comics. Sie liebt einfache Formen und gro\u00dfe Farbfl\u00e4chen und l\u00e4sst sich von Handdrucktechniken inspirieren. Sie lebt im franz\u00f6sischen Haut-Jura, nahe der Schweizer Grenze.<\/p>\n<p>1. Auflage 2014;<br \/>\n48 Seiten, <span class=\"value\">Breite 170 mm, H\u00f6he 240 mm, Dicke 6 mm<\/span><\/p>","protected":false},"excerpt":{"rendered":"<p>Das spannende Leben einer Hirtin &#8211; Die Hirtin richtet ihren Tagesablauf nach dem Rhythmus ihrer Ziegen. Entdecke ihr Leben in den Bergen! F\u00fcr Kinder ab 5 Jahren. Die Hirtin steht vor der Sonne auf und beginnt ihren Tag: Feuer machen, Ziegen zusammentreiben, melken, K\u00e4se herstellen, Holz hacken und Heu schneiden, ins Tal hinabsteigen \u2026 Ihr [&#8230;]\n","protected":false},"featured_media":174174,"template":"","meta":[],"product_brand":[],"product_cat":[21629,21542],"product_tag":[26864,26863],"class_list":{"0":"post-174173","1":"product","2":"type-product","3":"status-publish","4":"has-post-thumbnail","6":"product_cat-belletristik","7":"product_cat-sachbuecher-dokumentationen","8":"product_tag-kinderbuch","9":"product_tag-kinderbuecher","10":"pa_autor-brand","11":"pa_erscheinungsjahr-27339","12":"pa_region-schweiz","13":"pa_sprache-de","15":"first","16":"instock","17":"taxable","18":"shipping-taxable","19":"purchasable","20":"product-type-simple"},"_links":{"self":[{"href":"https:\/\/pizbube.ch\/en\/wp-json\/wp\/v2\/product\/174173","targetHints":{"allow":["GET"]}}],"collection":[{"href":"https:\/\/pizbube.ch\/en\/wp-json\/wp\/v2\/product"}],"about":[{"href":"https:\/\/pizbube.ch\/en\/wp-json\/wp\/v2\/types\/product"}],"wp:featuredmedia":[{"embeddable":true,"href":"https:\/\/pizbube.ch\/en\/wp-json\/wp\/v2\/media\/174174"}],"wp:attachment":[{"href":"https:\/\/pizbube.ch\/en\/wp-json\/wp\/v2\/media?parent=174173"}],"wp:term":[{"taxonomy":"product_brand","embeddable":true,"href":"https:\/\/pizbube.ch\/en\/wp-json\/wp\/v2\/product_brand?post=174173"},{"taxonomy":"product_cat","embeddable":true,"href":"https:\/\/pizbube.ch\/en\/wp-json\/wp\/v2\/product_cat?post=174173"},{"taxonomy":"product_tag","embeddable":true,"href":"https:\/\/pizbube.ch\/en\/wp-json\/wp\/v2\/product_tag?post=174173"}],"curies":[{"name":"wp","href":"https:\/\/api.w.org\/{rel}","templated":true}]}}