{"id":174265,"date":"2024-08-09T09:04:51","date_gmt":"2024-08-09T07:04:51","guid":{"rendered":"https:\/\/pizbube.ch\/?post_type=product&#038;p=174265"},"modified":"2024-08-09T09:40:39","modified_gmt":"2024-08-09T07:40:39","slug":"genussvolle-sac-huetten-35-leichten-wanderungen-berner-alpen-wallis-zentralschweiz","status":"publish","type":"product","link":"https:\/\/pizbube.ch\/en\/shop\/genussvolle-sac-huetten-35-leichten-wanderungen-berner-alpen-wallis-zentralschweiz\/","title":{"rendered":"Genussvolle SAC-H\u00fctten &#8211; 35 leichten Wanderungen Berner Alpen, Wallis, Zentralschweiz"},"content":{"rendered":"<p class=\"p1\"><span class=\"s1\">Die H\u00fctten des Schweizer Alpen-Club SAC bieten Wanderinnen und Wanderern einen gem\u00fctlichen Ort zum Einkehren. Auf der H\u00fcttenterrasse eine liebevoll zubereitete Mahlzeit geniessen ist die Kr\u00f6nung eines gelungenen Ausflugs in die Berge.<\/span><\/p>\n<p class=\"p1\"><span class=\"s1\">Der H\u00fcttenf\u00fchrer des Schweizer Alpen-Club stellt 35 ausgew\u00e4hlte SAC-H\u00fctten in den Berner, den Walliser und den Zentralschweizer Alpen vor, die auf gut unterhaltenen Wegen erreichbar sind. Die Schwierigkeit der Zustiege ist leicht bis mittel (bis T3 auf der SAC-Wanderskala), die Wanderzeit betr\u00e4gt maximal drei Stunden. Einige der SAC-H\u00fctten sind auch mit einer Bergbahn zug\u00e4nglich.<\/span><\/p>\n<p class=\"p1\"><span class=\"s1\">Der SAC-H\u00fcttenf\u00fchrer beschreibt die Highlights der Wanderung, die Erlebnisse rund um die H\u00fctte sowie die kulinarischen Spezialit\u00e4ten. Ob als Tagesausflug oder mit \u00dcbernachtung \u2013 SAC-H\u00fctten bieten Genuss inmitten faszinierender Berglandschaften.<\/span><\/p>\n<p>288 Seiten, gebunden, Softcove<br \/>\n1. Auflage 2024<\/p>","protected":false},"excerpt":{"rendered":"<p>Die H\u00fctten des Schweizer Alpen-Club SAC bieten Wanderinnen und Wanderern einen gem\u00fctlichen Ort zum Einkehren. Auf der H\u00fcttenterrasse eine liebevoll zubereitete Mahlzeit geniessen ist die Kr\u00f6nung eines gelungenen Ausflugs in die Berge. Der H\u00fcttenf\u00fchrer des Schweizer Alpen-Club stellt 35 ausgew\u00e4hlte SAC-H\u00fctten in den Berner, den Walliser und den Zentralschweizer Alpen vor, die auf gut unterhaltenen [&#8230;]\n","protected":false},"featured_media":174266,"template":"","meta":[],"product_brand":[],"product_cat":[21605],"product_tag":[],"class_list":{"0":"post-174265","1":"product","2":"type-product","3":"status-publish","4":"has-post-thumbnail","6":"product_cat-wanderfuehrer-trekking","7":"pa_autor-sac","8":"pa_erscheinungsjahr-27339","9":"pa_region-schweiz","10":"pa_sprache-de","12":"first","13":"instock","14":"taxable","15":"shipping-taxable","16":"purchasable","17":"product-type-simple"},"_links":{"self":[{"href":"https:\/\/pizbube.ch\/en\/wp-json\/wp\/v2\/product\/174265","targetHints":{"allow":["GET"]}}],"collection":[{"href":"https:\/\/pizbube.ch\/en\/wp-json\/wp\/v2\/product"}],"about":[{"href":"https:\/\/pizbube.ch\/en\/wp-json\/wp\/v2\/types\/product"}],"wp:featuredmedia":[{"embeddable":true,"href":"https:\/\/pizbube.ch\/en\/wp-json\/wp\/v2\/media\/174266"}],"wp:attachment":[{"href":"https:\/\/pizbube.ch\/en\/wp-json\/wp\/v2\/media?parent=174265"}],"wp:term":[{"taxonomy":"product_brand","embeddable":true,"href":"https:\/\/pizbube.ch\/en\/wp-json\/wp\/v2\/product_brand?post=174265"},{"taxonomy":"product_cat","embeddable":true,"href":"https:\/\/pizbube.ch\/en\/wp-json\/wp\/v2\/product_cat?post=174265"},{"taxonomy":"product_tag","embeddable":true,"href":"https:\/\/pizbube.ch\/en\/wp-json\/wp\/v2\/product_tag?post=174265"}],"curies":[{"name":"wp","href":"https:\/\/api.w.org\/{rel}","templated":true}]}}