{"id":174280,"date":"2024-08-09T09:52:26","date_gmt":"2024-08-09T07:52:26","guid":{"rendered":"https:\/\/pizbube.ch\/?post_type=product&#038;p=174280"},"modified":"2024-08-09T10:05:17","modified_gmt":"2024-08-09T08:05:17","slug":"grand-tour-des-combins","status":"publish","type":"product","link":"https:\/\/pizbube.ch\/en\/shop\/grand-tour-des-combins\/","title":{"rendered":"Grand Tour des Combins"},"content":{"rendered":"<p>Entdecken und erleben Sie mit unserem neuen Wanderf\u00fchrer Grand Tour des Combins ein alpines und wildes Abenteuer !<\/p>\n<p>Diese unvergessliche Tour bietet Ihnen aussergew\u00f6hnliche Panoramen auf das Massiv des Mont Blanc und die Walliser Alpen und f\u00fchrt Sie durch atemberaubende Landschaften zwischen der Schweiz und Italien.<\/p>\n<p>Unser sorgf\u00e4ltig zusammengestellter Wanderf\u00fchrer bietet Ihnen detaillierte Beschreibungen der 10 Trekkingetappen, mit Varianten f\u00fcr jede Route. Er enth\u00e4lt n\u00fctzliche Informationen\u00a0f\u00fcr eine optimale Vorbereitung: Einsch\u00e4tzung des Schwierigkeitsgrades der Routen, Empfehlun-gen zur Ausr\u00fcstung und Ern\u00e4hrung sowie Tipps zur Buchung von Unterk\u00fcnften.<\/p>\n<p>Dieses Projekt wurde dank der wertvollen Unterst\u00fctzung der Association du Grand Tour des Combins, des Office du Tourisme du Pays du Saint-Bernard und Verbier Tourisme realisiert.<br \/>\nDer Wanderf\u00fchrer ist in vier Sprachen konzipiert: Franz\u00f6sisch, Englisch, Deutsch und Italienisch.<\/p>\n<p>168 Seiten<\/p>\n<p>&nbsp;<\/p>\n<p>Plongez au c\u0153ur d\u2019une aventure alpine et sauvage avec notre nouveau topo-guide du Grand Tour des Combins !<\/p>\n<p>Ce parcours inoubliable vous offrira des panoramas exceptionnels sur les massifs du Mont Blanc et les Alpes valaisannes, tout en vous menant \u00e0 travers des paysages \u00e9poustouflants entre la Suisse et l\u2019Italie.<\/p>\n<p>Notre topo-guide, m\u00e9ticuleusement \u00e9labor\u00e9, vous propose des descriptions d\u00e9taill\u00e9es des 10 \u00e9tapes du trek, avec des variantes pour chaque itin\u00e9raire. Il contient des informations utiles pour une pr\u00e9paration optimale : \u00e9valuation de la difficult\u00e9 des parcours, recommandations sur le mat\u00e9riel, conseils alimentaires, et astuces pour la r\u00e9servation des h\u00e9bergements.<\/p>\n<p>Ce projet a \u00e9t\u00e9 r\u00e9alis\u00e9 gr\u00e2ce au soutien pr\u00e9cieux de l\u2019Association du Grand Tour des Combins, de l\u2019Office du tourisme du Pays du Saint-Bernard et de Verbier Tourisme.<br \/>\nLe guide est con\u00e7u en 4 langues\u00a0: fran\u00e7ais, anglais, allemand et italien.<\/p>\n<p>168 pages<\/p>","protected":false},"excerpt":{"rendered":"<p>Entdecken und erleben Sie mit unserem neuen Wanderf\u00fchrer Grand Tour des Combins ein alpines und wildes Abenteuer ! Diese unvergessliche Tour bietet Ihnen aussergew\u00f6hnliche Panoramen auf das Massiv des Mont Blanc und die Walliser Alpen und f\u00fchrt Sie durch atemberaubende Landschaften zwischen der Schweiz und Italien. Unser sorgf\u00e4ltig zusammengestellter Wanderf\u00fchrer bietet Ihnen detaillierte Beschreibungen der [&#8230;]\n","protected":false},"featured_media":174281,"template":"","meta":[],"product_brand":[],"product_cat":[21605],"product_tag":[],"class_list":{"0":"post-174280","1":"product","2":"type-product","3":"status-publish","4":"has-post-thumbnail","6":"product_cat-wanderfuehrer-trekking","7":"pa_autor-moulin","8":"pa_erscheinungsjahr-27339","9":"pa_region-italien","10":"pa_region-schweiz","11":"pa_sprache-de-en-fr-it-2","13":"first","14":"instock","15":"taxable","16":"shipping-taxable","17":"purchasable","18":"product-type-simple"},"_links":{"self":[{"href":"https:\/\/pizbube.ch\/en\/wp-json\/wp\/v2\/product\/174280","targetHints":{"allow":["GET"]}}],"collection":[{"href":"https:\/\/pizbube.ch\/en\/wp-json\/wp\/v2\/product"}],"about":[{"href":"https:\/\/pizbube.ch\/en\/wp-json\/wp\/v2\/types\/product"}],"wp:featuredmedia":[{"embeddable":true,"href":"https:\/\/pizbube.ch\/en\/wp-json\/wp\/v2\/media\/174281"}],"wp:attachment":[{"href":"https:\/\/pizbube.ch\/en\/wp-json\/wp\/v2\/media?parent=174280"}],"wp:term":[{"taxonomy":"product_brand","embeddable":true,"href":"https:\/\/pizbube.ch\/en\/wp-json\/wp\/v2\/product_brand?post=174280"},{"taxonomy":"product_cat","embeddable":true,"href":"https:\/\/pizbube.ch\/en\/wp-json\/wp\/v2\/product_cat?post=174280"},{"taxonomy":"product_tag","embeddable":true,"href":"https:\/\/pizbube.ch\/en\/wp-json\/wp\/v2\/product_tag?post=174280"}],"curies":[{"name":"wp","href":"https:\/\/api.w.org\/{rel}","templated":true}]}}