{"id":174285,"date":"2024-08-09T10:10:37","date_gmt":"2024-08-09T08:10:37","guid":{"rendered":"https:\/\/pizbube.ch\/?post_type=product&#038;p=174285"},"modified":"2024-11-16T14:31:39","modified_gmt":"2024-11-16T13:31:39","slug":"les-nepalaises-de-leverest-2","status":"publish","type":"product","link":"https:\/\/pizbube.ch\/en\/shop\/les-nepalaises-de-leverest-2\/","title":{"rendered":"Les N\u00e9palaises de l&#8217;Everest"},"content":{"rendered":"<p>Quand ascension rime avec \u00e9mancipation<\/p>\n<div class=\"field field-name-hw-presentation-editoriale field-type-text-long field-label-hidden\">\n<div class=\"field-items\">\n<div class=\"field-item even\">\n<p>Dans un pays o\u00f9 les femmes ne b\u00e9n\u00e9ficient pas des m\u00eames droits que les hommes, gravir la plus haute montagne de la plan\u00e8te permet \u00e0 certaines audacieuses de s\u2019\u00e9lever au-dessus deleur condition.<\/p>\n<p>D\u00e9couvrez comment neuf jeunes sportives de cet \u00e9tat de l\u2019Himalaya ont mis leurs pas dans ceux de Pasang Lhamu Sherpa, la premi\u00e8re N\u00e9palaise sur le Toit du monde en 1993. Chacun de leurs parcours est une aventure humaine et soci\u00e9tale. Elles t\u00e9moignent dans l\u2019intimit\u00e9 de conversations men\u00e9es par la sociologue et vid\u00e9aste Anne Benoit-Janin.<\/p>\n<p>208 pages;<br \/>\npoche, 108 x 178 mm<\/p>\n<\/div>\n<\/div>\n<\/div>","protected":false},"excerpt":{"rendered":"<p>Quand ascension rime avec \u00e9mancipation Dans un pays o\u00f9 les femmes ne b\u00e9n\u00e9ficient pas des m\u00eames droits que les hommes, gravir la plus haute montagne de la plan\u00e8te permet \u00e0 certaines audacieuses de s\u2019\u00e9lever au-dessus deleur condition. D\u00e9couvrez comment neuf jeunes sportives de cet \u00e9tat de l\u2019Himalaya ont mis leurs pas dans ceux de Pasang [&#8230;]\n","protected":false},"featured_media":174286,"template":"","meta":[],"product_brand":[],"product_cat":[21542],"product_tag":[],"class_list":{"0":"post-174285","1":"product","2":"type-product","3":"status-publish","4":"has-post-thumbnail","6":"product_cat-sachbuecher-dokumentationen","7":"pa_autor-benoit-janin","8":"pa_erscheinungsjahr-27339","9":"pa_region-asien","10":"pa_sprache-fr","12":"first","13":"instock","14":"taxable","15":"shipping-taxable","16":"purchasable","17":"product-type-simple"},"_links":{"self":[{"href":"https:\/\/pizbube.ch\/en\/wp-json\/wp\/v2\/product\/174285","targetHints":{"allow":["GET"]}}],"collection":[{"href":"https:\/\/pizbube.ch\/en\/wp-json\/wp\/v2\/product"}],"about":[{"href":"https:\/\/pizbube.ch\/en\/wp-json\/wp\/v2\/types\/product"}],"wp:featuredmedia":[{"embeddable":true,"href":"https:\/\/pizbube.ch\/en\/wp-json\/wp\/v2\/media\/174286"}],"wp:attachment":[{"href":"https:\/\/pizbube.ch\/en\/wp-json\/wp\/v2\/media?parent=174285"}],"wp:term":[{"taxonomy":"product_brand","embeddable":true,"href":"https:\/\/pizbube.ch\/en\/wp-json\/wp\/v2\/product_brand?post=174285"},{"taxonomy":"product_cat","embeddable":true,"href":"https:\/\/pizbube.ch\/en\/wp-json\/wp\/v2\/product_cat?post=174285"},{"taxonomy":"product_tag","embeddable":true,"href":"https:\/\/pizbube.ch\/en\/wp-json\/wp\/v2\/product_tag?post=174285"}],"curies":[{"name":"wp","href":"https:\/\/api.w.org\/{rel}","templated":true}]}}