{"id":174315,"date":"2024-08-10T11:12:03","date_gmt":"2024-08-10T09:12:03","guid":{"rendered":"https:\/\/pizbube.ch\/?post_type=product&#038;p=174315"},"modified":"2024-08-10T11:31:14","modified_gmt":"2024-08-10T09:31:14","slug":"tragoedie-am-everest-die-legendaere-expedition-von-george-mallory","status":"publish","type":"product","link":"https:\/\/pizbube.ch\/en\/shop\/tragoedie-am-everest-die-legendaere-expedition-von-george-mallory\/","title":{"rendered":"Trag\u00f6die am Everest &#8211;  Die legend\u00e4re Expedition von George Mallory"},"content":{"rendered":"<div id=\"description\" class=\"data item content\" role=\"tabpanel\" data-role=\"content\" aria-labelledby=\"tab-label-description\" aria-hidden=\"false\">\n<div class=\"product attribute description\">\n<div class=\"value\">Berg ohne Wiederkehr<br \/>\nIm Juni 2024 j\u00e4hrt sich zum 100. Mal die legend\u00e4re Mallory-Expedition zum Everest-Gipfel. Umfassender und aktueller Einblick in die gesamte Expedition.1924 brach die britische Mount Everest Expedition unter der Leitung von George Mallory auf, um den Gipfel des h\u00f6chsten Berges der Erde zu erreichen. Er erreichte den Gipfel nicht und seine Leiche wurde erst 1999 gefunden. Dieser Band, der in Zusammenarbeit mit der Royal Geographical Society entstanden ist, pr\u00e4sentiert ein neu zusammengestelltes Portfolio von handkolorierten Dias, Filmaufnahmen, restaurierten Schwarz-Wei\u00df-Fotografien sowie Artefakten, die bei Mallorys Leiche gefunden wurden. Das spektakul\u00e4re Bildmaterial wird von Essays f\u00fchrender Experten begleitet, die v\u00f6llig neue Einblicke gew\u00e4hren.<\/div>\n<div><\/div>\n<div class=\"value\">\n<p>Das &#171;Trag\u00f6die am Everest&#187; Buch ist ein Muss f\u00fcr alle Bergsteiger und Abenteurer, die sich f\u00fcr wahre Begebenheiten und dramatische Bergsteigerbiografien interessieren. Es ist nicht nur eine Dokumentation \u00fcber die Besteigung des Mount Everest, sondern auch ein Bildband, der die Sch\u00f6nheit und Herausforderungen der Berge einf\u00e4ngt. Tauche ein in die Welt des Mountaineering und Alpinismus und erlebe die historische Besteigung des Mount Everest hautnah. Ein Buch, das wahre Begebenheiten und Bergabenteuer auf faszinierende Weise verbindet.<\/p>\n<ul>\n<li>Mit handkolorierten Dias, Faksimiles, Originalkarten und Artefakten<\/li>\n<li>Vorwort von Norbu Tenzing, Sohn von Tenzing Norgay Sherpa<\/li>\n<li>Expertenwissen zum Everest gew\u00e4hren neue Einblicke<\/li>\n<\/ul>\n<p>1. Auflage 2024;<br \/>\n<span class=\"value\">192 Seiten<\/span><\/p>\n<\/div>\n<\/div>\n<\/div>","protected":false},"excerpt":{"rendered":"<p>Berg ohne Wiederkehr Im Juni 2024 j\u00e4hrt sich zum 100. Mal die legend\u00e4re Mallory-Expedition zum Everest-Gipfel. Umfassender und aktueller Einblick in die gesamte Expedition.1924 brach die britische Mount Everest Expedition unter der Leitung von George Mallory auf, um den Gipfel des h\u00f6chsten Berges der Erde zu erreichen. Er erreichte den Gipfel nicht und seine Leiche [&#8230;]\n","protected":false},"featured_media":174316,"template":"","meta":[],"product_brand":[],"product_cat":[21580,21542],"product_tag":[],"class_list":{"0":"post-174315","1":"product","2":"type-product","3":"status-publish","4":"has-post-thumbnail","6":"product_cat-kunst-kultur","7":"product_cat-sachbuecher-dokumentationen","8":"pa_autor-royal-geographical-society","9":"pa_erscheinungsjahr-27339","10":"pa_region-asien","11":"pa_sprache-de","13":"first","14":"instock","15":"taxable","16":"shipping-taxable","17":"purchasable","18":"product-type-simple"},"_links":{"self":[{"href":"https:\/\/pizbube.ch\/en\/wp-json\/wp\/v2\/product\/174315","targetHints":{"allow":["GET"]}}],"collection":[{"href":"https:\/\/pizbube.ch\/en\/wp-json\/wp\/v2\/product"}],"about":[{"href":"https:\/\/pizbube.ch\/en\/wp-json\/wp\/v2\/types\/product"}],"wp:featuredmedia":[{"embeddable":true,"href":"https:\/\/pizbube.ch\/en\/wp-json\/wp\/v2\/media\/174316"}],"wp:attachment":[{"href":"https:\/\/pizbube.ch\/en\/wp-json\/wp\/v2\/media?parent=174315"}],"wp:term":[{"taxonomy":"product_brand","embeddable":true,"href":"https:\/\/pizbube.ch\/en\/wp-json\/wp\/v2\/product_brand?post=174315"},{"taxonomy":"product_cat","embeddable":true,"href":"https:\/\/pizbube.ch\/en\/wp-json\/wp\/v2\/product_cat?post=174315"},{"taxonomy":"product_tag","embeddable":true,"href":"https:\/\/pizbube.ch\/en\/wp-json\/wp\/v2\/product_tag?post=174315"}],"curies":[{"name":"wp","href":"https:\/\/api.w.org\/{rel}","templated":true}]}}