{"id":174355,"date":"2024-08-13T11:40:09","date_gmt":"2024-08-13T09:40:09","guid":{"rendered":"https:\/\/pizbube.ch\/?post_type=product&#038;p=174355"},"modified":"2025-09-12T17:53:15","modified_gmt":"2025-09-12T15:53:15","slug":"escalade-en-savoie-tome-1-avant-pays-lac-lac-du-bourget","status":"publish","type":"product","link":"https:\/\/pizbube.ch\/en\/shop\/escalade-en-savoie-tome-1-avant-pays-lac-lac-du-bourget\/","title":{"rendered":"Escalade en Savoie Tome 1: Avant Pays &#8211; Lac Lac du Bourget"},"content":{"rendered":"<p>Tome 1: Avant Pays &#8211; Lac du Bourget<\/p>\n<p>32 falaises et 2204 voies<\/p>\n<p>Dans ce livre vous trouverez toutes les mises \u00e0 jours et correction du premier livre ainsi que l\u2019ajout de nouvelles falaises ou nouveaux secteurs. Un nombre important de photos de falaises ont \u00e9t\u00e9 refaites et des am\u00e9liorations pour se retrouver dans le livre ont \u00e9t\u00e9 apport\u00e9es.<\/p>\n<p><strong>L\u2019AVANT PAYS<\/strong>: DALLE DE PEYRIEU, BOIS DE GLAISE, LA BALME, EXTREME NOISE, CHAMARD, SAINT-DIDIER, ST DIDIER-OUEST,LIERRE, COL DU BANCHET<\/p>\n<p><strong>LE LAC DU BOURGET<\/strong>: CHATEAU BARTHELIER, CESSENS CORNAILLES, CESSENS GROTTE, CESSENS CARABIN, CESSENS CARABIN DU BAS, LE SAPENAY DROITE, LE SAPENAY GAUCHE, SAPENAY DEGR\u00c9, CHINDRIEUX LE BLOC, CHINDRIEUX LE BOGNON, CHINDRIEUX LE CASQUE, CHINDRIEUX DU BAS, PIERRE DU CARRE, CHAMBOTTE DE GAUCHE, CHAMBOTTE DE DROITE, BRISON GRANDE FALAISE, BRISON CHATELARD, BRISON LES OLIVIERS, BAIE DE GR\u00c9SINE, CORSUET, LA BIOLLE, COL DU CHAT et MOUXY<\/p>\n<p>Edition 2024,<br \/>\n348 pages<\/p>","protected":false},"excerpt":{"rendered":"<p>Tome 1: Avant Pays &#8211; Lac du Bourget 32 falaises et 2204 voies Dans ce livre vous trouverez toutes les mises \u00e0 jours et correction du premier livre ainsi que l\u2019ajout de nouvelles falaises ou nouveaux secteurs. Un nombre important de photos de falaises ont \u00e9t\u00e9 refaites et des am\u00e9liorations pour se retrouver dans le [&#8230;]\n","protected":false},"featured_media":174354,"template":"","meta":[],"product_brand":[],"product_cat":[21539],"product_tag":[],"class_list":{"0":"post-174355","1":"product","2":"type-product","3":"status-publish","4":"has-post-thumbnail","6":"product_cat-fuehrerliteratur-sportklettern-bouldern","7":"pa_autor-laurent-ffme","8":"pa_erscheinungsjahr-27339","9":"pa_region-frankreich","10":"pa_sprache-fr","12":"first","13":"instock","14":"taxable","15":"shipping-taxable","16":"purchasable","17":"product-type-simple"},"_links":{"self":[{"href":"https:\/\/pizbube.ch\/en\/wp-json\/wp\/v2\/product\/174355","targetHints":{"allow":["GET"]}}],"collection":[{"href":"https:\/\/pizbube.ch\/en\/wp-json\/wp\/v2\/product"}],"about":[{"href":"https:\/\/pizbube.ch\/en\/wp-json\/wp\/v2\/types\/product"}],"wp:featuredmedia":[{"embeddable":true,"href":"https:\/\/pizbube.ch\/en\/wp-json\/wp\/v2\/media\/174354"}],"wp:attachment":[{"href":"https:\/\/pizbube.ch\/en\/wp-json\/wp\/v2\/media?parent=174355"}],"wp:term":[{"taxonomy":"product_brand","embeddable":true,"href":"https:\/\/pizbube.ch\/en\/wp-json\/wp\/v2\/product_brand?post=174355"},{"taxonomy":"product_cat","embeddable":true,"href":"https:\/\/pizbube.ch\/en\/wp-json\/wp\/v2\/product_cat?post=174355"},{"taxonomy":"product_tag","embeddable":true,"href":"https:\/\/pizbube.ch\/en\/wp-json\/wp\/v2\/product_tag?post=174355"}],"curies":[{"name":"wp","href":"https:\/\/api.w.org\/{rel}","templated":true}]}}