{"id":174361,"date":"2024-08-13T12:02:09","date_gmt":"2024-08-13T10:02:09","guid":{"rendered":"https:\/\/pizbube.ch\/?post_type=product&#038;p=174361"},"modified":"2025-07-18T14:28:30","modified_gmt":"2025-07-18T12:28:30","slug":"escalade-en-queyras-pays-du-viso","status":"publish","type":"product","link":"https:\/\/pizbube.ch\/en\/shop\/escalade-en-queyras-pays-du-viso\/","title":{"rendered":"Escalade en Queyras &#8211; Pays du Viso"},"content":{"rendered":"<p>Entre France et Italie;<br \/>\n1479 longueurs du 2c au 8c.<\/p>\n<p>L\u2019int\u00e9grale des grimpades dans le bassin versant du Guil et autour des hautes vall\u00e9es italiennes du Mont Viso.<br \/>\nVoici enfin la 4\u00e8me \u00e9dition de notre topoguide de r\u00e9f\u00e9rence : paradis de la grimpe plaisir, le Queyras et le massif du Viso proposent force grandes voies ABORDABLES tr\u00e8s bien \u00e9quip\u00e9es, itin\u00e9raires aventureux d\u2019ampleur sur les 3?000 transfrontaliers et spots calcaires au c\u0153ur des vall\u00e9es de Ceillac et d\u2019Arvieux.<br \/>\nUne destination-grimpe parmi les plus vari\u00e9es des Alpes du Soleil !<\/p>\n<p>180 grandes voies \u00e9quip\u00e9es &#8211; 16 falaises et \u00e9coles &#8211; 5 via ferrata<\/p>\n<p>360 pages,<br \/>\n4 \u00e8me \u00e9dition revue et augment\u00e9e, 2024<\/p>","protected":false},"excerpt":{"rendered":"<p>Entre France et Italie; 1479 longueurs du 2c au 8c. L\u2019int\u00e9grale des grimpades dans le bassin versant du Guil et autour des hautes vall\u00e9es italiennes du Mont Viso. Voici enfin la 4\u00e8me \u00e9dition de notre topoguide de r\u00e9f\u00e9rence : paradis de la grimpe plaisir, le Queyras et le massif du Viso proposent force grandes voies [&#8230;]\n","protected":false},"featured_media":180570,"template":"","meta":[],"product_brand":[],"product_cat":[21544,21539],"product_tag":[],"class_list":{"0":"post-174361","1":"product","2":"type-product","3":"status-publish","4":"has-post-thumbnail","6":"product_cat-fuehrerliteratur-alpin-sommer","7":"product_cat-fuehrerliteratur-sportklettern-bouldern","8":"pa_autor-pusnel-vallot","9":"pa_erscheinungsjahr-27339","10":"pa_region-frankreich","11":"pa_sprache-fr","13":"first","14":"instock","15":"taxable","16":"shipping-taxable","17":"purchasable","18":"product-type-simple"},"_links":{"self":[{"href":"https:\/\/pizbube.ch\/en\/wp-json\/wp\/v2\/product\/174361","targetHints":{"allow":["GET"]}}],"collection":[{"href":"https:\/\/pizbube.ch\/en\/wp-json\/wp\/v2\/product"}],"about":[{"href":"https:\/\/pizbube.ch\/en\/wp-json\/wp\/v2\/types\/product"}],"wp:featuredmedia":[{"embeddable":true,"href":"https:\/\/pizbube.ch\/en\/wp-json\/wp\/v2\/media\/180570"}],"wp:attachment":[{"href":"https:\/\/pizbube.ch\/en\/wp-json\/wp\/v2\/media?parent=174361"}],"wp:term":[{"taxonomy":"product_brand","embeddable":true,"href":"https:\/\/pizbube.ch\/en\/wp-json\/wp\/v2\/product_brand?post=174361"},{"taxonomy":"product_cat","embeddable":true,"href":"https:\/\/pizbube.ch\/en\/wp-json\/wp\/v2\/product_cat?post=174361"},{"taxonomy":"product_tag","embeddable":true,"href":"https:\/\/pizbube.ch\/en\/wp-json\/wp\/v2\/product_tag?post=174361"}],"curies":[{"name":"wp","href":"https:\/\/api.w.org\/{rel}","templated":true}]}}