{"id":174365,"date":"2024-08-13T12:27:13","date_gmt":"2024-08-13T10:27:13","guid":{"rendered":"https:\/\/pizbube.ch\/?post_type=product&#038;p=174365"},"modified":"2024-10-01T09:22:53","modified_gmt":"2024-10-01T07:22:53","slug":"escalades-choisies-en-vercors-chartreuse-et-devoluy","status":"publish","type":"product","link":"https:\/\/pizbube.ch\/en\/shop\/escalades-choisies-en-vercors-chartreuse-et-devoluy\/","title":{"rendered":"Escalades choisies en Vercors Chartreuse et D\u00e9voluy"},"content":{"rendered":"<p>Depuis l\u2019\u00e9dition du topo VCD en 2011, Promo Grimpe avait d\u00e9cid\u00e9 de monter en puissance\u00a0: nouveau format, nouvelle infographie, nouvelle \u00e9quipe \u00e9ditoriale.<br class=\"autobr\" \/>Suite \u00e0 un casting s\u00e9lectif, les auteurs historiques, Dominique Duhaut et Philippe Peyre, avaient recrut\u00e9 un ouvreur prolifique, Bruno B\u00e9atrix et un deuxi\u00e8me g\u00e9om\u00e8tre, Philippe Gay.<br class=\"autobr\" \/>Une p\u00e9riode de confinement, suivie d\u2019un mois de juin 2020 particuli\u00e8rement pluvieux, avaient contraint tout ce petit monde de passion\u00e9s \u00e0 la pratique de l\u2019escalade devant ordinateur. C\u2019est ainsi que le mill\u00e9sime 2020 avait \u00e9t\u00e9 augment\u00e9 d\u2019une centaine de voies, de topos coloris\u00e9s \u00e0 la main, de photos nostalgiques mais parfois qui font peur. Bref de l\u2019\u00e9motion, de l\u2019action, de l\u2019\u00e9vasion.<br class=\"autobr\" \/>Cette \u00e9dition a manifestement re\u00e7u un tr\u00e8s bon accueil aupr\u00e8s des grimpeurs. Apr\u00e8s une r\u00e9\u00e9dition en 2022, nous avons donc le plaisir de vous pr\u00e9senter le mill\u00e9sime 2024.<br class=\"autobr\" \/>Nous esp\u00e9rons que vous aurez autant de plaisir que nous \u00e0 aller d\u00e9couvrir ces secteurs d\u2019escalade et grimper les voies s\u00e9lectionn\u00e9es dans ce guide.<\/p>\n<p>Topo-guide des \u00e9coles d&#8217;escalade du Vercors: Mont Aiguille, Rochers du<br \/>\nPlaynet, Deux Soeurs, Les Sultanes, Gerbier, St. Michel, Cournouse, Gorges du<br \/>\nNant, Rochers de l&#8217;Epenet, Chamechaude, Rochers du Midi, Dome de Bellefort,<br \/>\nDent de Crolle, Les Gillardes&#8230;<\/p>\n<p>nouvelle \u00e9dition 2024;<br \/>\nFormat : 240&#215;170 mm<br \/>\n384 pages<br \/>\nEnti\u00e8rement en couleurs<br \/>\nReliure broch\u00e9e<\/p>","protected":false},"excerpt":{"rendered":"<p>Depuis l\u2019\u00e9dition du topo VCD en 2011, Promo Grimpe avait d\u00e9cid\u00e9 de monter en puissance\u00a0: nouveau format, nouvelle infographie, nouvelle \u00e9quipe \u00e9ditoriale.Suite \u00e0 un casting s\u00e9lectif, les auteurs historiques, Dominique Duhaut et Philippe Peyre, avaient recrut\u00e9 un ouvreur prolifique, Bruno B\u00e9atrix et un deuxi\u00e8me g\u00e9om\u00e8tre, Philippe Gay.Une p\u00e9riode de confinement, suivie d\u2019un mois de juin [&#8230;]\n","protected":false},"featured_media":174366,"template":"","meta":[],"product_brand":[],"product_cat":[21539],"product_tag":[],"class_list":{"0":"post-174365","1":"product","2":"type-product","3":"status-publish","4":"has-post-thumbnail","6":"product_cat-fuehrerliteratur-sportklettern-bouldern","7":"pa_autor-duhaut-peyre-beatrix-gay","8":"pa_erscheinungsjahr-27339","9":"pa_region-frankreich","10":"pa_sprache-fr","12":"first","13":"instock","14":"taxable","15":"shipping-taxable","16":"purchasable","17":"product-type-simple"},"_links":{"self":[{"href":"https:\/\/pizbube.ch\/en\/wp-json\/wp\/v2\/product\/174365","targetHints":{"allow":["GET"]}}],"collection":[{"href":"https:\/\/pizbube.ch\/en\/wp-json\/wp\/v2\/product"}],"about":[{"href":"https:\/\/pizbube.ch\/en\/wp-json\/wp\/v2\/types\/product"}],"wp:featuredmedia":[{"embeddable":true,"href":"https:\/\/pizbube.ch\/en\/wp-json\/wp\/v2\/media\/174366"}],"wp:attachment":[{"href":"https:\/\/pizbube.ch\/en\/wp-json\/wp\/v2\/media?parent=174365"}],"wp:term":[{"taxonomy":"product_brand","embeddable":true,"href":"https:\/\/pizbube.ch\/en\/wp-json\/wp\/v2\/product_brand?post=174365"},{"taxonomy":"product_cat","embeddable":true,"href":"https:\/\/pizbube.ch\/en\/wp-json\/wp\/v2\/product_cat?post=174365"},{"taxonomy":"product_tag","embeddable":true,"href":"https:\/\/pizbube.ch\/en\/wp-json\/wp\/v2\/product_tag?post=174365"}],"curies":[{"name":"wp","href":"https:\/\/api.w.org\/{rel}","templated":true}]}}