{"id":174401,"date":"2024-08-15T09:39:57","date_gmt":"2024-08-15T07:39:57","guid":{"rendered":"https:\/\/pizbube.ch\/?post_type=product&#038;p=174401"},"modified":"2024-08-23T11:57:45","modified_gmt":"2024-08-23T09:57:45","slug":"sicher-sichern","status":"publish","type":"product","link":"https:\/\/pizbube.ch\/en\/shop\/sicher-sichern\/","title":{"rendered":"Sicher Sichern"},"content":{"rendered":"<p>Sportklettern &#8211; Alpinismus &#8211; Gletscher &#8211; Eis &#8211; F\u00fchren &#8211; Retten &#8211; Bigwall<\/p>\n<p>Alle Sicherungstechniken s\u00e4mtlicher Bergsportdisziplinen werden detailliert, verst\u00e4ndlich, und locker beschrieben. Das Buch enth\u00e4lt zahlreiche Fotos, Illustrationen und Links zu kurzen Erkl\u00e4r-Videos<\/p>\n<p>Michael Hoffmanns \u201eSicher Sichern\u201c bietet einen vollst\u00e4ndigen \u00dcberblick \u00fcber alle zeitgem\u00e4\u00dfen Sicherungstechniken im Klettersport. Ob Fels- oder Eisklettern, Gletschertouren, Bigwall-Climbing, behelfsm\u00e4\u00dfige Bergrettung und F\u00fchrungstechnik: S\u00e4mtliche Bergsportdisziplinen werden detailliert und verst\u00e4ndlich beschrieben. Mit \u00fcbersichtlichem Layout und komplett aktualisiertem Inhalt, mit den neuesten Lehrmeinungen, den angesagten Techniken und den modernsten Sicherungsger\u00e4ten. Der Umfang hat sich mit fast 500 Seiten gegen\u00fcber der letzten Auflage nahezu verdoppelt und auch das Format ist deutlich gr\u00f6\u00dfer. Kurzum: Diese 5. Auflage ist ein vollkommen neues Buch.<\/p>\n<p>&#171;Climbing is not playing golf&#187; \u2013 sprich: Klettern ist und bleibt eine Sportart mit Risiken. Doch nahezu alle Gefahren k\u00f6nnen auf ein Minimum reduziert werden, wenn man sich mit der jeweiligen Thematik intensiv besch\u00e4ftigt. Genau das macht \u201eSicher Sichern&#187;. Michael Hoffmann bleibt nicht an der Oberfl\u00e4che, sondern taucht tief in die Materie ein. Aufschlussreiche Fotos orchestrieren die Beschreibungen, wenn n\u00f6tig sind komplexe Sachverhalte von Georg Sojer kongenial illustriert. Und der ganz besondere Clou der Neuauflage: Zahlreiche QR-Codes leiten zu kurzen, informativen Erkl\u00e4r-Videos.<\/p>\n<p>5. Auflage 2024,<br \/>\n496 Seiten, Broschur mit Klappen, 185 x 220 mm<\/p>","protected":false},"excerpt":{"rendered":"<p><strong><a href=\"https:\/\/pizbube.ch\/wp-content\/uploads\/2024\/08\/Leseprobe_SicherSichern.pdf\" target=\"_blank\" rel=\"noopener\">Leseprobe_SicherSichern<\/a><\/strong><\/p>","protected":false},"featured_media":174402,"template":"","meta":[],"product_brand":[],"product_cat":[21538],"product_tag":[],"class_list":{"0":"post-174401","1":"product","2":"type-product","3":"status-publish","4":"has-post-thumbnail","6":"product_cat-lehrbuecher","7":"pa_autor-hoffmann","8":"pa_erscheinungsjahr-27339","9":"pa_region-klettertechnik","10":"pa_sprache-de","12":"first","13":"instock","14":"taxable","15":"shipping-taxable","16":"purchasable","17":"product-type-simple"},"_links":{"self":[{"href":"https:\/\/pizbube.ch\/en\/wp-json\/wp\/v2\/product\/174401","targetHints":{"allow":["GET"]}}],"collection":[{"href":"https:\/\/pizbube.ch\/en\/wp-json\/wp\/v2\/product"}],"about":[{"href":"https:\/\/pizbube.ch\/en\/wp-json\/wp\/v2\/types\/product"}],"wp:featuredmedia":[{"embeddable":true,"href":"https:\/\/pizbube.ch\/en\/wp-json\/wp\/v2\/media\/174402"}],"wp:attachment":[{"href":"https:\/\/pizbube.ch\/en\/wp-json\/wp\/v2\/media?parent=174401"}],"wp:term":[{"taxonomy":"product_brand","embeddable":true,"href":"https:\/\/pizbube.ch\/en\/wp-json\/wp\/v2\/product_brand?post=174401"},{"taxonomy":"product_cat","embeddable":true,"href":"https:\/\/pizbube.ch\/en\/wp-json\/wp\/v2\/product_cat?post=174401"},{"taxonomy":"product_tag","embeddable":true,"href":"https:\/\/pizbube.ch\/en\/wp-json\/wp\/v2\/product_tag?post=174401"}],"curies":[{"name":"wp","href":"https:\/\/api.w.org\/{rel}","templated":true}]}}