{"id":174432,"date":"2024-08-15T15:42:26","date_gmt":"2024-08-15T13:42:26","guid":{"rendered":"https:\/\/pizbube.ch\/?post_type=product&#038;p=174432"},"modified":"2024-08-15T15:43:05","modified_gmt":"2024-08-15T13:43:05","slug":"der-kletterkurs","status":"publish","type":"product","link":"https:\/\/pizbube.ch\/en\/shop\/der-kletterkurs\/","title":{"rendered":"Der Kletterkurs"},"content":{"rendered":"<div id=\"tab-product-description\" class=\"ui-tabs-panel ui-widget-content ui-corner-bottom\" role=\"tabpanel\" aria-labelledby=\"ui-id-1\" aria-hidden=\"false\">\n<div class=\"description\">\n<p><span class=\"value\">P\u00e4dagogik \u2013 Kursplanung &#8211; Seil- und Sicherungstechnik<\/span><\/p>\n<p>Das 464 Seiten starke Werk behandelt die wesentlichen Elemente eines Kletterkurses von den p\u00e4dagogischen Grundlagen \u00fcber Kursplanung bis hin zu Knoten und allen g\u00e4ngigen Sicherungstechniken.<\/p>\n<p>Dabei geht es in logischer Reihenfolge vom Topropeklettern \u00fcber das Vorstiegsklettern und Sichern bis schlie\u00dflich zu Sturz und Sicherungstraining.<\/p>\n<p>Das Aufbauen von \u00dcbungsstationen wird erl\u00e4utert und auch der Sachverhalt des Umbauens und Abseilen hat ein eigenes Kapitel.<\/p>\n<p>Die Abschnitte Risiko und Krisenmanagement, Recht und Versicherung sowie Ausr\u00fcstung und ihre \u00dcberpr\u00fcfung schlie\u00dfen das Werk von Christiane Hupe ab.<\/p>\n<p>1. Auflage 2024;<br \/>\n464 Seiten<\/p>\n<\/div>\n<\/div>","protected":false},"excerpt":{"rendered":"<p>P\u00e4dagogik \u2013 Kursplanung &#8211; Seil- und Sicherungstechnik Das 464 Seiten starke Werk behandelt die wesentlichen Elemente eines Kletterkurses von den p\u00e4dagogischen Grundlagen \u00fcber Kursplanung bis hin zu Knoten und allen g\u00e4ngigen Sicherungstechniken. Dabei geht es in logischer Reihenfolge vom Topropeklettern \u00fcber das Vorstiegsklettern und Sichern bis schlie\u00dflich zu Sturz und Sicherungstraining. Das Aufbauen von \u00dcbungsstationen [&#8230;]\n","protected":false},"featured_media":174433,"template":"","meta":[],"product_brand":[],"product_cat":[21538,21542],"product_tag":[],"class_list":{"0":"post-174432","1":"product","2":"type-product","3":"status-publish","4":"has-post-thumbnail","6":"product_cat-lehrbuecher","7":"product_cat-sachbuecher-dokumentationen","8":"pa_autor-hupe","9":"pa_erscheinungsjahr-27339","10":"pa_region-klettertechnik","11":"pa_sprache-de","13":"first","14":"instock","15":"taxable","16":"shipping-taxable","17":"purchasable","18":"product-type-simple"},"_links":{"self":[{"href":"https:\/\/pizbube.ch\/en\/wp-json\/wp\/v2\/product\/174432","targetHints":{"allow":["GET"]}}],"collection":[{"href":"https:\/\/pizbube.ch\/en\/wp-json\/wp\/v2\/product"}],"about":[{"href":"https:\/\/pizbube.ch\/en\/wp-json\/wp\/v2\/types\/product"}],"wp:featuredmedia":[{"embeddable":true,"href":"https:\/\/pizbube.ch\/en\/wp-json\/wp\/v2\/media\/174433"}],"wp:attachment":[{"href":"https:\/\/pizbube.ch\/en\/wp-json\/wp\/v2\/media?parent=174432"}],"wp:term":[{"taxonomy":"product_brand","embeddable":true,"href":"https:\/\/pizbube.ch\/en\/wp-json\/wp\/v2\/product_brand?post=174432"},{"taxonomy":"product_cat","embeddable":true,"href":"https:\/\/pizbube.ch\/en\/wp-json\/wp\/v2\/product_cat?post=174432"},{"taxonomy":"product_tag","embeddable":true,"href":"https:\/\/pizbube.ch\/en\/wp-json\/wp\/v2\/product_tag?post=174432"}],"curies":[{"name":"wp","href":"https:\/\/api.w.org\/{rel}","templated":true}]}}