{"id":174452,"date":"2024-08-17T10:40:45","date_gmt":"2024-08-17T08:40:45","guid":{"rendered":"https:\/\/pizbube.ch\/?post_type=product&#038;p=174452"},"modified":"2024-09-05T08:49:35","modified_gmt":"2024-09-05T06:49:35","slug":"kletterfuehrer-allgaeu-inkl-tannheimer-berge","status":"publish","type":"product","link":"https:\/\/pizbube.ch\/en\/shop\/kletterfuehrer-allgaeu-inkl-tannheimer-berge\/","title":{"rendered":"Kletterf\u00fchrer Allg\u00e4u inkl. Tannheimer Berge"},"content":{"rendered":"<div class=\"product attribute overview\">\n<div class=\"value\">\n<p>Alpinklettern im Allg\u00e4u und den Tannheimer Bergen \u2013 einer f\u00fcr zwei.<\/p>\n<p>F\u00fcr alle Kletternden im S\u00fcdwesten Deutschlands sind die Allg\u00e4uer Alpen die am schnellsten zu erreichenden richtigen Berge und entsprechend beliebt sind das Oberallg\u00e4u und noch mehr die Tannheimer Berge. Die inzwischen 8. Auflage unseres Allg\u00e4u-Kletterf\u00fchrer hat nochmal 80 Seiten zugelegt und beschreibt alle lohnenden alpinen Kletterziele in dieser ersten Gebirgsreihe. Neben ber\u00fchmten Klassikern an Roter Fl\u00fch, Gimpel, Schneck, u.a. und beliebten Neoklassikern wie an der Zwerchwand sind auch die allerj\u00fcngsten Erschlie\u00dfungen enthalten. Dazu die Voralpen-Sportkletterg\u00e4rten mit Gipfel-Flair und Alpenblick (Ifen, Besler, Burgberger H\u00f6rnle, Rossberg, Kellerwand, Neunerk\u00f6pfle, Gaichtpass), und f\u00fcr die Winterharten unter euch die modernen Mixed-Klettereien (Aggenstein, Rubihorn, Gaisalpf\u00e4lle, Widderstein).<\/p>\n<p>Hinweis: Die in der Vorauflage des Kletterf\u00fchrers enthaltenen\u00a0<a href=\"https:\/\/pizbube.ch\/en\/shop\/kletterfuehrer-ammergauer-alpen\/\" target=\"_blank\" rel=\"noopener\"><strong>Ammergauer Alpen<\/strong><\/a>\u00a0sind inzwischen wieder Inhalt eines eigenen Gebietsf\u00fchrers. Die Klettereien um die Hermann-von-Barth H\u00fctte finden sich im\u00a0Kletterf\u00fchrer f\u00fcr die\u00a0<a href=\"https:\/\/pizbube.ch\/en\/shop\/lechtaler-alpen-alpine-ziele-und-klettergaerten\/\" target=\"_blank\" rel=\"noopener\"><strong>Lechtaler Alpen<\/strong><\/a>.<\/p>\n<p>8. Aufl. 2024,<br \/>\n504 Seiten, 115 x 185 mm, Softcover, komplett 4-farbig, Schutzh\u00fclle<\/p>\n<\/div>\n<\/div>","protected":false},"excerpt":{"rendered":"<p>Alpinklettern im Allg\u00e4u und den Tannheimer Bergen \u2013 einer f\u00fcr zwei. F\u00fcr alle Kletternden im S\u00fcdwesten Deutschlands sind die Allg\u00e4uer Alpen die am schnellsten zu erreichenden richtigen Berge und entsprechend beliebt sind das Oberallg\u00e4u und noch mehr die Tannheimer Berge. Die inzwischen 8. Auflage unseres Allg\u00e4u-Kletterf\u00fchrer hat nochmal 80 Seiten zugelegt und beschreibt alle lohnenden [&#8230;]\n","protected":false},"featured_media":174456,"template":"","meta":[],"product_brand":[],"product_cat":[21539],"product_tag":[],"class_list":{"0":"post-174452","1":"product","2":"type-product","3":"status-publish","4":"has-post-thumbnail","6":"product_cat-fuehrerliteratur-sportklettern-bouldern","7":"pa_autor-lutz","8":"pa_autor-pasold","9":"pa_erscheinungsjahr-27339","10":"pa_region-deutschland","11":"pa_sprache-de","13":"first","14":"instock","15":"taxable","16":"shipping-taxable","17":"purchasable","18":"product-type-simple"},"_links":{"self":[{"href":"https:\/\/pizbube.ch\/en\/wp-json\/wp\/v2\/product\/174452","targetHints":{"allow":["GET"]}}],"collection":[{"href":"https:\/\/pizbube.ch\/en\/wp-json\/wp\/v2\/product"}],"about":[{"href":"https:\/\/pizbube.ch\/en\/wp-json\/wp\/v2\/types\/product"}],"wp:featuredmedia":[{"embeddable":true,"href":"https:\/\/pizbube.ch\/en\/wp-json\/wp\/v2\/media\/174456"}],"wp:attachment":[{"href":"https:\/\/pizbube.ch\/en\/wp-json\/wp\/v2\/media?parent=174452"}],"wp:term":[{"taxonomy":"product_brand","embeddable":true,"href":"https:\/\/pizbube.ch\/en\/wp-json\/wp\/v2\/product_brand?post=174452"},{"taxonomy":"product_cat","embeddable":true,"href":"https:\/\/pizbube.ch\/en\/wp-json\/wp\/v2\/product_cat?post=174452"},{"taxonomy":"product_tag","embeddable":true,"href":"https:\/\/pizbube.ch\/en\/wp-json\/wp\/v2\/product_tag?post=174452"}],"curies":[{"name":"wp","href":"https:\/\/api.w.org\/{rel}","templated":true}]}}