{"id":174461,"date":"2024-08-17T12:36:48","date_gmt":"2024-08-17T10:36:48","guid":{"rendered":"https:\/\/pizbube.ch\/?post_type=product&#038;p=174461"},"modified":"2026-04-10T08:52:36","modified_gmt":"2026-04-10T06:52:36","slug":"paklenica-kletterfuehrer-2","status":"publish","type":"product","link":"https:\/\/pizbube.ch\/en\/shop\/paklenica-kletterfuehrer-2\/","title":{"rendered":"Paklenica Kletterf\u00fchrer"},"content":{"rendered":"<p>Kletterparadies in Kroatien, in unmittelbarer N\u00e4he der Adria.<br \/>\n<span class=\"value\">Zahlreiche Sportkletterrouten und einige wenige Boulderprobleme im Velebit-Gebirge unweit der kroatischen Adriak\u00fcste.<\/span><\/p>\n<p><span class=\"value\">Wenn du ein begeisterter Kletterer bist, dann ist das Klettergebiet um Paklenica definitiv einen Besuch wert. Hier findest du alles, was dein Kletterherz begehrt: atemberaubende Landschaften, Kalksteinw\u00e4nde in verschiedenen Schwierigkeitsgraden und eine tolle Community von Kletterern aus aller Welt.<\/span><\/p>\n<p><span class=\"value\">Paklenica ist ein beliebtes Ziel f\u00fcr Kletterer, die ihre Grenzen ausloten und neue Herausforderungen suchen. Mit Routen, die von 4 bis 8b+ reichen, gibt es hier f\u00fcr jeden etwas.<\/span><\/p>\n<p><span class=\"value\">Eines der Highlights des Klettergebiets ist definitiv der Nationalpark Paklenica, der f\u00fcr seine l\u00e4ngeren Routen und spektakul\u00e4ren Aussichten bekannt ist. Die W\u00e4nde hier k\u00f6nnen bis zu 400 Meter hoch sein, was das Klettern zu einem unvergesslichen Erlebnis macht. Aber auch der Nationalpark Velika Paklenica bietet eine tolle Auswahl an Routen und ist ideal f\u00fcr Anf\u00e4nger und Fortgeschrittene.<\/span><\/p>\n<p>Topof\u00fchrer \u00fcber die bekannte Schlucht mit allen notwendigen Infos zu Anreise,<br \/>\nCamping, Absicherung usw.<\/p>\n<p>Beschrieben sind 23 Sektoren und<br \/>\nBoulderm\u00f6glichkeiten, mit neuen Mehrseil\u00e4ngenrouten am Anica Kuk,<br \/>\n376 Seiten<br \/>\n9. \u00fcberarbeitete Auflage 2024<\/p>\n<p>&nbsp;<\/p>\n<p>This definitive guidebook covers all the sport climbing and traditional rock climbing routes in the National Park of Paklenica, including the all the routes on the famous Anica kuk and Debeli kuk walls. The guidebook covers all of the following sectors:<\/p>\n<p>Single pitch sport routes in Klanci.<br \/>\nLong multi-pitch routes on Anica kuk.<br \/>\nLong multi-pitch routes on Debeli kuk.<br \/>\nMulti-pitch routes on Veliki Vitrenik, Kukovi ispod Vlake, Maniti kuk, Veliki Cuk, Mali Cuk, and Kuk od Skradelin.<br \/>\nIncludes 3 areas outside of the park, which are Vaganac, Sopnja?a, Vranja?a, and Karin.<\/p>\n<p>The multi-pitch routes at Paklenica are a mixture of sport routes and traditional routes (requiring cams and nuts). However the guidebook indicates this at the start of each route, and often (especially the easier routes) there is at combination of bolted protection and traditional protection on the same route.<\/p>\n<p>All the routes are shown on colour photo topos, and most of the multi-pitch routes have an additional topo diagram. Each pitch is graded (using French grades) along with the overall length of the route.<\/p>\n<p>Published in July 2024 (Updated 9th Edition), the text at the start of each crag and\/or section is in Croatian, German, and English text. This new updated 8th edition is a modern design, with all the topos in full colour, and attractive action photographs..<\/p>\n<p>&nbsp;<\/p>","protected":false},"excerpt":{"rendered":"<p>Kletterparadies in Kroatien, in unmittelbarer N\u00e4he der Adria. Zahlreiche Sportkletterrouten und einige wenige Boulderprobleme im Velebit-Gebirge unweit der kroatischen Adriak\u00fcste. Wenn du ein begeisterter Kletterer bist, dann ist das Klettergebiet um Paklenica definitiv einen Besuch wert. Hier findest du alles, was dein Kletterherz begehrt: atemberaubende Landschaften, Kalksteinw\u00e4nde in verschiedenen Schwierigkeitsgraden und eine tolle Community von [&#8230;]\n","protected":false},"featured_media":174463,"template":"","meta":[],"product_brand":[],"product_cat":[21539],"product_tag":[],"class_list":{"0":"post-174461","1":"product","2":"type-product","3":"status-publish","4":"has-post-thumbnail","6":"product_cat-fuehrerliteratur-sportklettern-bouldern","7":"pa_autor-cujic","8":"pa_erscheinungsjahr-27339","9":"pa_region-osteuropa","10":"pa_sprache-de-en-it","12":"first","13":"onbackorder","14":"taxable","15":"shipping-taxable","16":"purchasable","17":"product-type-simple"},"_links":{"self":[{"href":"https:\/\/pizbube.ch\/en\/wp-json\/wp\/v2\/product\/174461","targetHints":{"allow":["GET"]}}],"collection":[{"href":"https:\/\/pizbube.ch\/en\/wp-json\/wp\/v2\/product"}],"about":[{"href":"https:\/\/pizbube.ch\/en\/wp-json\/wp\/v2\/types\/product"}],"wp:featuredmedia":[{"embeddable":true,"href":"https:\/\/pizbube.ch\/en\/wp-json\/wp\/v2\/media\/174463"}],"wp:attachment":[{"href":"https:\/\/pizbube.ch\/en\/wp-json\/wp\/v2\/media?parent=174461"}],"wp:term":[{"taxonomy":"product_brand","embeddable":true,"href":"https:\/\/pizbube.ch\/en\/wp-json\/wp\/v2\/product_brand?post=174461"},{"taxonomy":"product_cat","embeddable":true,"href":"https:\/\/pizbube.ch\/en\/wp-json\/wp\/v2\/product_cat?post=174461"},{"taxonomy":"product_tag","embeddable":true,"href":"https:\/\/pizbube.ch\/en\/wp-json\/wp\/v2\/product_tag?post=174461"}],"curies":[{"name":"wp","href":"https:\/\/api.w.org\/{rel}","templated":true}]}}