{"id":174506,"date":"2024-08-21T11:55:12","date_gmt":"2024-08-21T09:55:12","guid":{"rendered":"https:\/\/pizbube.ch\/?post_type=product&#038;p=174506"},"modified":"2024-08-21T11:55:12","modified_gmt":"2024-08-21T09:55:12","slug":"spa-wandern-schweiz","status":"publish","type":"product","link":"https:\/\/pizbube.ch\/en\/shop\/spa-wandern-schweiz\/","title":{"rendered":"Spa-Wandern Schweiz"},"content":{"rendered":"<p>Die enspannendste Art, die Schweiz zu entdecken<\/p>\n<p>Wasserratten und Wanderv\u00f6gel, diese 30 Wanderungen sind f\u00fcr euch! Erkundet die Schweiz mit dem etwas anderen Ziel vor Augen. In 30\u00a0Routen vereint dieser F\u00fchrer den aktiven Genuss einer Wanderung mit der k\u00f6stlichen Entspannung in einem Spa, Bad oder einer Therme. Lasst euch auf einzigartigen Wegen durch die Berge und T\u00e4ler, durch St\u00e4dte und das Flachland der Schweiz mit ihren europaweit einzigartigen Thermalquellen, Fl\u00fcssen und Seen f\u00fchren.<\/p>\n<p>Ob mit der Familie, alleine oder zu zweit: Wandelt auf den Spuren der jahrhundertealten B\u00e4der- und Kurtradition des Wasserschlosses Europas und geniesst dieses einzigartige Self-Care-Erlebnis. Dieses Buch potr\u00e4tiert 30 moderne und traditionelle Wellnessoasen und bietet spannende Informationen zu Geschichte, Architektur und Umgebung. Ob in der weltbekannten Therme in Vals, dem geschichtstr\u00e4chtigen und von der B\u00e4dertradition gepr\u00e4gten Ort Baden oder in der familienfreundlichen Atmosph\u00e4re der Jugendherberge in Saas-Fee\u00a0\u2013 mit diesem Guide finden alle ihre Entspannung.<\/p>\n<ul>\n<li>Ein origineller Wanderf\u00fchrer, in dem Self-Care grossgeschrieben wird<\/li>\n<li>30 detaillierte Wanderungen mit Routenbeschreibungen, Karten und herunterladbaren GPX-Daten<\/li>\n<li>Portr\u00e4tiert eine Vielfalt an Spas, B\u00e4dern und Wellnessorten in der ganzen Schweiz &#8211; F\u00fcr jedes Wanderniveau sowie f\u00fcr Familien geeignet<\/li>\n<li>Alle Ausgangsorte sind mit dem \u00f6ffentlichen Verkehr erreichbar.<\/li>\n<\/ul>\n<p>1 Auflage 2024<\/p>","protected":false},"excerpt":{"rendered":"<p>Die enspannendste Art, die Schweiz zu entdecken Wasserratten und Wanderv\u00f6gel, diese 30 Wanderungen sind f\u00fcr euch! Erkundet die Schweiz mit dem etwas anderen Ziel vor Augen. In 30\u00a0Routen vereint dieser F\u00fchrer den aktiven Genuss einer Wanderung mit der k\u00f6stlichen Entspannung in einem Spa, Bad oder einer Therme. Lasst euch auf einzigartigen Wegen durch die Berge [&#8230;]\n","protected":false},"featured_media":174507,"template":"","meta":[],"product_brand":[],"product_cat":[21605],"product_tag":[27462],"class_list":{"0":"post-174506","1":"product","2":"type-product","3":"status-publish","4":"has-post-thumbnail","6":"product_cat-wanderfuehrer-trekking","7":"product_tag-spawandern-schweiz","8":"pa_autor-ouzi-bader","9":"pa_erscheinungsjahr-27339","10":"pa_region-schweiz","11":"pa_sprache-de","13":"first","14":"instock","15":"taxable","16":"shipping-taxable","17":"purchasable","18":"product-type-simple"},"_links":{"self":[{"href":"https:\/\/pizbube.ch\/en\/wp-json\/wp\/v2\/product\/174506","targetHints":{"allow":["GET"]}}],"collection":[{"href":"https:\/\/pizbube.ch\/en\/wp-json\/wp\/v2\/product"}],"about":[{"href":"https:\/\/pizbube.ch\/en\/wp-json\/wp\/v2\/types\/product"}],"wp:featuredmedia":[{"embeddable":true,"href":"https:\/\/pizbube.ch\/en\/wp-json\/wp\/v2\/media\/174507"}],"wp:attachment":[{"href":"https:\/\/pizbube.ch\/en\/wp-json\/wp\/v2\/media?parent=174506"}],"wp:term":[{"taxonomy":"product_brand","embeddable":true,"href":"https:\/\/pizbube.ch\/en\/wp-json\/wp\/v2\/product_brand?post=174506"},{"taxonomy":"product_cat","embeddable":true,"href":"https:\/\/pizbube.ch\/en\/wp-json\/wp\/v2\/product_cat?post=174506"},{"taxonomy":"product_tag","embeddable":true,"href":"https:\/\/pizbube.ch\/en\/wp-json\/wp\/v2\/product_tag?post=174506"}],"curies":[{"name":"wp","href":"https:\/\/api.w.org\/{rel}","templated":true}]}}