{"id":174529,"date":"2024-08-23T09:22:06","date_gmt":"2024-08-23T07:22:06","guid":{"rendered":"https:\/\/pizbube.ch\/?post_type=product&#038;p=174529"},"modified":"2024-08-23T09:22:06","modified_gmt":"2024-08-23T07:22:06","slug":"monviso-125000-blatt-135-valle-varaita-valle-po","status":"publish","type":"product","link":"https:\/\/pizbube.ch\/en\/shop\/monviso-125000-blatt-135-valle-varaita-valle-po\/","title":{"rendered":"Monviso 1:25&#8217;000 Blatt 135: Valle Varaita, Valle Po."},"content":{"rendered":"<p>Wanderkarte Monviso:<br \/>\nValle Varaita, Valle Po.<\/p>\n<p>Die Geo4Map-Wanderkarte wurde im Ma\u00dfstab 1:25.000 mit dem Referenzsystem WGS84 UTM Zone 32N erstellt und bietet eine umfassende Darstellung des Gebiets in Farbe mit einer einfach zu faltenden Ziehharmonikafalte.<\/p>\n<p>Kartografischer Inhalt:<\/p>\n<ul>\n<li>Alle Wege nach Schwierigkeitsgrad angegeben;<\/li>\n<li>Gut sichtbare Koordinaten zur Verwendung in Verbindung mit GPS;<\/li>\n<li>Niveaukurven auf 20 Metern;<\/li>\n<li>Dreidimensionales Modell des Gel\u00e4ndes;<\/li>\n<li>Handgezeichnete Felsdetails;<\/li>\n<li>Topografische Informationen wie Fl\u00fcsse, Berge, St\u00e4dte, Stra\u00dfen, angereichert mit anderen Elementen wie Klippen und Radwegen;<\/li>\n<li>Legende in vier Sprachen: Italienisch, Englisch, Deutsch und Franz\u00f6sisch.<\/li>\n<\/ul>\n<p>Auf der R\u00fcckseite:<\/p>\n<ul>\n<li>Wie man eine Karte liest, Verwendung des Kompasses, Orientierungsbegriffe und die h\u00e4ufigsten Knotenpunkte;<\/li>\n<li>N\u00fctzliche Informationen f\u00fcr die Erste Hilfe: Einen Notruf absetzen, Erste Hilfe f\u00fcr sich selbst oder verletzte Personen leisten oder Unannehmlichkeiten wie Insektenstiche, Schnittwunden und Krankheiten bew\u00e4ltigen;<\/li>\n<li>Der Inhalt ist in drei Sprachen verf\u00fcgbar:\u00a0Italienisch, Englisch und Deutsch.<\/li>\n<\/ul>\n<p>Die georeferenzierten kartografischen Grundlagen werden dem Nationalen Rettungskorps f\u00fcr Alpen- und H\u00f6hlenforschung zur Verf\u00fcgung gestellt, um eine bessere Kommunikation zwischen Rettern und Wanderern in Schwierigkeiten zu erm\u00f6glichen.<\/p>\n<p>gedruckt auf stonepaper;<br \/>\n1. Auflage 2023<\/p>","protected":false},"excerpt":{"rendered":"<p>Wanderkarte Monviso: Valle Varaita, Valle Po. Die Geo4Map-Wanderkarte wurde im Ma\u00dfstab 1:25.000 mit dem Referenzsystem WGS84 UTM Zone 32N erstellt und bietet eine umfassende Darstellung des Gebiets in Farbe mit einer einfach zu faltenden Ziehharmonikafalte. Kartografischer Inhalt: Alle Wege nach Schwierigkeitsgrad angegeben; Gut sichtbare Koordinaten zur Verwendung in Verbindung mit GPS; Niveaukurven auf 20 Metern; [&#8230;]\n","protected":false},"featured_media":174530,"template":"","meta":[],"product_brand":[],"product_cat":[21543],"product_tag":[27464,27446],"class_list":{"0":"post-174529","1":"product","2":"type-product","3":"status-publish","4":"has-post-thumbnail","6":"product_cat-landkarten","7":"product_tag-mon-viso","8":"product_tag-monte-viso","9":"pa_autor-geo4map","10":"pa_erscheinungsjahr-27129","11":"pa_region-italien","12":"pa_sprache-de-fr-en-it","14":"first","15":"instock","16":"taxable","17":"shipping-taxable","18":"purchasable","19":"product-type-simple"},"_links":{"self":[{"href":"https:\/\/pizbube.ch\/en\/wp-json\/wp\/v2\/product\/174529","targetHints":{"allow":["GET"]}}],"collection":[{"href":"https:\/\/pizbube.ch\/en\/wp-json\/wp\/v2\/product"}],"about":[{"href":"https:\/\/pizbube.ch\/en\/wp-json\/wp\/v2\/types\/product"}],"wp:featuredmedia":[{"embeddable":true,"href":"https:\/\/pizbube.ch\/en\/wp-json\/wp\/v2\/media\/174530"}],"wp:attachment":[{"href":"https:\/\/pizbube.ch\/en\/wp-json\/wp\/v2\/media?parent=174529"}],"wp:term":[{"taxonomy":"product_brand","embeddable":true,"href":"https:\/\/pizbube.ch\/en\/wp-json\/wp\/v2\/product_brand?post=174529"},{"taxonomy":"product_cat","embeddable":true,"href":"https:\/\/pizbube.ch\/en\/wp-json\/wp\/v2\/product_cat?post=174529"},{"taxonomy":"product_tag","embeddable":true,"href":"https:\/\/pizbube.ch\/en\/wp-json\/wp\/v2\/product_tag?post=174529"}],"curies":[{"name":"wp","href":"https:\/\/api.w.org\/{rel}","templated":true}]}}