{"id":174563,"date":"2024-08-24T09:50:10","date_gmt":"2024-08-24T07:50:10","guid":{"rendered":"https:\/\/pizbube.ch\/?post_type=product&#038;p=174563"},"modified":"2025-03-12T13:58:03","modified_gmt":"2025-03-12T12:58:03","slug":"er-ging-voraus-nach-lhasa","status":"publish","type":"product","link":"https:\/\/pizbube.ch\/en\/shop\/er-ging-voraus-nach-lhasa\/","title":{"rendered":"Er ging voraus nach Lhasa"},"content":{"rendered":"<p>Peter Aufschnaiter. Die Biographie des gro\u00dfen Himalaya-Pioniers. Das faszinierende Leben des Masterminds hinter &#171;Sieben Jahre in Tibet&#187;<\/p>\n<p>Es geh\u00f6rt zu den gro\u00dfen Epen der Moderne: Das Abenteuer der beiden \u00f6sterreichischen Bergsteiger, die im Jahr 1944 aus einem Gefangenenlager im Norden Indiens fliehen, die ungeheuren Weiten des tibetischen Hochlands im Winter \u00fcberwinden und schlie\u00dflich in Lumpen die verbotene Stadt Lhasa erreichen, wo sie die traditionelle tibetische Gesellschaft in den letzten Jahren ihrer Bl\u00fcte als Zeitzeugen erleben. W\u00e4hrend einer der beiden Fl\u00fcchtlinge, Heinrich Harrer, mit dem schlie\u00dflich mit Brad Pitt in der Hauptrolle verfilmten Bestseller \u201eSieben Jahre in Tibet\u201c weltber\u00fchmt wurde, blieb Peter Aufschnaiter (1899\u20131973) weitgehend unbekannt. Dabei war er der Kopf und die treibende Kraft hinter dem aufsehenerregenden Abenteuer: Er kannte Tibet aus langj\u00e4hrigen Studien, zeichnete Karten, sprach flie\u00dfend Tibetisch und er war es, der die Energie und Entschlossenheit hatte, durchzuhalten und weiterzugehen, wo sein Gef\u00e4hrte l\u00e4ngst aufgeben wollte.<\/p>\n<p>Wer aber war dieser geheimnisumwitterte Mann, der auch nach dem Einmarsch der Chinesen nach Tibet und der Flucht des Dalai Lama im Himalaya blieb und sich um die Entwicklung Tibets und Nepals wie kaum ein anderer verdient machte? \u2013 Mit dieser akribisch recherchierten, ersten umfassenden Biographie, illustriert mit einzigartigem historischen Bildmaterial, wird einem der gr\u00f6\u00dften Entdecker, Bergsteiger, Kartographen und Entwicklungshelfer des 20. Jahrhunderts erstmals die Beachtung geschenkt, die er verdient \u2013 und die wahre Geschichte hinter dem Mythos packend erz\u00e4hlt.<\/p>\n<p>Hardcover<br \/>\n416 Seiten; 68 sw Abb., 3 farb. Karten; 22.5 cm x 15 cm<br \/>\n3. Auflage 2019<\/p>","protected":false},"excerpt":{"rendered":"<p>Peter Aufschnaiter. Die Biographie des gro\u00dfen Himalaya-Pioniers. Das faszinierende Leben des Masterminds hinter &#171;Sieben Jahre in Tibet&#187; Es geh\u00f6rt zu den gro\u00dfen Epen der Moderne: Das Abenteuer der beiden \u00f6sterreichischen Bergsteiger, die im Jahr 1944 aus einem Gefangenenlager im Norden Indiens fliehen, die ungeheuren Weiten des tibetischen Hochlands im Winter \u00fcberwinden und schlie\u00dflich in Lumpen [&#8230;]\n","protected":false},"featured_media":174564,"template":"","meta":[],"product_brand":[],"product_cat":[21542],"product_tag":[],"class_list":{"0":"post-174563","1":"product","2":"type-product","3":"status-publish","4":"has-post-thumbnail","6":"product_cat-sachbuecher-dokumentationen","7":"pa_autor-mailaender","8":"pa_erscheinungsjahr-21586","9":"pa_region-asien","10":"pa_sprache-de","12":"first","13":"instock","14":"taxable","15":"shipping-taxable","16":"purchasable","17":"product-type-simple"},"_links":{"self":[{"href":"https:\/\/pizbube.ch\/en\/wp-json\/wp\/v2\/product\/174563","targetHints":{"allow":["GET"]}}],"collection":[{"href":"https:\/\/pizbube.ch\/en\/wp-json\/wp\/v2\/product"}],"about":[{"href":"https:\/\/pizbube.ch\/en\/wp-json\/wp\/v2\/types\/product"}],"wp:featuredmedia":[{"embeddable":true,"href":"https:\/\/pizbube.ch\/en\/wp-json\/wp\/v2\/media\/174564"}],"wp:attachment":[{"href":"https:\/\/pizbube.ch\/en\/wp-json\/wp\/v2\/media?parent=174563"}],"wp:term":[{"taxonomy":"product_brand","embeddable":true,"href":"https:\/\/pizbube.ch\/en\/wp-json\/wp\/v2\/product_brand?post=174563"},{"taxonomy":"product_cat","embeddable":true,"href":"https:\/\/pizbube.ch\/en\/wp-json\/wp\/v2\/product_cat?post=174563"},{"taxonomy":"product_tag","embeddable":true,"href":"https:\/\/pizbube.ch\/en\/wp-json\/wp\/v2\/product_tag?post=174563"}],"curies":[{"name":"wp","href":"https:\/\/api.w.org\/{rel}","templated":true}]}}