{"id":174701,"date":"2024-09-03T11:24:15","date_gmt":"2024-09-03T09:24:15","guid":{"rendered":"https:\/\/pizbube.ch\/?post_type=product&#038;p=174701"},"modified":"2024-09-03T11:24:15","modified_gmt":"2024-09-03T09:24:15","slug":"bike-hike-vinschgau-meraner-land","status":"publish","type":"product","link":"https:\/\/pizbube.ch\/en\/shop\/bike-hike-vinschgau-meraner-land\/","title":{"rendered":"Bike &amp; Hike Vinschgau &#8211; Meraner Land"},"content":{"rendered":"<p class=\"field-content\">34 lohnende E-Bike-Touren kombiniert mit 44 Gipfelbesteigungen<\/p>\n<p>Der neue Trend in den Alpen: Mit dem E-Bike dorthin zu fahren, wo das eigentliche Bergsteigen beginnt. Bergbegeisterte Wanderer haben den Vorteil des E-Bikes f\u00fcr sich entdeckt und verbinden dies mit einer Wanderung: effizient, umweltschonend und immer in der freien Natur! Dieser F\u00fchrer beschreibt die sch\u00f6nsten Touren in allen Schwierigkeitsklassen im Vinschgau und im Meraner Land.<\/p>\n<p>Die E-Bike Tour zum Ausgangspunkt ist genau beschrieben inklusive technischen Details wie L\u00e4nge, H\u00f6henmeter und Zeitaufwand. Das Bike wird am Ausgangspunkt der Wanderung abgestellt und die Tour geht weiter mit einer sch\u00f6nen Gipfelbesteigung &#8230;<br \/>\nEin Muss f\u00fcr jeden Berg- und Naturbegeisterten!<br \/>\nAlle Touren auch offline in der SentresAPP verf\u00fcgbar.<\/p>\n<p>152 Seiten,<br \/>\n1. Auflage 2019<\/p>","protected":false},"excerpt":{"rendered":"<p>34 lohnende E-Bike-Touren kombiniert mit 44 Gipfelbesteigungen Der neue Trend in den Alpen: Mit dem E-Bike dorthin zu fahren, wo das eigentliche Bergsteigen beginnt. Bergbegeisterte Wanderer haben den Vorteil des E-Bikes f\u00fcr sich entdeckt und verbinden dies mit einer Wanderung: effizient, umweltschonend und immer in der freien Natur! Dieser F\u00fchrer beschreibt die sch\u00f6nsten Touren in [&#8230;]\n","protected":false},"featured_media":174702,"template":"","meta":[],"product_brand":[],"product_cat":[21544,21606,21605],"product_tag":[],"class_list":{"0":"post-174701","1":"product","2":"type-product","3":"status-publish","4":"has-post-thumbnail","6":"product_cat-fuehrerliteratur-alpin-sommer","7":"product_cat-mountainbikefuehrer","8":"product_cat-wanderfuehrer-trekking","9":"pa_autor-ladurner","10":"pa_erscheinungsjahr-21586","11":"pa_region-italien","12":"pa_sprache-de","14":"first","15":"instock","16":"taxable","17":"shipping-taxable","18":"purchasable","19":"product-type-simple"},"_links":{"self":[{"href":"https:\/\/pizbube.ch\/en\/wp-json\/wp\/v2\/product\/174701","targetHints":{"allow":["GET"]}}],"collection":[{"href":"https:\/\/pizbube.ch\/en\/wp-json\/wp\/v2\/product"}],"about":[{"href":"https:\/\/pizbube.ch\/en\/wp-json\/wp\/v2\/types\/product"}],"wp:featuredmedia":[{"embeddable":true,"href":"https:\/\/pizbube.ch\/en\/wp-json\/wp\/v2\/media\/174702"}],"wp:attachment":[{"href":"https:\/\/pizbube.ch\/en\/wp-json\/wp\/v2\/media?parent=174701"}],"wp:term":[{"taxonomy":"product_brand","embeddable":true,"href":"https:\/\/pizbube.ch\/en\/wp-json\/wp\/v2\/product_brand?post=174701"},{"taxonomy":"product_cat","embeddable":true,"href":"https:\/\/pizbube.ch\/en\/wp-json\/wp\/v2\/product_cat?post=174701"},{"taxonomy":"product_tag","embeddable":true,"href":"https:\/\/pizbube.ch\/en\/wp-json\/wp\/v2\/product_tag?post=174701"}],"curies":[{"name":"wp","href":"https:\/\/api.w.org\/{rel}","templated":true}]}}