{"id":174709,"date":"2024-09-03T14:43:03","date_gmt":"2024-09-03T12:43:03","guid":{"rendered":"https:\/\/pizbube.ch\/?post_type=product&#038;p=174709"},"modified":"2024-10-17T08:57:05","modified_gmt":"2024-10-17T06:57:05","slug":"auf-den-berg-gekommen","status":"publish","type":"product","link":"https:\/\/pizbube.ch\/en\/shop\/auf-den-berg-gekommen\/","title":{"rendered":"Auf den Berg gekommen!"},"content":{"rendered":"<p>Georg \u201eSchorsch\u201c Sojer bewegt sich und seine Leser seit Jahrzehnten durch die alpinen Szenen. Seine Cartoons zur Welt der Berge in ihrer ganzen Komplexit\u00e4t mit ihren Gipfeln, Felsen und schneebedeckten H\u00e4ngen sind nicht nur voller Humor, sondern manchmal auch tiefgr\u00fcndig lehrreich.<\/p>\n<p>Seine ber\u00fchmten \u201eKnollennasen\u201c sind jedem Bergsteiger ein Begriff. Mit einer einzigartigen Mischung aus Humor und Tiefsinn sind sie aus der skurrilen Welt des alpinen Treibens nicht mehr wegzudenken. Sojers Cartoons sind aber viel zu schade, um nur einmal in einer Zeitschrift abgedruckt zu werden, um dann schnell wieder in Vergessenheit zu geraten &#8211; dem tr\u00e4gt dieses Buch Rechnung.<\/p>\n<p>Ob als Alpinist oder Hallenkletterer, Wanderer oder Ski-Bergsteiger &#8211; diese einmalige Sammlung an teils bissigen, teils ironischen, teils sarkastischen Ideen muss jeden begeistern! Tauche ein in die Welt der Berge und lass dich von den pointierten Witzen mitrei\u00dfen.<\/p>\n<p>Ein Muss f\u00fcr alle die &#171;Auf den Berg gekommen!&#187; sind oder dorthin m\u00f6chten!<\/p>\n<p>1. Auflage 2014;<br \/>\n108 Seiten, Format A4<\/p>","protected":false},"excerpt":{"rendered":"<p>Georg \u201eSchorsch\u201c Sojer bewegt sich und seine Leser seit Jahrzehnten durch die alpinen Szenen. Seine Cartoons zur Welt der Berge in ihrer ganzen Komplexit\u00e4t mit ihren Gipfeln, Felsen und schneebedeckten H\u00e4ngen sind nicht nur voller Humor, sondern manchmal auch tiefgr\u00fcndig lehrreich. Seine ber\u00fchmten \u201eKnollennasen\u201c sind jedem Bergsteiger ein Begriff. Mit einer einzigartigen Mischung aus Humor [&#8230;]\n","protected":false},"featured_media":174710,"template":"","meta":[],"product_brand":[],"product_cat":[21881],"product_tag":[],"class_list":{"0":"post-174709","1":"product","2":"type-product","3":"status-publish","4":"has-post-thumbnail","6":"product_cat-comics","7":"pa_autor-sojer","8":"pa_erscheinungsjahr-27339","9":"pa_region-deutschland","10":"pa_sprache-de","12":"first","13":"instock","14":"taxable","15":"shipping-taxable","16":"purchasable","17":"product-type-simple"},"_links":{"self":[{"href":"https:\/\/pizbube.ch\/en\/wp-json\/wp\/v2\/product\/174709","targetHints":{"allow":["GET"]}}],"collection":[{"href":"https:\/\/pizbube.ch\/en\/wp-json\/wp\/v2\/product"}],"about":[{"href":"https:\/\/pizbube.ch\/en\/wp-json\/wp\/v2\/types\/product"}],"wp:featuredmedia":[{"embeddable":true,"href":"https:\/\/pizbube.ch\/en\/wp-json\/wp\/v2\/media\/174710"}],"wp:attachment":[{"href":"https:\/\/pizbube.ch\/en\/wp-json\/wp\/v2\/media?parent=174709"}],"wp:term":[{"taxonomy":"product_brand","embeddable":true,"href":"https:\/\/pizbube.ch\/en\/wp-json\/wp\/v2\/product_brand?post=174709"},{"taxonomy":"product_cat","embeddable":true,"href":"https:\/\/pizbube.ch\/en\/wp-json\/wp\/v2\/product_cat?post=174709"},{"taxonomy":"product_tag","embeddable":true,"href":"https:\/\/pizbube.ch\/en\/wp-json\/wp\/v2\/product_tag?post=174709"}],"curies":[{"name":"wp","href":"https:\/\/api.w.org\/{rel}","templated":true}]}}