{"id":174723,"date":"2024-09-04T09:36:29","date_gmt":"2024-09-04T07:36:29","guid":{"rendered":"https:\/\/pizbube.ch\/?post_type=product&#038;p=174723"},"modified":"2024-09-14T14:02:04","modified_gmt":"2024-09-14T12:02:04","slug":"gegenwind","status":"publish","type":"product","link":"https:\/\/pizbube.ch\/en\/shop\/gegenwind\/","title":{"rendered":"Gegenwind"},"content":{"rendered":"<p><span class=\"value\">Vom Wachsen an Widerst\u00e4nden <\/span><\/p>\n<p><span class=\"value\">Reinhold Messners pers\u00f6nlichstes Buch: zum 80. Geburtstag sein neues gro\u00dfes autobiografisches Buch:<br \/>\nEine, wenn nicht die Konstante in Reinhold Messners Leben ist der Gegenwind: ob bei schweren St\u00fcrmen auf dem Weg \u00fcber das Gr\u00f6nland-Eis mit seinem Bruder Hubert, ob allein in den steilsten W\u00e4nden. Vor allem aber zur\u00fcck in der Zivilisation, wo seine Taten von jeher Widerspruch provozieren. <\/span><\/p>\n<p><span class=\"value\">Schon als freiheitsliebender Sch\u00fcler wurde er diskreditiert; immer wieder erlebte er Anfeindungen &#8211; als vision\u00e4rer Bergsteiger und Museumsmacher, als erfolgreicher Autor und Individualist. Mit der Erfahrung aus acht Jahrzehnten reflektiert Messner Freundschaften und Intrigen, alpinistische wie private H\u00f6hepunkte und R\u00fcckschl\u00e4ge. Eindrucksvoll, mit entwaffnender Offenheit und sprachlicher Kraft vermittelt er, wie Gegenwind Fl\u00fcgel wachsen l\u00e4sst. Und die F\u00e4higkeit, auch im Alter Tr\u00e4ume zu realisieren.<\/span><\/p>\n<p>Mit \u00fcber vierzig Abbildungen<\/p>\n<p>1.Auflage 2024;<br \/>\n<span class=\"value\">336 Seiten<\/span><\/p>\n<p>&nbsp;<\/p>","protected":false},"excerpt":{"rendered":"<p>Vom Wachsen an Widerst\u00e4nden Reinhold Messners pers\u00f6nlichstes Buch: zum 80. Geburtstag sein neues gro\u00dfes autobiografisches Buch: Eine, wenn nicht die Konstante in Reinhold Messners Leben ist der Gegenwind: ob bei schweren St\u00fcrmen auf dem Weg \u00fcber das Gr\u00f6nland-Eis mit seinem Bruder Hubert, ob allein in den steilsten W\u00e4nden. Vor allem aber zur\u00fcck in der Zivilisation, [&#8230;]\n","protected":false},"featured_media":174724,"template":"","meta":[],"product_brand":[],"product_cat":[21542,26762],"product_tag":[],"class_list":{"0":"post-174723","1":"product","2":"type-product","3":"status-publish","4":"has-post-thumbnail","6":"product_cat-sachbuecher-dokumentationen","7":"product_cat-unkategorisiert","8":"pa_autor-messner","9":"pa_erscheinungsjahr-27339","10":"pa_region-deutschland","11":"pa_region-italien","12":"pa_sprache-de","14":"first","15":"instock","16":"taxable","17":"shipping-taxable","18":"purchasable","19":"product-type-simple"},"_links":{"self":[{"href":"https:\/\/pizbube.ch\/en\/wp-json\/wp\/v2\/product\/174723","targetHints":{"allow":["GET"]}}],"collection":[{"href":"https:\/\/pizbube.ch\/en\/wp-json\/wp\/v2\/product"}],"about":[{"href":"https:\/\/pizbube.ch\/en\/wp-json\/wp\/v2\/types\/product"}],"wp:featuredmedia":[{"embeddable":true,"href":"https:\/\/pizbube.ch\/en\/wp-json\/wp\/v2\/media\/174724"}],"wp:attachment":[{"href":"https:\/\/pizbube.ch\/en\/wp-json\/wp\/v2\/media?parent=174723"}],"wp:term":[{"taxonomy":"product_brand","embeddable":true,"href":"https:\/\/pizbube.ch\/en\/wp-json\/wp\/v2\/product_brand?post=174723"},{"taxonomy":"product_cat","embeddable":true,"href":"https:\/\/pizbube.ch\/en\/wp-json\/wp\/v2\/product_cat?post=174723"},{"taxonomy":"product_tag","embeddable":true,"href":"https:\/\/pizbube.ch\/en\/wp-json\/wp\/v2\/product_tag?post=174723"}],"curies":[{"name":"wp","href":"https:\/\/api.w.org\/{rel}","templated":true}]}}