{"id":174727,"date":"2024-09-04T09:46:53","date_gmt":"2024-09-04T07:46:53","guid":{"rendered":"https:\/\/pizbube.ch\/?post_type=product&#038;p=174727"},"modified":"2024-10-18T15:27:45","modified_gmt":"2024-10-18T13:27:45","slug":"in-den-hoehlen-der-schweiz","status":"publish","type":"product","link":"https:\/\/pizbube.ch\/en\/shop\/in-den-hoehlen-der-schweiz\/","title":{"rendered":"In den H\u00f6hlen der Schweiz"},"content":{"rendered":"<p>Vom Abenteuer zur Wissenschaft<\/p>\n<p>Die \u00fcber 12000 H\u00f6hlen der Schweiz sind nicht nur stille Zeugen der Erdgeschichte, sondern auch Schauplatz von Naturabenteuer, Wissenschaft und unerwarteten Entdeckungen. Die Erforschung von H\u00f6hlen liefert f\u00fcr viele Bereiche der Wissenschaft unersetzliches Wissen, sei es in der Geologie, Hydrogeologie, Biologie, Klimatologie, Pal\u00e4ontologie oder Arch\u00e4ologie.<\/p>\n<p>So nimmt dieses reich illustrierte Werk mit spektakul\u00e4ren Fotos und spannenden Infografiken die Lesenden mit auf eine Reise durch eine geheimnisvolle, unterirdische Welt. Das Buch basiert auf der langj\u00e4hrigen Arbeit von Generationen von H\u00f6hlenforschern \u2013 und ist eine Einladung, eine verborgene und faszinierende Schweiz zu entdecken.<\/p>\n<ul>\n<li>Das gro\u00dfe Nachschlagewerk \u00fcber die H\u00f6hlen der Schweiz \u2013 mit \u00fcber 250 Illustrationen.<\/li>\n<li>100 Jahre Erkundungen und unterirdische Abenteuer.<\/li>\n<\/ul>\n<p>1. Auflage 2024<br \/>\n240 Seiten, \u00fcber 250 Iilustrationen<br \/>\nHardcover, 21 x 25 cm<\/p>","protected":false},"excerpt":{"rendered":"<p>Vom Abenteuer zur Wissenschaft Die \u00fcber 12000 H\u00f6hlen der Schweiz sind nicht nur stille Zeugen der Erdgeschichte, sondern auch Schauplatz von Naturabenteuer, Wissenschaft und unerwarteten Entdeckungen. Die Erforschung von H\u00f6hlen liefert f\u00fcr viele Bereiche der Wissenschaft unersetzliches Wissen, sei es in der Geologie, Hydrogeologie, Biologie, Klimatologie, Pal\u00e4ontologie oder Arch\u00e4ologie. So nimmt dieses reich illustrierte Werk [&#8230;]\n","protected":false},"featured_media":174728,"template":"","meta":[],"product_brand":[],"product_cat":[21542],"product_tag":[],"class_list":{"0":"post-174727","1":"product","2":"type-product","3":"status-publish","4":"has-post-thumbnail","6":"product_cat-sachbuecher-dokumentationen","7":"pa_autor-wenger-remy-perret-amandine-lalou-jean-claude","8":"pa_erscheinungsjahr-27339","9":"pa_region-schweiz","10":"pa_sprache-de","12":"first","13":"instock","14":"taxable","15":"shipping-taxable","16":"purchasable","17":"product-type-simple"},"_links":{"self":[{"href":"https:\/\/pizbube.ch\/en\/wp-json\/wp\/v2\/product\/174727","targetHints":{"allow":["GET"]}}],"collection":[{"href":"https:\/\/pizbube.ch\/en\/wp-json\/wp\/v2\/product"}],"about":[{"href":"https:\/\/pizbube.ch\/en\/wp-json\/wp\/v2\/types\/product"}],"wp:featuredmedia":[{"embeddable":true,"href":"https:\/\/pizbube.ch\/en\/wp-json\/wp\/v2\/media\/174728"}],"wp:attachment":[{"href":"https:\/\/pizbube.ch\/en\/wp-json\/wp\/v2\/media?parent=174727"}],"wp:term":[{"taxonomy":"product_brand","embeddable":true,"href":"https:\/\/pizbube.ch\/en\/wp-json\/wp\/v2\/product_brand?post=174727"},{"taxonomy":"product_cat","embeddable":true,"href":"https:\/\/pizbube.ch\/en\/wp-json\/wp\/v2\/product_cat?post=174727"},{"taxonomy":"product_tag","embeddable":true,"href":"https:\/\/pizbube.ch\/en\/wp-json\/wp\/v2\/product_tag?post=174727"}],"curies":[{"name":"wp","href":"https:\/\/api.w.org\/{rel}","templated":true}]}}