{"id":174734,"date":"2024-09-04T11:38:05","date_gmt":"2024-09-04T09:38:05","guid":{"rendered":"https:\/\/pizbube.ch\/?post_type=product&#038;p=174734"},"modified":"2024-09-05T14:34:36","modified_gmt":"2024-09-05T12:34:36","slug":"sagenwanderungen-suedtirol-dolomiten","status":"publish","type":"product","link":"https:\/\/pizbube.ch\/en\/shop\/sagenwanderungen-suedtirol-dolomiten\/","title":{"rendered":"Sagenwanderungen S\u00fcdtirol &#8211; Dolomiten"},"content":{"rendered":"<p class=\"field-content\">Die sch\u00f6nsten 40 Touren durch die S\u00fcdtiroler Sagenwelt<\/p>\n<p>Wohl die meisten Erwachsenen in S\u00fcdtirol kennen \u201eDie Sage von K\u00f6nig Laurin und seinem Rosengarten\u201c, beim Pfeifer Huisele oder dem Lauterfresser d\u00fcrfte die Anzahl schon kleiner werden. Aber wer kennt wohl noch die reiche Stadt Tanneneh? S\u00fcdtirols Sagenwelt ist reich an Hexen und Zauberern, Saligen und Zwergen, wundert\u00e4tigen Kruzifixen und Statuen, sprechenden Glocken, Venedigermandlen, versunkenen Sch\u00e4tzen, frevelhaften Bauern und Knechten, rastlosen Seelen &#8230;<\/p>\n<p>In diesem B\u00fcchlein werden einige bekannte und vielleicht auch unbekannte Sagen erz\u00e4hlt, die jeweilige Wanderung f\u00fchrt an die Orte des wirklichen oder angeblichen Geschehens: Almen, Gipfel, Seen, Burgen. Tauchen Sie auf Ihren Wanderungen ein in S\u00fcdtirols Sagenwelt \u2013 und wenn Sie an manch mystischem Ort aufmerksam lauschen: Vielleicht h\u00f6ren Sie ein Wispern und Raunen. Oder vielleicht werden Sie auch \u201enur\u201c angeregt, sich mit S\u00fcdtirols \u00fcberreichem Sagenschatz intensiver zu befassen. In jedem Fall ein Erlebnis.<\/p>\n<p>144 Seiten;<br \/>\n1. Auflage 2019<\/p>","protected":false},"excerpt":{"rendered":"<p>Die sch\u00f6nsten 40 Touren durch die S\u00fcdtiroler Sagenwelt Wohl die meisten Erwachsenen in S\u00fcdtirol kennen \u201eDie Sage von K\u00f6nig Laurin und seinem Rosengarten\u201c, beim Pfeifer Huisele oder dem Lauterfresser d\u00fcrfte die Anzahl schon kleiner werden. Aber wer kennt wohl noch die reiche Stadt Tanneneh? S\u00fcdtirols Sagenwelt ist reich an Hexen und Zauberern, Saligen und Zwergen, [&#8230;]\n","protected":false},"featured_media":174735,"template":"","meta":[],"product_brand":[],"product_cat":[21629,21542,21605],"product_tag":[],"class_list":{"0":"post-174734","1":"product","2":"type-product","3":"status-publish","4":"has-post-thumbnail","6":"product_cat-belletristik","7":"product_cat-sachbuecher-dokumentationen","8":"product_cat-wanderfuehrer-trekking","9":"pa_autor-brugger","10":"pa_erscheinungsjahr-21586","11":"pa_region-italien","12":"pa_sprache-de","14":"first","15":"instock","16":"taxable","17":"shipping-taxable","18":"purchasable","19":"product-type-simple"},"_links":{"self":[{"href":"https:\/\/pizbube.ch\/en\/wp-json\/wp\/v2\/product\/174734","targetHints":{"allow":["GET"]}}],"collection":[{"href":"https:\/\/pizbube.ch\/en\/wp-json\/wp\/v2\/product"}],"about":[{"href":"https:\/\/pizbube.ch\/en\/wp-json\/wp\/v2\/types\/product"}],"wp:featuredmedia":[{"embeddable":true,"href":"https:\/\/pizbube.ch\/en\/wp-json\/wp\/v2\/media\/174735"}],"wp:attachment":[{"href":"https:\/\/pizbube.ch\/en\/wp-json\/wp\/v2\/media?parent=174734"}],"wp:term":[{"taxonomy":"product_brand","embeddable":true,"href":"https:\/\/pizbube.ch\/en\/wp-json\/wp\/v2\/product_brand?post=174734"},{"taxonomy":"product_cat","embeddable":true,"href":"https:\/\/pizbube.ch\/en\/wp-json\/wp\/v2\/product_cat?post=174734"},{"taxonomy":"product_tag","embeddable":true,"href":"https:\/\/pizbube.ch\/en\/wp-json\/wp\/v2\/product_tag?post=174734"}],"curies":[{"name":"wp","href":"https:\/\/api.w.org\/{rel}","templated":true}]}}