{"id":174751,"date":"2024-09-05T09:21:33","date_gmt":"2024-09-05T07:21:33","guid":{"rendered":"https:\/\/pizbube.ch\/?post_type=product&#038;p=174751"},"modified":"2024-09-05T09:26:02","modified_gmt":"2024-09-05T07:26:02","slug":"pyrenaeenwanderer","status":"publish","type":"product","link":"https:\/\/pizbube.ch\/en\/shop\/pyrenaeenwanderer\/","title":{"rendered":"Pyren\u00e4enwanderer"},"content":{"rendered":"<p>Eine dokumentarische Fu\u00dfreise vom Atlantik zum Mittelmeer<\/p>\n<p>Im Sommer 2023 wanderte Dominik Siegrist mit Freunden w\u00e4hrend achtzig Tagen rund 1000 Kilometer durch die Pyren\u00e4en \u2013 vom Atlantik bis zum Mittelmeer. In diesem Buch dokumentier er seine einzigartige Tour. Zwischen dem baskischen Donostia und dem katalanischen Portbou erkundeten die Pyren\u00e4enwandernden die vielf\u00e4ltigen Natur- und Kulturlandschaften dieses einzigartigen s\u00fcdeurop\u00e4ischen Schwestergebirges der Alpen.<br \/>\nDie Pyren\u00e4en sind zu gro\u00dfen Teilen eine wilde und einsame Gegend, die Wege sind rau, steil und lang. Sie sind aber auch ein wundersch\u00f6nes, \u00f6kologisch, kulturell und historisch \u00e4u\u00dferst interessantes Gebirge mit vielf\u00e4ltigen Gegenden \u2013 von den gr\u00fcnen Vorgebirgen des Baskenlandes im Westen \u00fcber die Dreitausender Arag\u00f3ns und Kataloniens bis hin zu ihren \u00f6stlichen Ausl\u00e4ufern am Mittelmeer.<\/p>\n<ul>\n<li>Zu Fu\u00df in 80 Tagen durch die Pyren\u00e4en vom Atlantik bis zum Mittelmeer.<\/li>\n<li>Einzigartige Natur- und Kulturlandschaften zwischen Baskenland und Katalonien.<\/li>\n<\/ul>\n<p>1. Auflage 2024<br \/>\n224 Seiten, durchgehend farbig illustriert<br \/>\nSoftcover (Flexobroschur), 14,5 x 21,5 cm<\/p>","protected":false},"excerpt":{"rendered":"<p>Eine dokumentarische Fu\u00dfreise vom Atlantik zum Mittelmeer Im Sommer 2023 wanderte Dominik Siegrist mit Freunden w\u00e4hrend achtzig Tagen rund 1000 Kilometer durch die Pyren\u00e4en \u2013 vom Atlantik bis zum Mittelmeer. In diesem Buch dokumentier er seine einzigartige Tour. Zwischen dem baskischen Donostia und dem katalanischen Portbou erkundeten die Pyren\u00e4enwandernden die vielf\u00e4ltigen Natur- und Kulturlandschaften dieses [&#8230;]\n","protected":false},"featured_media":174752,"template":"","meta":[],"product_brand":[],"product_cat":[21542],"product_tag":[],"class_list":{"0":"post-174751","1":"product","2":"type-product","3":"status-publish","4":"has-post-thumbnail","6":"product_cat-sachbuecher-dokumentationen","7":"pa_autor-siegrist","8":"pa_erscheinungsjahr-27339","9":"pa_region-frankreich","10":"pa_region-spanien","11":"pa_sprache-de","13":"first","14":"instock","15":"taxable","16":"shipping-taxable","17":"purchasable","18":"product-type-simple"},"_links":{"self":[{"href":"https:\/\/pizbube.ch\/en\/wp-json\/wp\/v2\/product\/174751","targetHints":{"allow":["GET"]}}],"collection":[{"href":"https:\/\/pizbube.ch\/en\/wp-json\/wp\/v2\/product"}],"about":[{"href":"https:\/\/pizbube.ch\/en\/wp-json\/wp\/v2\/types\/product"}],"wp:featuredmedia":[{"embeddable":true,"href":"https:\/\/pizbube.ch\/en\/wp-json\/wp\/v2\/media\/174752"}],"wp:attachment":[{"href":"https:\/\/pizbube.ch\/en\/wp-json\/wp\/v2\/media?parent=174751"}],"wp:term":[{"taxonomy":"product_brand","embeddable":true,"href":"https:\/\/pizbube.ch\/en\/wp-json\/wp\/v2\/product_brand?post=174751"},{"taxonomy":"product_cat","embeddable":true,"href":"https:\/\/pizbube.ch\/en\/wp-json\/wp\/v2\/product_cat?post=174751"},{"taxonomy":"product_tag","embeddable":true,"href":"https:\/\/pizbube.ch\/en\/wp-json\/wp\/v2\/product_tag?post=174751"}],"curies":[{"name":"wp","href":"https:\/\/api.w.org\/{rel}","templated":true}]}}