{"id":174772,"date":"2024-09-06T10:01:54","date_gmt":"2024-09-06T08:01:54","guid":{"rendered":"https:\/\/pizbube.ch\/?post_type=product&#038;p=174772"},"modified":"2025-01-17T10:28:23","modified_gmt":"2025-01-17T09:28:23","slug":"grenzgaenge-religion-und-die-alpen","status":"publish","type":"product","link":"https:\/\/pizbube.ch\/en\/shop\/grenzgaenge-religion-und-die-alpen\/","title":{"rendered":"Grenzg\u00e4nge &#8211; Religion und die Alpen"},"content":{"rendered":"<p>Gefahr und Nutzen, Furcht und Verehrung liegen im Kultur- und Lebensraum Alpen nahe beieinander. Kapellen und Kreuze an schwierigen Passagen stehen daf\u00fcr ebenso wie die Rituale beim Tunnelbau, die Anrufung einer lawinenabwehrenden G\u00f6ttin in einem Hausspruch oder die Erfahrungen von Transzendenz, die Alpinistinnen und Alpinisten auf einem schwer zug\u00e4nglichen Gipfel machen. Die Alpen werden durch Tourismus und Technik erfahrbar und kontrollierbar gemacht \u2013 und bleiben doch unkontrollierbar.<\/p>\n<p>Die Autorinnen und Autoren beleuchten in ihren Tiefenbohrungen diese Vielschichtigkeit, immer mit Blick auf die nat\u00fcrliche Barriere der Berge, die damit verbundenen religi\u00f6sen Ph\u00e4nomene wie auch den Wandel des alpinen Lebensraums.<\/p>\n<p>Visuelle Akzente setzen die Bilder des Fotografen Marco Volken, musikalische \u2013 dank beigef\u00fcgter QR-Codes \u2013 die Kompositionen von Darija Andovska und Matthias Arter, gespielt von den pre-art soloists. Ein facettenreiches Prisma der Religions- und Kulturgeschichte der Alpen.<\/p>\n<ul class=\"usps mt-4\">\n<li class=\"usp-text mb-2\">Religion und die Alpen als vielschichtiges und wandelbares Zusammenspiel<\/li>\n<li class=\"usp-text mb-2\">Mit faszinierenden Bergfotografien von Marco Volken<\/li>\n<li class=\"usp-text mb-2\">Musik \u00fcber QR-Codes abrufbar<\/li>\n<li class=\"usp-text mb-2\">Religions- und Kulturgeschichte der Alpen<\/li>\n<\/ul>\n<div class=\"biblio mt-3\">\n<p>2024, 271 Seiten, 17.0 x 24.0 cm, Paperback mit Farbfotografien<\/p>\n<\/div>","protected":false},"excerpt":{"rendered":"<p><strong><a href=\"https:\/\/pizbube.ch\/wp-content\/uploads\/2024\/09\/Grenzgaenge_Leseprobe.pdf\">Grenzg\u00e4nge_Leseprobe<\/a><\/strong><\/p>","protected":false},"featured_media":174773,"template":"","meta":[],"product_brand":[],"product_cat":[21580,21542],"product_tag":[],"class_list":{"0":"post-174772","1":"product","2":"type-product","3":"status-publish","4":"has-post-thumbnail","6":"product_cat-kunst-kultur","7":"product_cat-sachbuecher-dokumentationen","8":"pa_autor-hg-von-anna-katharina-hoepflinger-daria-pezzoli-olgiati-boris-previsic-marco-volken","9":"pa_erscheinungsjahr-27339","10":"pa_region-schweiz","11":"pa_sprache-de","13":"first","14":"instock","15":"taxable","16":"shipping-taxable","17":"purchasable","18":"product-type-simple"},"_links":{"self":[{"href":"https:\/\/pizbube.ch\/en\/wp-json\/wp\/v2\/product\/174772","targetHints":{"allow":["GET"]}}],"collection":[{"href":"https:\/\/pizbube.ch\/en\/wp-json\/wp\/v2\/product"}],"about":[{"href":"https:\/\/pizbube.ch\/en\/wp-json\/wp\/v2\/types\/product"}],"wp:featuredmedia":[{"embeddable":true,"href":"https:\/\/pizbube.ch\/en\/wp-json\/wp\/v2\/media\/174773"}],"wp:attachment":[{"href":"https:\/\/pizbube.ch\/en\/wp-json\/wp\/v2\/media?parent=174772"}],"wp:term":[{"taxonomy":"product_brand","embeddable":true,"href":"https:\/\/pizbube.ch\/en\/wp-json\/wp\/v2\/product_brand?post=174772"},{"taxonomy":"product_cat","embeddable":true,"href":"https:\/\/pizbube.ch\/en\/wp-json\/wp\/v2\/product_cat?post=174772"},{"taxonomy":"product_tag","embeddable":true,"href":"https:\/\/pizbube.ch\/en\/wp-json\/wp\/v2\/product_tag?post=174772"}],"curies":[{"name":"wp","href":"https:\/\/api.w.org\/{rel}","templated":true}]}}