{"id":174870,"date":"2024-09-14T14:14:30","date_gmt":"2024-09-14T12:14:30","guid":{"rendered":"https:\/\/pizbube.ch\/?post_type=product&#038;p=174870"},"modified":"2024-11-21T09:26:17","modified_gmt":"2024-11-21T08:26:17","slug":"les-quatorze-8000-de-sophie-lavaud","status":"publish","type":"product","link":"https:\/\/pizbube.ch\/en\/shop\/les-quatorze-8000-de-sophie-lavaud\/","title":{"rendered":"Les quatorze 8000 de Sophie Lavaud"},"content":{"rendered":"<p>\u00c0 l\u2019occasion de la r\u00e9ussite de Sophie Lavaud, premi\u00e8re des Suissesses et des Fran\u00e7ais et Canadiens \u00e0 fouler la cime des quatorze sommets de plus de 8 000 m\u00e8tres, voici un beau livre in\u00e9dit sur les plus hautes montagnes de la Terre !<\/p>\n<p>En parvenant au sommet du Nanga Parbat (8 126 m) le 26 juin 2023, Sophie Lavaud est devenue la premi\u00e8re Suissesse, LE premier Fran\u00e7ais et LE premier Canadien \u00e0 gravir les quatorze sommets de plus de 8 000 m. Point d\u2019orgue d\u2019un p\u00e9riple de onze ans et de vingt-trois exp\u00e9ditions sur les plus hautes montagnes de l\u2019Himalaya (N\u00e9pal, Tibet, Pakistan), cette ascension brise la mal\u00e9diction fran\u00e7aise du grand chelem himalayen. \u00c9tonnamment, malgr\u00e9 le haut niveau de l\u2019himalayisme hexagonal, aucun de ceux ayant tent\u00e9 la collection des sommets n\u2019y \u00e9tait encore parvenu&#8230;<\/p>\n<p>Sophie Lavaud n\u2019est pas une alpiniste professionnelle et n\u2019est pas issue du s\u00e9rail de la performance, sa r\u00e9ussite n\u2019en est que plus \u00e9tonnante et attachante. Son p\u00e9riple est l\u2019occasion de (re)d\u00e9couvrir chaque g\u00e9ant himalayen, de s\u2019immerger dans le monde particulier des aficionados de la tr\u00e8s haute altitude.<\/p>\n<p>Croisant points de vue originaux, contextualisation et t\u00e9moignages personnels, Sophie Lavaud et Fran\u00e7ois Damilano proposent une vision contemporaine de l\u2019himalayisme sur les voies classiques des quatorze plus hautes montagnes de la Terre.<\/p>\n<p>Quatorze 8000, quatorze occasions d\u2019appr\u00e9hender les enjeux humains et sportifs qui se jouent au pays de l\u2019oxyg\u00e8ne rare.<\/p>\n<p>Quatorze 8000, quatorze chapitres richement illustr\u00e9s et racont\u00e9s pour s\u2019immerger dans le grand Himalaya.<\/p>\n<p>160 pages;<br \/>\n215 x 285 mm<\/p>","protected":false},"excerpt":{"rendered":"<p>\u00c0 l\u2019occasion de la r\u00e9ussite de Sophie Lavaud, premi\u00e8re des Suissesses et des Fran\u00e7ais et Canadiens \u00e0 fouler la cime des quatorze sommets de plus de 8 000 m\u00e8tres, voici un beau livre in\u00e9dit sur les plus hautes montagnes de la Terre ! En parvenant au sommet du Nanga Parbat (8 126 m) le 26 [&#8230;]\n","protected":false},"featured_media":175040,"template":"","meta":[],"product_brand":[],"product_cat":[21542,26762],"product_tag":[],"class_list":{"0":"post-174870","1":"product","2":"type-product","3":"status-publish","4":"has-post-thumbnail","6":"product_cat-sachbuecher-dokumentationen","7":"product_cat-unkategorisiert","8":"pa_autor-damilano-lavaud","9":"pa_erscheinungsjahr-27339","10":"pa_region-asien","11":"pa_sprache-fr","13":"first","14":"instock","15":"taxable","16":"shipping-taxable","17":"purchasable","18":"product-type-simple"},"_links":{"self":[{"href":"https:\/\/pizbube.ch\/en\/wp-json\/wp\/v2\/product\/174870","targetHints":{"allow":["GET"]}}],"collection":[{"href":"https:\/\/pizbube.ch\/en\/wp-json\/wp\/v2\/product"}],"about":[{"href":"https:\/\/pizbube.ch\/en\/wp-json\/wp\/v2\/types\/product"}],"wp:featuredmedia":[{"embeddable":true,"href":"https:\/\/pizbube.ch\/en\/wp-json\/wp\/v2\/media\/175040"}],"wp:attachment":[{"href":"https:\/\/pizbube.ch\/en\/wp-json\/wp\/v2\/media?parent=174870"}],"wp:term":[{"taxonomy":"product_brand","embeddable":true,"href":"https:\/\/pizbube.ch\/en\/wp-json\/wp\/v2\/product_brand?post=174870"},{"taxonomy":"product_cat","embeddable":true,"href":"https:\/\/pizbube.ch\/en\/wp-json\/wp\/v2\/product_cat?post=174870"},{"taxonomy":"product_tag","embeddable":true,"href":"https:\/\/pizbube.ch\/en\/wp-json\/wp\/v2\/product_tag?post=174870"}],"curies":[{"name":"wp","href":"https:\/\/api.w.org\/{rel}","templated":true}]}}