{"id":174992,"date":"2024-09-24T17:12:17","date_gmt":"2024-09-24T15:12:17","guid":{"rendered":"https:\/\/pizbube.ch\/?post_type=product&#038;p=174992"},"modified":"2024-09-24T17:12:18","modified_gmt":"2024-09-24T15:12:18","slug":"circo-de-gredos-500-vias-de-escalada-en-roca-clasica-y-deportiva","status":"publish","type":"product","link":"https:\/\/pizbube.ch\/en\/shop\/circo-de-gredos-500-vias-de-escalada-en-roca-clasica-y-deportiva\/","title":{"rendered":"Circo de Gredos &#8211; 500 V\u00edas de escalada en roca Cl\u00e1sica y deportiva"},"content":{"rendered":"<div id=\"resumen\" class=\"p-2 p-md-3 tab-pane fade active show\" role=\"tabpanel\" aria-labelledby=\"resumen-tab\">\n<p>El libro que sostienes no se limita a ser meramente un cat\u00e1logo detallado de las v\u00edas de escalada en roca dentro del <strong>Circo de Gredos y zonas <\/strong><strong>circundantes<\/strong>. Sus p\u00e1ginas aspiran a ofrecer m\u00e1s que eso: revelar la fascinante historia de las ascensiones en este impresionante rinc\u00f3n de la monta\u00f1a castellana. Al hacerlo, rinde un peque\u00f1o pero significativo tributo a quienes nos precedieron, los pioneros de nuestro deporte,\u00a0 y proporciona informaci\u00f3n que nos permite apreciar la rica e inmaterial herencia alpina. Porque solo comprendiendo nuestro origen podremos vislumbrar el rumbo futuro o, en este caso particular, entender d\u00f3nde estamos escalando.<\/p>\n<p>Incluye croquis sobre <strong>foto de calidad<\/strong>, descripciones completas de cada v\u00eda incluyendo el material necesario para repetirlas, ultimas aperturas, mapa general de la zona con la ubicaci\u00f3n de los sectores, mapas de ubicaci\u00f3n detallados y coordenadas GPS de cada pared.<\/p>\n<p>292 pag.<br \/>\nDimensiones: 15 cm x 24 cm<br \/>\nIdiomas:Castellano<\/p>\n<\/div>","protected":false},"excerpt":{"rendered":"<p>El libro que sostienes no se limita a ser meramente un cat\u00e1logo detallado de las v\u00edas de escalada en roca dentro del Circo de Gredos y zonas circundantes. Sus p\u00e1ginas aspiran a ofrecer m\u00e1s que eso: revelar la fascinante historia de las ascensiones en este impresionante rinc\u00f3n de la monta\u00f1a castellana. Al hacerlo, rinde un [&#8230;]\n","protected":false},"featured_media":174993,"template":"","meta":[],"product_brand":[],"product_cat":[21539],"product_tag":[],"class_list":{"0":"post-174992","1":"product","2":"type-product","3":"status-publish","4":"has-post-thumbnail","6":"product_cat-fuehrerliteratur-sportklettern-bouldern","7":"pa_autor-juan-jose-cano-blazquez","8":"pa_erscheinungsjahr-27339","9":"pa_region-spanien","10":"pa_sprache-espagnol","12":"first","13":"instock","14":"taxable","15":"shipping-taxable","16":"purchasable","17":"product-type-simple"},"_links":{"self":[{"href":"https:\/\/pizbube.ch\/en\/wp-json\/wp\/v2\/product\/174992","targetHints":{"allow":["GET"]}}],"collection":[{"href":"https:\/\/pizbube.ch\/en\/wp-json\/wp\/v2\/product"}],"about":[{"href":"https:\/\/pizbube.ch\/en\/wp-json\/wp\/v2\/types\/product"}],"wp:featuredmedia":[{"embeddable":true,"href":"https:\/\/pizbube.ch\/en\/wp-json\/wp\/v2\/media\/174993"}],"wp:attachment":[{"href":"https:\/\/pizbube.ch\/en\/wp-json\/wp\/v2\/media?parent=174992"}],"wp:term":[{"taxonomy":"product_brand","embeddable":true,"href":"https:\/\/pizbube.ch\/en\/wp-json\/wp\/v2\/product_brand?post=174992"},{"taxonomy":"product_cat","embeddable":true,"href":"https:\/\/pizbube.ch\/en\/wp-json\/wp\/v2\/product_cat?post=174992"},{"taxonomy":"product_tag","embeddable":true,"href":"https:\/\/pizbube.ch\/en\/wp-json\/wp\/v2\/product_tag?post=174992"}],"curies":[{"name":"wp","href":"https:\/\/api.w.org\/{rel}","templated":true}]}}