{"id":175000,"date":"2024-09-24T17:47:47","date_gmt":"2024-09-24T15:47:47","guid":{"rendered":"https:\/\/pizbube.ch\/?post_type=product&#038;p=175000"},"modified":"2026-03-10T14:34:57","modified_gmt":"2026-03-10T13:34:57","slug":"escalada-libre-en-el-macizo-central-de-los-picos-de-europa","status":"publish","type":"product","link":"https:\/\/pizbube.ch\/en\/shop\/escalada-libre-en-el-macizo-central-de-los-picos-de-europa\/","title":{"rendered":"Escalada libre en el macizo central de los Picos de Europa"},"content":{"rendered":"<div id=\"nav-tabContent\" class=\"tab-content\">\n<div id=\"resumen\" class=\"p-2 p-md-3 tab-pane fade show active\" role=\"tabpanel\" aria-labelledby=\"resumen-tab\">\n<p><em><strong>Escalada libre en el macizo central de los Picos de Europa<\/strong><\/em> contiene un exhaustivo trabajo de campo que cumple un objetivo:<br \/>\nofrecer informaci\u00f3n veraz sobre<strong> 80 v\u00edas cl\u00e1sicas<\/strong> para ser escaladas en libre.<\/p>\n<p><em><strong>Escalada libre en el macizo central de los Picos de Europa<\/strong><\/em> se centra en el aspecto deportivo, rese\u00f1ando con claridad y para cada largo de escalada su recorrido, dificultad y equipamiento.<\/p>\n<p>Incluye las v\u00edas de la gu\u00eda, ya agotada, <strong><a href=\"https:\/\/pizbube.ch\/en\/shop\/free-climbing-in-picu-urriellu-naranjo-de-bulnes\/\" target=\"_blank\" rel=\"noopener\">&#171;<em>Escalada libre en el Picu Urriellu<\/em>&#171;<\/a><\/strong>, de Alberto Boza.<\/p>\n<\/div>\n<\/div>\n<p>N\u00ba P\u00e1g.:320<br \/>\nDimensiones: 15 cm x 21 cm<\/p>","protected":false},"excerpt":{"rendered":"<p>Escalada libre en el macizo central de los Picos de Europa contiene un exhaustivo trabajo de campo que cumple un objetivo: ofrecer informaci\u00f3n veraz sobre 80 v\u00edas cl\u00e1sicas para ser escaladas en libre. Escalada libre en el macizo central de los Picos de Europa se centra en el aspecto deportivo, rese\u00f1ando con claridad y para [&#8230;]\n","protected":false},"featured_media":175001,"template":"","meta":[],"product_brand":[],"product_cat":[21539],"product_tag":[],"class_list":{"0":"post-175000","1":"product","2":"type-product","3":"status-publish","4":"has-post-thumbnail","6":"product_cat-fuehrerliteratur-sportklettern-bouldern","7":"pa_autor-alberto-boza-juan-luis-guilluy-arenas","8":"pa_erscheinungsjahr-27339","9":"pa_region-spanien","10":"pa_sprache-espagnol","12":"first","13":"instock","14":"taxable","15":"shipping-taxable","16":"purchasable","17":"product-type-simple"},"_links":{"self":[{"href":"https:\/\/pizbube.ch\/en\/wp-json\/wp\/v2\/product\/175000","targetHints":{"allow":["GET"]}}],"collection":[{"href":"https:\/\/pizbube.ch\/en\/wp-json\/wp\/v2\/product"}],"about":[{"href":"https:\/\/pizbube.ch\/en\/wp-json\/wp\/v2\/types\/product"}],"wp:featuredmedia":[{"embeddable":true,"href":"https:\/\/pizbube.ch\/en\/wp-json\/wp\/v2\/media\/175001"}],"wp:attachment":[{"href":"https:\/\/pizbube.ch\/en\/wp-json\/wp\/v2\/media?parent=175000"}],"wp:term":[{"taxonomy":"product_brand","embeddable":true,"href":"https:\/\/pizbube.ch\/en\/wp-json\/wp\/v2\/product_brand?post=175000"},{"taxonomy":"product_cat","embeddable":true,"href":"https:\/\/pizbube.ch\/en\/wp-json\/wp\/v2\/product_cat?post=175000"},{"taxonomy":"product_tag","embeddable":true,"href":"https:\/\/pizbube.ch\/en\/wp-json\/wp\/v2\/product_tag?post=175000"}],"curies":[{"name":"wp","href":"https:\/\/api.w.org\/{rel}","templated":true}]}}