{"id":175005,"date":"2024-09-24T18:08:50","date_gmt":"2024-09-24T16:08:50","guid":{"rendered":"https:\/\/pizbube.ch\/?post_type=product&#038;p=175005"},"modified":"2026-04-13T16:15:11","modified_gmt":"2026-04-13T14:15:11","slug":"barcelona-y-alrededores-vol-2-parte-norte","status":"publish","type":"product","link":"https:\/\/pizbube.ch\/en\/shop\/barcelona-y-alrededores-vol-2-parte-norte\/","title":{"rendered":"Barcelona y alrededores Vol. 2 &#8211; Parte Norte"},"content":{"rendered":"<p>Presentamos la segunda parte, el Volumen II de <a href=\"https:\/\/pizbube.ch\/en\/shop\/barcelona-y-alrededores-volumen-1-parte-sur\/\" target=\"_blank\" rel=\"noopener\">Barcelona y alrededores Volumen 1 \u2013 Parte Sur<\/a>, con Luis Alfonso bajo la autor\u00eda y La noche del loro a cargo de la edici\u00f3n.<\/p>\n<p>Se trata de una voluminosa gu\u00eda de escalada de m\u00e1s de 400 p\u00e1ginas que abarca la parte norte de la zona. Incluye: Xaregall del Foi\u00f3, Roques de Ma\u00e7ana, l&#8217;Estoviada, la Moretona, Montbr\u00fa, Puig Sobir\u00e0, les Credes, la Soleia, les Agudes o Montgat, entre otras.<\/p>\n<p>N\u00ba P\u00e1g.:424<br \/>\nDimensiones: 19,5 cm x 14,5 cm<\/p>","protected":false},"excerpt":{"rendered":"<p>Presentamos la segunda parte, el Volumen II de Barcelona y alrededores Volumen 1 \u2013 Parte Sur, con Luis Alfonso bajo la autor\u00eda y La noche del loro a cargo de la edici\u00f3n. Se trata de una voluminosa gu\u00eda de escalada de m\u00e1s de 400 p\u00e1ginas que abarca la parte norte de la zona. Incluye: Xaregall [&#8230;]\n","protected":false},"featured_media":175006,"template":"","meta":[],"product_brand":[],"product_cat":[21539],"product_tag":[],"class_list":{"0":"post-175005","1":"product","2":"type-product","3":"status-publish","4":"has-post-thumbnail","6":"product_cat-fuehrerliteratur-sportklettern-bouldern","7":"pa_autor-alfonso","8":"pa_erscheinungsjahr-27339","9":"pa_region-spanien","10":"pa_sprache-espagnol","12":"first","13":"onbackorder","14":"taxable","15":"shipping-taxable","16":"purchasable","17":"product-type-simple"},"_links":{"self":[{"href":"https:\/\/pizbube.ch\/en\/wp-json\/wp\/v2\/product\/175005","targetHints":{"allow":["GET"]}}],"collection":[{"href":"https:\/\/pizbube.ch\/en\/wp-json\/wp\/v2\/product"}],"about":[{"href":"https:\/\/pizbube.ch\/en\/wp-json\/wp\/v2\/types\/product"}],"wp:featuredmedia":[{"embeddable":true,"href":"https:\/\/pizbube.ch\/en\/wp-json\/wp\/v2\/media\/175006"}],"wp:attachment":[{"href":"https:\/\/pizbube.ch\/en\/wp-json\/wp\/v2\/media?parent=175005"}],"wp:term":[{"taxonomy":"product_brand","embeddable":true,"href":"https:\/\/pizbube.ch\/en\/wp-json\/wp\/v2\/product_brand?post=175005"},{"taxonomy":"product_cat","embeddable":true,"href":"https:\/\/pizbube.ch\/en\/wp-json\/wp\/v2\/product_cat?post=175005"},{"taxonomy":"product_tag","embeddable":true,"href":"https:\/\/pizbube.ch\/en\/wp-json\/wp\/v2\/product_tag?post=175005"}],"curies":[{"name":"wp","href":"https:\/\/api.w.org\/{rel}","templated":true}]}}