{"id":175045,"date":"2024-09-25T17:47:42","date_gmt":"2024-09-25T15:47:42","guid":{"rendered":"https:\/\/pizbube.ch\/?post_type=product&#038;p=175045"},"modified":"2025-03-25T10:48:33","modified_gmt":"2025-03-25T09:48:33","slug":"aarehoeger-vom-aargrat-zum-acheberg-70-gipfelwanderungen-am-groessten-fluss-der-schweiz","status":"publish","type":"product","link":"https:\/\/pizbube.ch\/en\/shop\/aarehoeger-vom-aargrat-zum-acheberg-70-gipfelwanderungen-am-groessten-fluss-der-schweiz\/","title":{"rendered":"Aareh\u00f6ger &#8211; Vom Aargrat zum Acheberg. 70 Gipfelwanderungen am gr\u00f6ssten Fluss der Schweiz"},"content":{"rendered":"<p><span class=\"value\">Der neue Wanderf\u00fchrer des renommierten Autors Daniel Anker stellt erstmals Gipfeltouren an der Aare vor, von der Quelle durch die Kantone Bern, Solothurn und Aargau bis zur M\u00fcndung in den Rhein. Immer mit feinen Hintergrundgeschichten und allen (wander-)touristischen Infos. \u00abAareh\u00f6ger. Vom Aargrat zum Acheberg\u00bb versammelt Klassiker wie Niesen, Gurten und Gisliflue sowie unbekannte Ziele wie Ursifluh, Eiau und Scherzberg. Aareabw\u00e4rts ein H\u00f6hepunkt nach dem anderen. \u00abGang doch e chli der ganzen Aare naa.\u00bb Klar, machen wir auch. Aber noch mehr gehen wir auf die H\u00f6ger rechts und links der sch\u00f6nen, gr\u00fcnen Aare. Auf die H\u00f6rner und H\u00f6hen, Hubel und Knubel, K\u00f6pfe und St\u00f6cke. Von der Quelle am Oberaargletscher bis hinunter zur M\u00fcndung der wasserreichen Aare in den breiten Rhein. 288 Kilometer, 200 wanderbare Gipfel: Es gibt im Durchschnitt alle anderthalb Kilometer eine neue Spitze &#8211; eine verborgene Fluh, eine verratene Burg, einen vergessenen Grat. <\/span><\/p>\n<p><span class=\"value\">35 Gipfeltouren im Berner Oberland, 15 im Mittelland zwischen Thun und Aarau, 19 im Jura der Kantone Bern, Solothurn und Aargau von T2 bis T5. Mal ein Spazier- und mal ein luftiger Gang, mal ein Waldweg und mal ein Ger\u00f6llfeld, oft auch im Winter und mal nur im Sommer. Aber immer mit Blick auf den gr\u00fcnen Fluss, der gut zwei F\u00fcnftel der ganzen Schweiz entw\u00e4ssert. Ganz sicher von oben, oft auch von unten. Dann liegt noch ein Bad drin, wie in einigen der neun Aareseen. \u00abGang doch der Aare naa.\u00bb Vom Aargrat beim Grimselpass bis zum Acheberg zwischen der Aare und ihrem gr\u00f6ssten \u00abNebenfluss\u00bb.<\/span><\/p>\n<p>1. Auflage 2024;<\/p>\n<p>450 Seiten, <span class=\"value\">Kartoniert, Paperback<\/span>,<br \/>\n<span class=\"value\">Breite 135 mm, H\u00f6he 205 mm<\/span><\/p>","protected":false},"excerpt":{"rendered":"<p>Der neue Wanderf\u00fchrer des renommierten Autors Daniel Anker stellt erstmals Gipfeltouren an der Aare vor, von der Quelle durch die Kantone Bern, Solothurn und Aargau bis zur M\u00fcndung in den Rhein. Immer mit feinen Hintergrundgeschichten und allen (wander-)touristischen Infos. \u00abAareh\u00f6ger. Vom Aargrat zum Acheberg\u00bb versammelt Klassiker wie Niesen, Gurten und Gisliflue sowie unbekannte Ziele wie [&#8230;]\n","protected":false},"featured_media":175046,"template":"","meta":[],"product_brand":[],"product_cat":[21544,21605],"product_tag":[],"class_list":{"0":"post-175045","1":"product","2":"type-product","3":"status-publish","4":"has-post-thumbnail","6":"product_cat-fuehrerliteratur-alpin-sommer","7":"product_cat-wanderfuehrer-trekking","8":"pa_autor-anker","9":"pa_erscheinungsjahr-27339","10":"pa_region-schweiz","11":"pa_sprache-de","13":"first","14":"instock","15":"taxable","16":"shipping-taxable","17":"purchasable","18":"product-type-simple"},"_links":{"self":[{"href":"https:\/\/pizbube.ch\/en\/wp-json\/wp\/v2\/product\/175045","targetHints":{"allow":["GET"]}}],"collection":[{"href":"https:\/\/pizbube.ch\/en\/wp-json\/wp\/v2\/product"}],"about":[{"href":"https:\/\/pizbube.ch\/en\/wp-json\/wp\/v2\/types\/product"}],"wp:featuredmedia":[{"embeddable":true,"href":"https:\/\/pizbube.ch\/en\/wp-json\/wp\/v2\/media\/175046"}],"wp:attachment":[{"href":"https:\/\/pizbube.ch\/en\/wp-json\/wp\/v2\/media?parent=175045"}],"wp:term":[{"taxonomy":"product_brand","embeddable":true,"href":"https:\/\/pizbube.ch\/en\/wp-json\/wp\/v2\/product_brand?post=175045"},{"taxonomy":"product_cat","embeddable":true,"href":"https:\/\/pizbube.ch\/en\/wp-json\/wp\/v2\/product_cat?post=175045"},{"taxonomy":"product_tag","embeddable":true,"href":"https:\/\/pizbube.ch\/en\/wp-json\/wp\/v2\/product_tag?post=175045"}],"curies":[{"name":"wp","href":"https:\/\/api.w.org\/{rel}","templated":true}]}}