{"id":175053,"date":"2024-09-26T11:30:54","date_gmt":"2024-09-26T09:30:54","guid":{"rendered":"https:\/\/pizbube.ch\/?post_type=product&#038;p=175053"},"modified":"2024-09-26T11:35:06","modified_gmt":"2024-09-26T09:35:06","slug":"up-climbing-31-provenza","status":"publish","type":"product","link":"https:\/\/pizbube.ch\/en\/shop\/up-climbing-31-provenza\/","title":{"rendered":"UP CLIMBING #31 &#8211; PROVENZA"},"content":{"rendered":"<p>UP CLIMBING No. 31<\/p>\n<p><em>Bimestrale di arrampicata e alpinismo<\/em><\/p>\n<p><em>PROVENZA<\/em><\/p>\n<p>Le regioni della Provenza e della Costa Azzurra appartengano a pieno diritto a quel ristretto numero di aree fondative dell\u2019arrampicata sportiva in falesia.<\/p>\n<p>Negli anni 80 e 90 del novecento, un impulso essenziale all\u2019arrampicata in falesia \u00e8 venuto da luoghi come Buoux, il Verdon, le Calanques, la Loubiere, e tante altre falesie importantissime della Francia del sud. Personaggi di livello mondiale assoluto, come i due Patrick, Edlinger e Berhault hanno realmente dato l\u2019alfa e l\u2019omega per una nuova disciplina, per molti versi alternativa al classico alpinismo su roccia. Ad essi, si sono aggiunti altri nomi famosi, come J.B. Tribout, Marc e Antoine Le Menestrel, fino agli ultimi protagonisti dell\u2019arrampicata sportiva francese fra cui \u00e8 necessario sicuramente citare Seb Bouin, che ha raggiunto il 9c con <em>DNA<\/em>.<\/p>\n<p>A ci\u00f2 si aggiunga, sebbene in tempi molto pi\u00f9 recenti, tutta la zona del Ponente ligure, da Albenga in l\u00e0, con un gran numero di falesie splendide e ormai molto frequentate in tutte le stagioni, e spesso ricche di tiri di altissima difficolt\u00e0. A questo tema \u00e8 dedicato il trentunesimo numero di <em>UP CLIMBING<\/em>, con interviste e presentazioni tecniche di nuovi settori, come quelli di Bernard Cl\u00e9ment in Verdon, o quelli liguri proposti da Matteo Gambaro e Alessandro Cariga.<\/p>\n<p>Una corposa parte generalista arricchisce il numero, con interviste ad alpinisti di alto livello come Mathieu Maynadier,\u00a0Svana Bjarnason e\u00a0Simone Pedeferri. Alessandro <em>Jolly <\/em>Lamberti conclude il numero con una riflessione sull\u2019allenamento e le metodiche a esso legate.<\/p>","protected":false},"excerpt":{"rendered":"<p>UP CLIMBING No. 31 Bimestrale di arrampicata e alpinismo PROVENZA Le regioni della Provenza e della Costa Azzurra appartengano a pieno diritto a quel ristretto numero di aree fondative dell\u2019arrampicata sportiva in falesia. Negli anni 80 e 90 del novecento, un impulso essenziale all\u2019arrampicata in falesia \u00e8 venuto da luoghi come Buoux, il Verdon, le [&#8230;]\n","protected":false},"featured_media":175054,"template":"","meta":[],"product_brand":[],"product_cat":[21541],"product_tag":[27481],"class_list":{"0":"post-175053","1":"product","2":"type-product","3":"status-publish","4":"has-post-thumbnail","6":"product_cat-zeitschriften","7":"product_tag-provence","8":"pa_autor-pesci-felderer","9":"pa_erscheinungsjahr-27339","10":"pa_region-frankreich","11":"pa_sprache-italiano","13":"first","14":"instock","15":"taxable","16":"shipping-taxable","17":"purchasable","18":"product-type-simple"},"_links":{"self":[{"href":"https:\/\/pizbube.ch\/en\/wp-json\/wp\/v2\/product\/175053","targetHints":{"allow":["GET"]}}],"collection":[{"href":"https:\/\/pizbube.ch\/en\/wp-json\/wp\/v2\/product"}],"about":[{"href":"https:\/\/pizbube.ch\/en\/wp-json\/wp\/v2\/types\/product"}],"wp:featuredmedia":[{"embeddable":true,"href":"https:\/\/pizbube.ch\/en\/wp-json\/wp\/v2\/media\/175054"}],"wp:attachment":[{"href":"https:\/\/pizbube.ch\/en\/wp-json\/wp\/v2\/media?parent=175053"}],"wp:term":[{"taxonomy":"product_brand","embeddable":true,"href":"https:\/\/pizbube.ch\/en\/wp-json\/wp\/v2\/product_brand?post=175053"},{"taxonomy":"product_cat","embeddable":true,"href":"https:\/\/pizbube.ch\/en\/wp-json\/wp\/v2\/product_cat?post=175053"},{"taxonomy":"product_tag","embeddable":true,"href":"https:\/\/pizbube.ch\/en\/wp-json\/wp\/v2\/product_tag?post=175053"}],"curies":[{"name":"wp","href":"https:\/\/api.w.org\/{rel}","templated":true}]}}