{"id":175105,"date":"2024-09-28T11:10:34","date_gmt":"2024-09-28T09:10:34","guid":{"rendered":"https:\/\/pizbube.ch\/?post_type=product&#038;p=175105"},"modified":"2024-09-28T11:27:01","modified_gmt":"2024-09-28T09:27:01","slug":"sicily-rock-sicilia-sport-climbing-san-vito-lo-capo-castelluzzo-custonaci","status":"publish","type":"product","link":"https:\/\/pizbube.ch\/en\/shop\/sicily-rock-sicilia-sport-climbing-san-vito-lo-capo-castelluzzo-custonaci\/","title":{"rendered":"Sicily-Rock \/ Sicilia &#8211; Sport climbing &#8211; San Vito lo Capo \u2022 Castelluzzo \u2022 Custonaci"},"content":{"rendered":"<p><span class=\"txt_klein\">Rocca Firriato \u2022 Monte Monaco \u2022 Pizzo Monaco \u2022 Nuova Ossessione \u2022 Cattedrale nel Deserto \u2022 Il Grande Occhio \u2022 Scogliera di Salinella \u2022 Valanga \u2022 Placche di Macari \u2022 Lost World \u2022 Torre Radio Nord \u2022 Grotta Perciata \u2022 Castelluzzo Outdoor Wall \u2022 Crown of Aragon \u2022 Cinema Paradiso \u2022 Custonaci \/ Scurati \u2022 Boulderspot BIG\u00a0CAVE<\/span><\/p>\n<p>Das im Nord-Westen Siziliens gelegene Gebiet um San Vito lo Capo ist eines der besten europ\u00e4ischen Klettergebiete f\u00fcr die k\u00fchle Jahreszeit.Viele Routen sind direkt vom Campingplatz aus erreichbar und am Monte Monaco warten sogar Mehrseill\u00e4ngenrouten bis zu 400 m H\u00f6he auf Wiederholer.<\/p>\n<p>Das milde Klima, g\u00fcnstige Flugverbindungen, die Infrastruktur von San Vito (Strand, Superm\u00e4rkte, Restaurants, Hotels,&#8230;) sowie viele hervorragend abgesicherte und wirklich exzellente Sportklettereien (besonders auch in den unteren Graden) machen dieses direkt an der K\u00fcste gelegene Gebiet zu einem absoluten Topspot des Europ\u00e4ischen Klettergeschehens.<\/p>\n<ul>\n<li>Angenehme Temperaturen auch im Winter (viele s\u00fcd\/west-seitige Sektoren)<\/li>\n<li>Strandn\u00e4he, das Gebiet liegt direkt am Meer<\/li>\n<li>Generell extrem kurze Anmarschzeiten: Viele Felsen sind in 1-5 Minuten erreichbar<\/li>\n<li>Der Campingplatz El Bahira liegt direkt am Meer unterhalb des gr\u00f6\u00dften Felsriegels. Die ersten Sektoren sind in wenigen Schritten zu Fu\u00df erreichbar<\/li>\n<li>Hervorragende und g\u00fcnstige Flugverbindungen nach Birgi-Trapani oder Palermo<\/li>\n<li>Als besonderer Leckerbissen: Vorstellung des Boulderspots BIG\u00a0CAVE direkt im Klettergebiet<\/li>\n<li><span class=\"txt_wichtig\">Neu: Jahr der Erschlie\u00dfung soweit dieses ermittelt werden konnte<\/span><\/li>\n<li><span class=\"txt_wichtig\">Neu: Symbole f\u00fcr Hakentyp und Materialart<\/span><\/li>\n<li><span class=\"txt_wichtig\">Neu: QR-Codes f\u00fcr die GPS-Koordinaten der Sektoren und der Parkpl\u00e4tze<\/span><\/li>\n<li><span class=\"txt_wichtig\">Einige neue Sektoren und 62 neue Routen<\/span><\/li>\n<li>1280 Sportkletterrouten sowie zahlreiche Mehrseill\u00e4ngenrouten bis 400 m<\/li>\n<\/ul>\n<p>San Vito als Klettergebiet in direkter Meern\u00e4he hat wie alle diese Gebiete mit dem Problem Korrosion durch extrem salzhaltige Umgebung zu k\u00e4mpfen. Um h\u00f6chstm\u00f6gliche Sicherheit zu gew\u00e4hrleisten kommt es sehr stark auf das bei den Bohrhaken verwendete Material an. 2 Faktoren bestimmen stark die Sicherheit: a) Die Zeit sowie b) der verwendete Bohrhakentyp und dessen Material. Deshalb wurde jetzt &#8211; soweit m\u00f6glich &#8211; erstmalig das Datum der Erschlie\u00dfung sowie der verwendete Hakentyp und dessen Material ermittelt, damit eine bestm\u00f6gliche Absch\u00e4tzung der Sicherheit des Materials einer Route m\u00f6glich ist.<\/p>\n<p>9. Auflage \u2022 <span class=\"txt_e\">9<sup>th<\/sup> edition<\/span> \u00a010\/2024<\/p>\n<p><strong>Von der 8. Auflage \u2022 <span class=\"txt_e\">8<sup>th<\/sup> edition<\/span> \u00a001\/2023 haben wir noch ein paar Expl. zum halben Preis:<\/strong><br \/>\n<strong><a href=\"https:\/\/pizbube.ch\/en\/shop\/sicily-rock-sicilia-sport-climbing\/\" target=\"_blank\" rel=\"noopener\">Sicily-Rock \/ Sicilia \u2013 Sport climbing<\/a><\/strong><\/p>\n<p>&nbsp;<\/p>\n<p><span class=\"txt_e\">The area San Vito lo Capo in the north-west of Sicily is one of the best European climbing destinations for the cooler season. Many routes can be reached on foot from the camping and Monte Monaco even offers some multi-pitch climbs up to a length of 400 m.<\/span><\/p>\n<p><span class=\"txt_e\">The moderate climate, the situation close to the sea, cheap flights, the infrastructure of San Vito (beach, supermarkets, restaurants, hotels,&#8230;) and the very well protected and really excellent routes (also in the moderate grades) make this area to a real top-spot of European climbing.<\/span><\/p>\n<ul>\n<li><span class=\"txt_e\">Comfortable temperatures also in winter (many south\/west facing sectors)<\/span><\/li>\n<li><span class=\"txt_e\">Close vicinity to the beach, the area lies directly at the sea<\/span><\/li>\n<li><span class=\"txt_e\">Very short approach times: Many crags can be reached in 1-5 minutes.<\/span><\/li>\n<li><span class=\"txt_e\">The campsite El Bahira lies directly at the coast and below the biggest cliff. The first sectors are only a few steps from the campsite area.<\/span><\/li>\n<li><span class=\"txt_e\">Excellent connections and cheap flights to Birgi-Trapani or Palermo from all over Europe<\/span><\/li>\n<li><span class=\"txt_e\">A special goody: presentation of the boulderspot BIG\u00a0CAVE\u00a0situated directly in the climbing area<\/span><\/li>\n<li><span class=\"txt_wichtig\">New: year of the development if we could get the info<\/span><\/li>\n<li><span class=\"txt_wichtig\">New: symbols for type of bolts and type of material<\/span><\/li>\n<li><span class=\"txt_wichtig\">New: QR-codes for the GPS-coordinates of the sectors and the parkings<\/span><\/li>\n<li><span class=\"txt_wichtig\">Some new sectors and 62 new routes<\/span><\/li>\n<li><span class=\"txt_e\">1280 sport climbing routes and numerous multi-pitch routes up to 400 m<\/span><\/li>\n<\/ul>\n<p>&nbsp;<\/p>\n<p><span class=\"txt_e\">San Vito is a climbing area close to the sea and therefore like all such areas faces the problem of corrosion by extremely salty air. The safety depends a lot on the used material of the bolts. 2 factors have an important effect on the safety: a) the time and b) the used bolt type and its material. Therefore we researched &#8211; if possible &#8211; the year of the development and the used type\/material of the bolts. With this info it&#8217;s a lot better now to estimate the safety of the bolt material of a route.<\/span><\/p>\n<p>9. Auflage \u2022 <span class=\"txt_e\">9<sup>th<\/sup> edition<\/span> \u00a010\/2024<\/p>","protected":false},"excerpt":{"rendered":"<p>Rocca Firriato \u2022 Monte Monaco \u2022 Pizzo Monaco \u2022 Nuova Ossessione \u2022 Cattedrale nel Deserto \u2022 Il Grande Occhio \u2022 Scogliera di Salinella \u2022 Valanga \u2022 Placche di Macari \u2022 Lost World \u2022 Torre Radio Nord \u2022 Grotta Perciata \u2022 Castelluzzo Outdoor Wall \u2022 Crown of Aragon \u2022 Cinema Paradiso \u2022 Custonaci \/ Scurati \u2022 [&#8230;]\n","protected":false},"featured_media":175107,"template":"","meta":[],"product_brand":[],"product_cat":[21539],"product_tag":[27048],"class_list":{"0":"post-175105","1":"product","2":"type-product","3":"status-publish","4":"has-post-thumbnail","6":"product_cat-fuehrerliteratur-sportklettern-bouldern","7":"product_tag-kletterfuehrer-sizilien","8":"pa_autor-oelze-roeker","9":"pa_erscheinungsjahr-27339","10":"pa_region-italien","11":"pa_sprache-de-en-it","13":"first","14":"instock","15":"taxable","16":"shipping-taxable","17":"purchasable","18":"product-type-simple"},"_links":{"self":[{"href":"https:\/\/pizbube.ch\/en\/wp-json\/wp\/v2\/product\/175105","targetHints":{"allow":["GET"]}}],"collection":[{"href":"https:\/\/pizbube.ch\/en\/wp-json\/wp\/v2\/product"}],"about":[{"href":"https:\/\/pizbube.ch\/en\/wp-json\/wp\/v2\/types\/product"}],"wp:featuredmedia":[{"embeddable":true,"href":"https:\/\/pizbube.ch\/en\/wp-json\/wp\/v2\/media\/175107"}],"wp:attachment":[{"href":"https:\/\/pizbube.ch\/en\/wp-json\/wp\/v2\/media?parent=175105"}],"wp:term":[{"taxonomy":"product_brand","embeddable":true,"href":"https:\/\/pizbube.ch\/en\/wp-json\/wp\/v2\/product_brand?post=175105"},{"taxonomy":"product_cat","embeddable":true,"href":"https:\/\/pizbube.ch\/en\/wp-json\/wp\/v2\/product_cat?post=175105"},{"taxonomy":"product_tag","embeddable":true,"href":"https:\/\/pizbube.ch\/en\/wp-json\/wp\/v2\/product_tag?post=175105"}],"curies":[{"name":"wp","href":"https:\/\/api.w.org\/{rel}","templated":true}]}}