{"id":175109,"date":"2024-09-28T11:33:15","date_gmt":"2024-09-28T09:33:15","guid":{"rendered":"https:\/\/pizbube.ch\/?post_type=product&#038;p=175109"},"modified":"2026-04-14T08:58:08","modified_gmt":"2026-04-14T06:58:08","slug":"escalade-annecy-et-environs-falaise-dablon","status":"publish","type":"product","link":"https:\/\/pizbube.ch\/en\/shop\/escalade-annecy-et-environs-falaise-dablon\/","title":{"rendered":"ESCALADE Annecy et environs &#8211; Falaise d&#8217;Ablon"},"content":{"rendered":"<p>Escalade autour du lac &#8211; Falaises d&#8217;Annecy (Edition 2024)<\/p>\n<p>49 Falaises \u2013 Escalade choisie aux environs du lac d\u2019Annecy &#8211; 1919 longueurs<br \/>\ndu 3a au 9a (de quoi vous amuser quelques temps&#8230;)<\/p>\n<p>Ce topo propose la plupart des falaises proches d&#8217;Annecy, de Frangy, et du Plateau des Gli\u00e8res. Il manque quand m\u00eame la falaise des Grandes Suites, ainsi que les falaises de Thiolles. Les sh\u00e9mas sont tr\u00e8s propres, dessin\u00e9s directement sur photo ou bien sous forme de croquis. Il d\u00e9crit \u00e9galement le temps d&#8217;approche, le nombre de longueur avec niveau mini et maxi, l&#8217;orientation, le type d&#8217;\u00e9quipement, le mat\u00e9riel n\u00e9cessaire, l&#8217;altitude et le nom des \u00e9quipeurs. Concernant les voies, les cotations sont dans le texte mais pas sur les croquis (sauf le Biclop). A noter quand m\u00eame un plan global du Biclop avec les cotations, indispensable si on veut arriver \u00e0 s&#8217;y retrouver dans le m\u00e9li-m\u00e9lo de voies trop proches les unes des autres.<\/p>\n<p>C\u00e9l\u00e8bre pour son lac, la r\u00e9gion d`Annecy regorge \u00e9galement de tr\u00e8s beaux sites d`escalade, ce topo 49 Falaises vous aide \u00e0 les d\u00e9couvrir.<\/p>\n<p>Outre son lac, la r\u00e9gion d`Annecy fourmille de sites d`escalade dans un environnement toujours superbe. Ces derni\u00e8res ann\u00e9es les \u00e9quipeurs locaux, toujours tr\u00e8s actifs, ont \u00e9tendu leur terrain de jeu \u00e0 de nouvelles falaises et ouvert de nouvelles voies sur des falaises d\u00e9j\u00e0 existantes. Trac\u00e9s des voies sur croquis et photos. Nombreuses photos d\u2019action. Livre broch\u00e9, souple &#8211; 204 pages.<\/p>\n<p>Sites r\u00e9pertori\u00e9s: Allonzier la Caille, La Balme de Sillingy, Lesvaux, Rampon, Mont Baret, Mont Veyrier, Chapeau de Napol\u00e9on, Rocher des Moillats, Roche de Roux, Lars, Balmettes, P\u00e9rouses, Duingt, Taillefer, Dalle Rousse, Quintal, Eau Vive, Grande Jeanne, Sainte Catherine<\/p>\n<p>Nonglard, Angon, Tours St Jacques, Pont de la Caille, B\u00e9ard, Malpas, Vovray, Chaumont, Pierre Taill\u00e9e, Chapelle, Col des Gli\u00e8res, Commanderie, Ablon, Vorets, Falaise du Bouton,m Roc de Viux, Cons St Colombe, Lanfonnet, Biclop (Talabar)<\/p>\n<p><strong>Von der Auflage 2020 haben wir noch ein paar Expl. zum halben Preis:<br \/>\n<\/strong><strong><a href=\"https:\/\/pizbube.ch\/en\/shop\/escalade-ablon-annecy-et-environs\/\" target=\"_blank\" rel=\"noopener\">ESCALADE Ablon \u2013 Annecy et environs<\/a><\/strong><\/p>\n<p><strong>\u00a0<\/strong><\/p>","protected":false},"excerpt":{"rendered":"<p>Escalade autour du lac &#8211; Falaises d&#8217;Annecy (Edition 2024) 49 Falaises \u2013 Escalade choisie aux environs du lac d\u2019Annecy &#8211; 1919 longueurs du 3a au 9a (de quoi vous amuser quelques temps&#8230;) Ce topo propose la plupart des falaises proches d&#8217;Annecy, de Frangy, et du Plateau des Gli\u00e8res. Il manque quand m\u00eame la falaise des [&#8230;]\n","protected":false},"featured_media":175110,"template":"","meta":[],"product_brand":[],"product_cat":[21539],"product_tag":[],"class_list":{"0":"post-175109","1":"product","2":"type-product","3":"status-publish","4":"has-post-thumbnail","6":"product_cat-fuehrerliteratur-sportklettern-bouldern","7":"pa_autor-durieux","8":"pa_erscheinungsjahr-27339","9":"pa_region-frankreich","10":"pa_sprache-fr-en","12":"first","13":"instock","14":"taxable","15":"shipping-taxable","16":"purchasable","17":"product-type-simple"},"_links":{"self":[{"href":"https:\/\/pizbube.ch\/en\/wp-json\/wp\/v2\/product\/175109","targetHints":{"allow":["GET"]}}],"collection":[{"href":"https:\/\/pizbube.ch\/en\/wp-json\/wp\/v2\/product"}],"about":[{"href":"https:\/\/pizbube.ch\/en\/wp-json\/wp\/v2\/types\/product"}],"wp:featuredmedia":[{"embeddable":true,"href":"https:\/\/pizbube.ch\/en\/wp-json\/wp\/v2\/media\/175110"}],"wp:attachment":[{"href":"https:\/\/pizbube.ch\/en\/wp-json\/wp\/v2\/media?parent=175109"}],"wp:term":[{"taxonomy":"product_brand","embeddable":true,"href":"https:\/\/pizbube.ch\/en\/wp-json\/wp\/v2\/product_brand?post=175109"},{"taxonomy":"product_cat","embeddable":true,"href":"https:\/\/pizbube.ch\/en\/wp-json\/wp\/v2\/product_cat?post=175109"},{"taxonomy":"product_tag","embeddable":true,"href":"https:\/\/pizbube.ch\/en\/wp-json\/wp\/v2\/product_tag?post=175109"}],"curies":[{"name":"wp","href":"https:\/\/api.w.org\/{rel}","templated":true}]}}