{"id":176488,"date":"2024-10-01T11:14:35","date_gmt":"2024-10-01T09:14:35","guid":{"rendered":"https:\/\/pizbube.ch\/?post_type=product&#038;p=176488"},"modified":"2024-10-01T11:18:37","modified_gmt":"2024-10-01T09:18:37","slug":"fernwanderwege-alpen-die-50-attraktivsten-weitwanderwege-in-den-alpen","status":"publish","type":"product","link":"https:\/\/pizbube.ch\/en\/shop\/fernwanderwege-alpen-die-50-attraktivsten-weitwanderwege-in-den-alpen\/","title":{"rendered":"Fernwanderwege Alpen &#8211; Die 50 attraktivsten Weitwanderwege in den Alpen"},"content":{"rendered":"<p><span class=\"sw-acf-field-label label-field_602a570ac9036\">Sie waren schon \u00f6fter in den Alpen, k\u00f6nnen sich aber nicht entscheiden, f\u00fcr welchen Fernwanderweg oder in welchem der acht Alpenl\u00e4nder Sie als n\u00e4chstes die Wanderstiefel schn\u00fcren wollen? Soll es eine kernige Bergwanderung sein, eine kr\u00e4ftezehrende \u201eExpedition\u201c oder doch lieber ein moderater Spaziergang ohne allzu viel Auf und Ab? Mit \u201eFernwanderwege Alpen\u201c wird Ihnen die Entscheidung erleichtert. <\/span><\/p>\n<p><span class=\"sw-acf-field-label label-field_602a570ac9036\">W\u00e4hlen Sie aus 50 attraktiven Wegen zwischen Wienerwald und Mont Blanc, Chiemsee und Mittelmeer, vergleichen Sie \u2013 und entscheiden Sie dann, ob Sie auf einem der vielen, herrlichen H\u00f6henwege wandern oder lieber in idyllischen T\u00e4lern dem rauschenden Wasser folgen wollen, ob Sie P\u00e4sse und Gipfel erklimmen m\u00f6chten, nicht zuletzt auch, ob es auf Ihrer Tour eher alpenl\u00e4ndisch z\u00fcnftig oder mit mediterranen Ankl\u00e4ngen zugehen soll. <\/span><\/p>\n<p><span class=\"sw-acf-field-label label-field_602a570ac9036\">Zu jedem Weg erfahren Sie alles Wichtige zur L\u00e4nge, den Steigungen und den konditionellen Anforderungen, ferner, wie schwierig und technisch anspruchsvoll der Weg ist, vor allem aber, was es unterwegs alles zu sehen und zu erleben gibt. Anschauliche Streckenkarten im Ma\u00dfstab 1:250.000, ein aussagekr\u00e4ftiges H\u00f6hen- und Streckenprofil sowie eine umfassende Darstellung der wichtigsten Eckdaten \u2013 in diesem Buch finden Sie alle wichtigen Informationen zum Thema Fernwanderwege im Alpenraum.<\/span><\/p>\n<p>1. Auflage 2024;<br \/>\n480 <span class=\"append\">Seiten<\/span><\/p>","protected":false},"excerpt":{"rendered":"<p>Sie waren schon \u00f6fter in den Alpen, k\u00f6nnen sich aber nicht entscheiden, f\u00fcr welchen Fernwanderweg oder in welchem der acht Alpenl\u00e4nder Sie als n\u00e4chstes die Wanderstiefel schn\u00fcren wollen? Soll es eine kernige Bergwanderung sein, eine kr\u00e4ftezehrende \u201eExpedition\u201c oder doch lieber ein moderater Spaziergang ohne allzu viel Auf und Ab? Mit \u201eFernwanderwege Alpen\u201c wird Ihnen die [&#8230;]\n","protected":false},"featured_media":176489,"template":"","meta":[],"product_brand":[],"product_cat":[21542,21605],"product_tag":[],"class_list":{"0":"post-176488","1":"product","2":"type-product","3":"status-publish","4":"has-post-thumbnail","6":"product_cat-sachbuecher-dokumentationen","7":"product_cat-wanderfuehrer-trekking","8":"pa_autor-esterbauer-verlag-hrsg","9":"pa_erscheinungsjahr-27339","10":"pa_region-deutschland","11":"pa_region-frankreich","12":"pa_region-italien","13":"pa_region-oesterreich","14":"pa_region-schweiz","15":"pa_sprache-de","17":"first","18":"instock","19":"taxable","20":"shipping-taxable","21":"purchasable","22":"product-type-simple"},"_links":{"self":[{"href":"https:\/\/pizbube.ch\/en\/wp-json\/wp\/v2\/product\/176488","targetHints":{"allow":["GET"]}}],"collection":[{"href":"https:\/\/pizbube.ch\/en\/wp-json\/wp\/v2\/product"}],"about":[{"href":"https:\/\/pizbube.ch\/en\/wp-json\/wp\/v2\/types\/product"}],"wp:featuredmedia":[{"embeddable":true,"href":"https:\/\/pizbube.ch\/en\/wp-json\/wp\/v2\/media\/176489"}],"wp:attachment":[{"href":"https:\/\/pizbube.ch\/en\/wp-json\/wp\/v2\/media?parent=176488"}],"wp:term":[{"taxonomy":"product_brand","embeddable":true,"href":"https:\/\/pizbube.ch\/en\/wp-json\/wp\/v2\/product_brand?post=176488"},{"taxonomy":"product_cat","embeddable":true,"href":"https:\/\/pizbube.ch\/en\/wp-json\/wp\/v2\/product_cat?post=176488"},{"taxonomy":"product_tag","embeddable":true,"href":"https:\/\/pizbube.ch\/en\/wp-json\/wp\/v2\/product_tag?post=176488"}],"curies":[{"name":"wp","href":"https:\/\/api.w.org\/{rel}","templated":true}]}}