{"id":176508,"date":"2024-10-02T09:33:04","date_gmt":"2024-10-02T07:33:04","guid":{"rendered":"https:\/\/pizbube.ch\/?post_type=product&#038;p=176508"},"modified":"2025-04-04T14:27:54","modified_gmt":"2025-04-04T12:27:54","slug":"klettersteige-der-alpen-die-besten-klettersteige-fuer-jede-schwierigkeit","status":"publish","type":"product","link":"https:\/\/pizbube.ch\/en\/shop\/klettersteige-der-alpen-die-besten-klettersteige-fuer-jede-schwierigkeit\/","title":{"rendered":"Klettersteige der Alpen &#8211; Die besten Klettersteige f\u00fcr jede Schwierigkeit"},"content":{"rendered":"<p>Immer den richtigen Klettersteig f\u00fcr die n\u00e4chste Tour finden, egal ob in Deutschland, der Schweiz, \u00d6sterreich oder S\u00fcdtirol!<\/p>\n<p>Es gibt viele \u00bbEisensteige\u00ab in den Alpen, sie zu finden ist nicht immer ganz einfach. In diesem umfangreichen Band gibt der Klettersteig-Papst Eugen H\u00fcsler einen \u00dcberblick \u00fcber die Klettersteige der Alpen.<br \/>\nEin Atlas, der Sie garantiert auf die sch\u00f6nsten Berge bringt. Ob Anf\u00e4nger oder erfahrener Bergsteiger, dieses Buch bietet f\u00fcr jeden das passende Abenteuer und hilft, die Grenzen zu erweitern und unvergessliche Erfahrungen zu sammeln.<\/p>\n<p>650 Klettersteige mit Kurzbeschrieben, <span class=\"value\">detaillierten Schwierigkeitsangaben und Wissenswertem zur Region!<\/span><\/p>\n<p>1. Auflage 2024;<br \/>\n384 Seiten,<\/p>","protected":false},"excerpt":{"rendered":"<p>Immer den richtigen Klettersteig f\u00fcr die n\u00e4chste Tour finden, egal ob in Deutschland, der Schweiz, \u00d6sterreich oder S\u00fcdtirol! Es gibt viele \u00bbEisensteige\u00ab in den Alpen, sie zu finden ist nicht immer ganz einfach. In diesem umfangreichen Band gibt der Klettersteig-Papst Eugen H\u00fcsler einen \u00dcberblick \u00fcber die Klettersteige der Alpen. Ein Atlas, der Sie garantiert auf [&#8230;]\n","protected":false},"featured_media":176509,"template":"","meta":[],"product_brand":[],"product_cat":[21544,21542,21605],"product_tag":[],"class_list":{"0":"post-176508","1":"product","2":"type-product","3":"status-publish","4":"has-post-thumbnail","6":"product_cat-fuehrerliteratur-alpin-sommer","7":"product_cat-sachbuecher-dokumentationen","8":"product_cat-wanderfuehrer-trekking","9":"pa_autor-huesler","10":"pa_erscheinungsjahr-27339","11":"pa_region-deutschland","12":"pa_region-italien","13":"pa_region-oesterreich","14":"pa_region-schweiz","15":"pa_sprache-de","17":"first","18":"instock","19":"taxable","20":"shipping-taxable","21":"purchasable","22":"product-type-simple"},"_links":{"self":[{"href":"https:\/\/pizbube.ch\/en\/wp-json\/wp\/v2\/product\/176508","targetHints":{"allow":["GET"]}}],"collection":[{"href":"https:\/\/pizbube.ch\/en\/wp-json\/wp\/v2\/product"}],"about":[{"href":"https:\/\/pizbube.ch\/en\/wp-json\/wp\/v2\/types\/product"}],"wp:featuredmedia":[{"embeddable":true,"href":"https:\/\/pizbube.ch\/en\/wp-json\/wp\/v2\/media\/176509"}],"wp:attachment":[{"href":"https:\/\/pizbube.ch\/en\/wp-json\/wp\/v2\/media?parent=176508"}],"wp:term":[{"taxonomy":"product_brand","embeddable":true,"href":"https:\/\/pizbube.ch\/en\/wp-json\/wp\/v2\/product_brand?post=176508"},{"taxonomy":"product_cat","embeddable":true,"href":"https:\/\/pizbube.ch\/en\/wp-json\/wp\/v2\/product_cat?post=176508"},{"taxonomy":"product_tag","embeddable":true,"href":"https:\/\/pizbube.ch\/en\/wp-json\/wp\/v2\/product_tag?post=176508"}],"curies":[{"name":"wp","href":"https:\/\/api.w.org\/{rel}","templated":true}]}}