{"id":176553,"date":"2024-10-04T12:20:13","date_gmt":"2024-10-04T10:20:13","guid":{"rendered":"https:\/\/pizbube.ch\/?post_type=product&#038;p=176553"},"modified":"2024-10-04T12:23:10","modified_gmt":"2024-10-04T10:23:10","slug":"quand-les-montagnes-reviennent-de-lalpinisme-aux-livres","status":"publish","type":"product","link":"https:\/\/pizbube.ch\/en\/shop\/quand-les-montagnes-reviennent-de-lalpinisme-aux-livres\/","title":{"rendered":"Quand les montagnes reviennent &#8211; De l&#8217;alpinisme aux livres"},"content":{"rendered":"<p>Christine de Colombel, surnomm\u00e9e &#171;Miss Butterfly&#187; par le c\u00e9l\u00e8bre alpiniste polonais Yurek Kukuczka, incarne un m\u00e9lange exceptionnel d&#8217;amateurisme et de professionnalisme en tant qu&#8217;alpiniste, himalayiste, journaliste et \u00e9ditrice. En cinquante ans d&#8217;aventures audacieuses, Christine m\u00eale r\u00e9cits factuels palpitants et historiques, mettant en avant la vie et la culture des habitants des contr\u00e9es qu&#8217;elle explore.<\/p>\n<p>Curieuse, ind\u00e9pendante et libre d&#8217;esprit elle privil\u00e9gie l&#8217;aventure, l&#8217;inconnu qui la m\u00e8nent souvent dans des situations extr\u00eames. Un itin\u00e9raire de vie qu\u2019elle a r\u00e9ussi \u00e0 mener doublement entre sa passion de l&#8217;alpinisme et son m\u00e9tier d&#8217;\u00e9ditrice.<\/p>\n<p>Broch\u00e9 14 x 20,5 cm<br \/>\n324 pages &#8211; 30 photos<\/p>","protected":false},"excerpt":{"rendered":"<p>Christine de Colombel, surnomm\u00e9e &#171;Miss Butterfly&#187; par le c\u00e9l\u00e8bre alpiniste polonais Yurek Kukuczka, incarne un m\u00e9lange exceptionnel d&#8217;amateurisme et de professionnalisme en tant qu&#8217;alpiniste, himalayiste, journaliste et \u00e9ditrice. En cinquante ans d&#8217;aventures audacieuses, Christine m\u00eale r\u00e9cits factuels palpitants et historiques, mettant en avant la vie et la culture des habitants des contr\u00e9es qu&#8217;elle explore. Curieuse, [&#8230;]\n","protected":false},"featured_media":176554,"template":"","meta":[],"product_brand":[],"product_cat":[21629,21542],"product_tag":[],"class_list":{"0":"post-176553","1":"product","2":"type-product","3":"status-publish","4":"has-post-thumbnail","6":"product_cat-belletristik","7":"product_cat-sachbuecher-dokumentationen","8":"pa_autor-de-colombel","9":"pa_erscheinungsjahr-27339","10":"pa_region-asien","11":"pa_region-frankreich","12":"pa_sprache-fr","14":"first","15":"instock","16":"taxable","17":"shipping-taxable","18":"purchasable","19":"product-type-simple"},"_links":{"self":[{"href":"https:\/\/pizbube.ch\/en\/wp-json\/wp\/v2\/product\/176553","targetHints":{"allow":["GET"]}}],"collection":[{"href":"https:\/\/pizbube.ch\/en\/wp-json\/wp\/v2\/product"}],"about":[{"href":"https:\/\/pizbube.ch\/en\/wp-json\/wp\/v2\/types\/product"}],"wp:featuredmedia":[{"embeddable":true,"href":"https:\/\/pizbube.ch\/en\/wp-json\/wp\/v2\/media\/176554"}],"wp:attachment":[{"href":"https:\/\/pizbube.ch\/en\/wp-json\/wp\/v2\/media?parent=176553"}],"wp:term":[{"taxonomy":"product_brand","embeddable":true,"href":"https:\/\/pizbube.ch\/en\/wp-json\/wp\/v2\/product_brand?post=176553"},{"taxonomy":"product_cat","embeddable":true,"href":"https:\/\/pizbube.ch\/en\/wp-json\/wp\/v2\/product_cat?post=176553"},{"taxonomy":"product_tag","embeddable":true,"href":"https:\/\/pizbube.ch\/en\/wp-json\/wp\/v2\/product_tag?post=176553"}],"curies":[{"name":"wp","href":"https:\/\/api.w.org\/{rel}","templated":true}]}}