{"id":176557,"date":"2024-10-04T12:37:57","date_gmt":"2024-10-04T10:37:57","guid":{"rendered":"https:\/\/pizbube.ch\/?post_type=product&#038;p=176557"},"modified":"2024-10-04T12:40:44","modified_gmt":"2024-10-04T10:40:44","slug":"singende-seile-die-seilbahnlandschaft-des-urner-schaechentals","status":"publish","type":"product","link":"https:\/\/pizbube.ch\/en\/shop\/singende-seile-die-seilbahnlandschaft-des-urner-schaechentals\/","title":{"rendered":"Singende Seile &#8211; Die Seilbahnlandschaft des Urner Sch\u00e4chentals"},"content":{"rendered":"<p>Wie klingt eine Seilbahn?\u00a0Die Menschen an den steilen H\u00e4ngen im Urner Sch\u00e4chental reagieren auf diese Frage nicht \u00fcberrascht, sondern fangen an zu erz\u00e4hlen: vom Wind, der an den Seilen r\u00fcttelt, vom Knarren der alten \u00abSchiffli\u00bb und von den Rhythmen und Zyklen ihres Lebens, wo sie ihre Bahn sicher und multifunktionell begleitet.<\/p>\n<p>Und dann ist da noch dieses \u00abSingen\u00bb der Seile, das man oft nachts oder vor Wetterwechseln h\u00f6rt, obwohl die Bahn stillsteht&#8230;<\/p>\n<p>224 Seiten, Brosch\u00fcre, vierfarbig, fadengeheftet.<\/p>","protected":false},"excerpt":{"rendered":"<p>Wie klingt eine Seilbahn?\u00a0Die Menschen an den steilen H\u00e4ngen im Urner Sch\u00e4chental reagieren auf diese Frage nicht \u00fcberrascht, sondern fangen an zu erz\u00e4hlen: vom Wind, der an den Seilen r\u00fcttelt, vom Knarren der alten \u00abSchiffli\u00bb und von den Rhythmen und Zyklen ihres Lebens, wo sie ihre Bahn sicher und multifunktionell begleitet. Und dann ist da [&#8230;]\n","protected":false},"featured_media":176558,"template":"","meta":[],"product_brand":[],"product_cat":[21580,21542],"product_tag":[],"class_list":{"0":"post-176557","1":"product","2":"type-product","3":"status-publish","4":"has-post-thumbnail","6":"product_cat-kunst-kultur","7":"product_cat-sachbuecher-dokumentationen","8":"pa_autor-michel-roth-und-romed-aschwanden","9":"pa_erscheinungsjahr-27129","10":"pa_region-schweiz","11":"pa_sprache-de","13":"first","14":"instock","15":"taxable","16":"shipping-taxable","17":"purchasable","18":"product-type-simple"},"_links":{"self":[{"href":"https:\/\/pizbube.ch\/en\/wp-json\/wp\/v2\/product\/176557","targetHints":{"allow":["GET"]}}],"collection":[{"href":"https:\/\/pizbube.ch\/en\/wp-json\/wp\/v2\/product"}],"about":[{"href":"https:\/\/pizbube.ch\/en\/wp-json\/wp\/v2\/types\/product"}],"wp:featuredmedia":[{"embeddable":true,"href":"https:\/\/pizbube.ch\/en\/wp-json\/wp\/v2\/media\/176558"}],"wp:attachment":[{"href":"https:\/\/pizbube.ch\/en\/wp-json\/wp\/v2\/media?parent=176557"}],"wp:term":[{"taxonomy":"product_brand","embeddable":true,"href":"https:\/\/pizbube.ch\/en\/wp-json\/wp\/v2\/product_brand?post=176557"},{"taxonomy":"product_cat","embeddable":true,"href":"https:\/\/pizbube.ch\/en\/wp-json\/wp\/v2\/product_cat?post=176557"},{"taxonomy":"product_tag","embeddable":true,"href":"https:\/\/pizbube.ch\/en\/wp-json\/wp\/v2\/product_tag?post=176557"}],"curies":[{"name":"wp","href":"https:\/\/api.w.org\/{rel}","templated":true}]}}