{"id":176611,"date":"2024-10-08T11:19:25","date_gmt":"2024-10-08T09:19:25","guid":{"rendered":"https:\/\/pizbube.ch\/?post_type=product&#038;p=176611"},"modified":"2024-10-08T11:29:00","modified_gmt":"2024-10-08T09:29:00","slug":"deep-water-solo-en-provence-et-cote-dazur","status":"publish","type":"product","link":"https:\/\/pizbube.ch\/en\/shop\/deep-water-solo-en-provence-et-cote-dazur\/","title":{"rendered":"Deep Water Solo en Provence et C\u00f4te d&#8217;Azur"},"content":{"rendered":"<p>De Marseille \u00e0 Nice, ce topo-guide pr\u00e9sente une s\u00e9lection de sites maritimes adapt\u00e9s \u00e0 la pratique de l\u2019escalade en solo au-dessus de l\u2019eau\u2009: le psicobloc ou deep water solo.<\/p>\n<p>Partez \u00e0 la d\u00e9couverte de cette activit\u00e9 ludique et accessible \u00e0 tous, d\u00e9butants ou confirm\u00e9s. Ce guide d\u00e9taille pour chacun des 38 sites, les acc\u00e8s, l\u2019historique et la topographie. Il pr\u00e9sente \u00e9galement, sous forme de photos l\u00e9gend\u00e9es, les trac\u00e9s et les cotations de la plupart des lignes r\u00e9pertori\u00e9es \u00e0 ce jour dans chacun des sites. Et dans cette deuxi\u00e8me \u00e9dition, retrouvez toutes les informations mises \u00e0 jour et de nouvelles voies \u00e0 explorer\u2009!<\/p>\n<p>Bonne grimpe les pieds dans l\u2019eau\u2009!<\/p>\n<p>Spots r\u00e9pertori\u00e9s\u2009: C\u00f4te Bleue, Marseille, Calanques, La Ciotat, Port d\u2019Alon, l\u2019anse de San Peyre, la presqu\u2019\u00eele de Giens, l\u2019\u00eele de Porquerolles, le massif de l\u2019Est\u00e9rel, et enfin Nice et sa Rivi\u00e9ra.<\/p>\n<p>Les auteurs : Nicholas Armstrong et Olivier du Chastel, membres du Club alpin fran\u00e7ais de Marseille Provence et initiateurs dipl\u00f4m\u00e9s de la FFCAM, se sont rencontr\u00e9s sur les parois des Calanques. C\u2019est de leur pratique partag\u00e9e de l\u2019escalade en grandes voies et au-dessus de l\u2019eau, ainsi que de leur fort attrait pour les Calanques et alentours, qu\u2019est n\u00e9 ce projet de topoguide et de r\u00e9f\u00e9rencement des principales lignes de Deep Water Soloing sur la c\u00f4te proven\u00e7ale. F\u00e9lix Coxwell, fort de son exp\u00e9rience en psicobloc, a rejoint l\u2019aventure pour partager les plus belles lignes de la C\u00f4te d\u2019Azur.<\/p>\n<p>&nbsp;<\/p>\n<p>Topo Guidebook for Deep Water Soloing in the Provence and C\u00f4te d&#8217;Azur:<br \/>\nThe following spots are described:\u2009:<br \/>\n\u2022 C\u00f4te Bleue<br \/>\n\u2022 Marseille<br \/>\n\u2022 Les Calanques<br \/>\n\u2022\u00a0La Ciotat<br \/>\n\u2022\u00a0Port d\u2019Alon<br \/>\n\u2022\u00a0Toulon<br \/>\n\u2022\u00a0Presqu\u2019\u00eele de Giens<br \/>\n\u2022\u00a0Porquerolles<br \/>\n\u2022\u00a0Massif de l\u2019Est\u00e9rel<br \/>\n\u2022\u00a0Th\u00e9oule<br \/>\n\u2022\u00a0Antibes<br \/>\n\u2022\u00a0Nice<br \/>\n\u2022\u00a0Beaulieu<br \/>\n\u2022\u00a0La Mala<\/p>\n<p>381 pages<\/p>","protected":false},"excerpt":{"rendered":"<p>De Marseille \u00e0 Nice, ce topo-guide pr\u00e9sente une s\u00e9lection de sites maritimes adapt\u00e9s \u00e0 la pratique de l\u2019escalade en solo au-dessus de l\u2019eau\u2009: le psicobloc ou deep water solo. Partez \u00e0 la d\u00e9couverte de cette activit\u00e9 ludique et accessible \u00e0 tous, d\u00e9butants ou confirm\u00e9s. Ce guide d\u00e9taille pour chacun des 38 sites, les acc\u00e8s, l\u2019historique [&#8230;]\n","protected":false},"featured_media":176612,"template":"","meta":[],"product_brand":[],"product_cat":[21539],"product_tag":[],"class_list":{"0":"post-176611","1":"product","2":"type-product","3":"status-publish","4":"has-post-thumbnail","6":"product_cat-fuehrerliteratur-sportklettern-bouldern","7":"pa_autor-armstrong-du-chastel","8":"pa_erscheinungsjahr-27339","9":"pa_region-frankreich","10":"pa_sprache-fr-en-2","12":"first","13":"instock","14":"taxable","15":"shipping-taxable","16":"purchasable","17":"product-type-simple"},"_links":{"self":[{"href":"https:\/\/pizbube.ch\/en\/wp-json\/wp\/v2\/product\/176611","targetHints":{"allow":["GET"]}}],"collection":[{"href":"https:\/\/pizbube.ch\/en\/wp-json\/wp\/v2\/product"}],"about":[{"href":"https:\/\/pizbube.ch\/en\/wp-json\/wp\/v2\/types\/product"}],"wp:featuredmedia":[{"embeddable":true,"href":"https:\/\/pizbube.ch\/en\/wp-json\/wp\/v2\/media\/176612"}],"wp:attachment":[{"href":"https:\/\/pizbube.ch\/en\/wp-json\/wp\/v2\/media?parent=176611"}],"wp:term":[{"taxonomy":"product_brand","embeddable":true,"href":"https:\/\/pizbube.ch\/en\/wp-json\/wp\/v2\/product_brand?post=176611"},{"taxonomy":"product_cat","embeddable":true,"href":"https:\/\/pizbube.ch\/en\/wp-json\/wp\/v2\/product_cat?post=176611"},{"taxonomy":"product_tag","embeddable":true,"href":"https:\/\/pizbube.ch\/en\/wp-json\/wp\/v2\/product_tag?post=176611"}],"curies":[{"name":"wp","href":"https:\/\/api.w.org\/{rel}","templated":true}]}}