{"id":176637,"date":"2024-10-09T11:43:25","date_gmt":"2024-10-09T09:43:25","guid":{"rendered":"https:\/\/pizbube.ch\/?post_type=product&#038;p=176637"},"modified":"2024-10-09T11:46:50","modified_gmt":"2024-10-09T09:46:50","slug":"charlotte-perriand-la-montagne-inspiree","status":"publish","type":"product","link":"https:\/\/pizbube.ch\/en\/shop\/charlotte-perriand-la-montagne-inspiree\/","title":{"rendered":"Charlotte Perriand &#8211; La montagne inspir\u00e9e"},"content":{"rendered":"<p>Charlotte Perriand est une ic\u00f4ne du design \u00e0 l\u2019image de son c\u00e9l\u00e8bre tabouret de berger. Visionnaire, elle inventa un nouvel art d\u2019habiter au XXe si\u00e8cle : des formes, des meubles, des espaces salu\u00e9s dans le monde entier, qu\u2019elle con\u00e7ut dans l\u2019atelier de Le Corbusier puis seule, contre vents et mar\u00e9es, et jusqu\u2019au Japon. Mais c\u2019est dans la nature et en montagne que cette cr\u00e9atrice surdou\u00e9e trouvait son inspiration, enfant fascin\u00e9e par les glaciers sur l\u2019horizon, skieuse passionn\u00e9e, alpiniste audacieuse, randonneuse curieuse de rencontrer les cr\u00e9ateurs des villages et des alpages.<\/p>\n<p>Pascale Nivelle a puis\u00e9 dans son exceptionnelle collection de photos pour raconter la vie d\u2019une femme engag\u00e9e, joyeuse, pour qui la montagne \u00e9tait une perp\u00e9tuelle \u00ab re-cr\u00e9ation \u00bb.<\/p>\n<p>224 pages, 23 x 23 cm<br \/>\n1. \u00e9dition 2024<\/p>","protected":false},"excerpt":{"rendered":"<p>Charlotte Perriand est une ic\u00f4ne du design \u00e0 l\u2019image de son c\u00e9l\u00e8bre tabouret de berger. Visionnaire, elle inventa un nouvel art d\u2019habiter au XXe si\u00e8cle : des formes, des meubles, des espaces salu\u00e9s dans le monde entier, qu\u2019elle con\u00e7ut dans l\u2019atelier de Le Corbusier puis seule, contre vents et mar\u00e9es, et jusqu\u2019au Japon. Mais c\u2019est [&#8230;]\n","protected":false},"featured_media":176638,"template":"","meta":[],"product_brand":[],"product_cat":[21580,21542],"product_tag":[],"class_list":{"0":"post-176637","1":"product","2":"type-product","3":"status-publish","4":"has-post-thumbnail","6":"product_cat-kunst-kultur","7":"product_cat-sachbuecher-dokumentationen","8":"pa_autor-nivelle","9":"pa_erscheinungsjahr-27339","10":"pa_region-frankreich","11":"pa_sprache-fr","13":"first","14":"instock","15":"taxable","16":"shipping-taxable","17":"purchasable","18":"product-type-simple"},"_links":{"self":[{"href":"https:\/\/pizbube.ch\/en\/wp-json\/wp\/v2\/product\/176637","targetHints":{"allow":["GET"]}}],"collection":[{"href":"https:\/\/pizbube.ch\/en\/wp-json\/wp\/v2\/product"}],"about":[{"href":"https:\/\/pizbube.ch\/en\/wp-json\/wp\/v2\/types\/product"}],"wp:featuredmedia":[{"embeddable":true,"href":"https:\/\/pizbube.ch\/en\/wp-json\/wp\/v2\/media\/176638"}],"wp:attachment":[{"href":"https:\/\/pizbube.ch\/en\/wp-json\/wp\/v2\/media?parent=176637"}],"wp:term":[{"taxonomy":"product_brand","embeddable":true,"href":"https:\/\/pizbube.ch\/en\/wp-json\/wp\/v2\/product_brand?post=176637"},{"taxonomy":"product_cat","embeddable":true,"href":"https:\/\/pizbube.ch\/en\/wp-json\/wp\/v2\/product_cat?post=176637"},{"taxonomy":"product_tag","embeddable":true,"href":"https:\/\/pizbube.ch\/en\/wp-json\/wp\/v2\/product_tag?post=176637"}],"curies":[{"name":"wp","href":"https:\/\/api.w.org\/{rel}","templated":true}]}}